{"id":793,"date":"2014-12-14T18:36:04","date_gmt":"2014-12-14T18:36:04","guid":{"rendered":"http:\/\/maison-broche-clos-neuf.com\/?page_id=793"},"modified":"2016-12-16T11:42:47","modified_gmt":"2016-12-16T11:42:47","slug":"buchen","status":"publish","type":"page","link":"http:\/\/maisonbroche.com\/de\/buchen\/","title":{"rendered":"Buchen"},"content":{"rendered":"<p>[et_pb_section admin_label=&#8221;Section&#8221; fullwidth=&#8221;off&#8221; specialty=&#8221;off&#8221; transparent_background=&#8221;off&#8221; background_color=&#8221;#9480bb&#8221; allow_player_pause=&#8221;off&#8221; inner_shadow=&#8221;off&#8221; parallax=&#8221;off&#8221; parallax_method=&#8221;off&#8221; padding_mobile=&#8221;off&#8221; make_fullwidth=&#8221;off&#8221; use_custom_width=&#8221;off&#8221; width_unit=&#8221;on&#8221; make_equal=&#8221;off&#8221; use_custom_gutter=&#8221;off&#8221; custom_padding=&#8221;0px||0px|&#8221;][et_pb_row admin_label=&#8221;Row&#8221; make_fullwidth=&#8221;on&#8221; use_custom_width=&#8221;off&#8221; width_unit=&#8221;on&#8221; use_custom_gutter=&#8221;off&#8221; padding_mobile=&#8221;off&#8221; background_color=&#8221;#9480bb&#8221; allow_player_pause=&#8221;off&#8221; parallax=&#8221;off&#8221; parallax_method=&#8221;off&#8221; make_equal=&#8221;off&#8221; parallax_1=&#8221;off&#8221; parallax_method_1=&#8221;off&#8221; column_padding_mobile=&#8221;on&#8221; custom_padding=&#8221;5px||5px|&#8221;][et_pb_column type=&#8221;4_4&#8243;][et_pb_text admin_label=&#8221;Buchen&#8221; background_layout=&#8221;dark&#8221; text_orientation=&#8221;center&#8221; use_border_color=&#8221;off&#8221; border_color=&#8221;#ffffff&#8221; border_style=&#8221;solid&#8221;]<\/p>\n<h1>Buchen<\/h1>\n<p>[\/et_pb_text][\/et_pb_column][\/et_pb_row][\/et_pb_section][et_pb_section admin_label=&#8221;Section&#8221; fullwidth=&#8221;off&#8221; specialty=&#8221;on&#8221;][et_pb_column type=&#8221;3_4&#8243; specialty_columns=&#8221;3&#8243;][et_pb_row_inner admin_label=&#8221;Row&#8221;][et_pb_column_inner type=&#8221;4_4&#8243; saved_specialty_column_type=&#8221;3_4&#8243;][et_pb_text admin_label=&#8221;Text&#8221; background_layout=&#8221;light&#8221; text_orientation=&#8221;left&#8221; use_border_color=&#8221;off&#8221; border_color=&#8221;#ffffff&#8221; border_style=&#8221;solid&#8221;]<\/p>\n<h1>Buchen Sie bei uns<\/h1>\n<h1><img loading=\"lazy\" class=\"wp-image-2511 size-medium alignleft\" src=\"http:\/\/maisonbroche.com\/wp-content\/uploads\/2016\/12\/Lavender-hanging-UZES-300x206.jpg\" width=\"300\" height=\"206\" srcset=\"http:\/\/maisonbroche.com\/wp-content\/uploads\/2016\/12\/Lavender-hanging-UZES-300x206.jpg 300w, http:\/\/maisonbroche.com\/wp-content\/uploads\/2016\/12\/Lavender-hanging-UZES-768x527.jpg 768w, http:\/\/maisonbroche.com\/wp-content\/uploads\/2016\/12\/Lavender-hanging-UZES-100x69.jpg 100w, http:\/\/maisonbroche.com\/wp-content\/uploads\/2016\/12\/Lavender-hanging-UZES-700x480.jpg 700w, http:\/\/maisonbroche.com\/wp-content\/uploads\/2016\/12\/Lavender-hanging-UZES.jpg 940w\" sizes=\"(max-width: 300px) 100vw, 300px\" \/><\/h1>\n<p>Buchen Sie bei uns! Das Leben hier in S\u00fcdfrankreich ist einfach wunderbar mit seinem Klima und all seinen Ger\u00fcchen.\u00a0\u00dcber den Wochenmarkt zu schlendern und eine Kleinigkeit einzukaufen, um dann bei einer Tasse Kaffee das Treiben zu beobachten, gibt einem viel Kraft und Ruhe. Gutes Essen, leckere Weine, verschiedenste Kultur- und Sportprogramme und einladende Ausfl\u00fcge in die Natur. Hier in den Weinfeldern der\u00a0C\u00f4tes du Rh\u00f4ne au\u00dferhalb von Cornillon ist f\u00fcr jede\u00a0Altersgruppe etwas dabei. Entdecken Sie mit der ganzen Familie \u00a0im \u201cVall\u00e9e de la C\u00e8ze\u201d in der \u201cGard\u201d Region die unz\u00e4hligen M\u00f6glichkeiten des\u00a0franz\u00f6sischen Lebensstils.<\/p>\n<p>Wir sind besonders hundefreundlich und wir freuen uns, wenn unsere G\u00e4ste ihre Hunde und Haustiere mit zu uns in den Urlaub nehmen. Als Hundebesitzer wissen wir wie schwer es mitunter sein kann, eine passende Unterkunft zu finden. Daher gehen wir mit guten Beispiel voran und geben unser Bestes die perfekte Unterkunft f\u00fcr Sie und Ihr Haustier anbieten zu k\u00f6nnen. Wir w\u00fcrden uns sehr freuen Sie als G\u00e4ste willkommen zu hei\u00dfen.<\/p>\n<h2>Bitte f\u00fcllen Sie das folgende Buchungsformular aus.<\/h2>\n<p>Es dauert nur eine kurze Zeit. Wir werden daraufhin mit Ihnen in Kontakt treten und Sie \u00fcber unsere\u00a0Verf\u00fcgbarkeit informieren.<\/p>\n<hr \/>\n\n\t<!-- Advanced Booking Calendar Booking Form - https:\/\/booking-calendar-plugin.com -->\n\t\n\t<div id=\"abc-form-wrapper\">\n\t\t<img alt=\"Lade...\" src=\"http:\/\/maisonbroche.com\/wp-admin\/images\/wpspin_light.gif\" align=\"middle\" class=\"waiting\" id=\"abc_bookinform_loading\" style=\"display:none\" \/>\n\t\t<div id=\"abc-form-content\">\n\t\t\t<div class=\"abc-column\">\n\t\t\t\t<form class=\"abc-form\"  method=\"post\">\n\t\t\t\t\t<label for=\"abc-from\">Anreise<\/label>\n\t\t\t\t\t<div class=\"abc-input-fa\">\n\t\t\t\t\t\t<span class=\"fa fa-calendar\"><\/span>\n\t\t\t\t\t\t<input id=\"abc-from\" name=\"abc-from\" class=\"abc-from\" readonly=\"true\" value=\"\">\n\t\t\t\t\t<\/div>\n\t\t\t\t\t<label for=\"abc-to\">Abreise<\/label>\n\t\t\t\t\t<div class=\"abc-input-fa\">\n\t\t\t\t\t\t<span class=\"fa fa-calendar\"><\/span>\n\t\t\t\t\t\t<input id=\"abc-to\" name=\"abc-to\" class=\"abc-to\" readonly=\"true\" value=\"\">\n\t\t\t\t\t<\/div>\n\t\t\t<\/div>\n\t\t\t<div class=\"abc-column abc-form\">\n\t\t\t\t\t<label for=\"abc-persons\">Personen<\/label>\n\t\t\t\t\t<div class=\"abc-input-fa\">\n\t\t\t\t\t\t<span class=\"fa fa-female abc-guest1\"><\/span>\n\t\t\t\t\t\t<span class=\"fa fa-male abc-guest2\"><\/span>\n\t\t\t\t\t\t<select id=\"abc-persons\" name=\"abc-persons\">\n\t\t\t\t\t\t\t<option value=\"1\" selected>1<\/option><option value=\"2\">2<\/option><option value=\"3\">3<\/option><option value=\"4\">4<\/option><option value=\"5\">5<\/option><option value=\"6\">6<\/option><option value=\"7\">7<\/option><option value=\"8\">8<\/option><option value=\"9\">9<\/option><option value=\"10\">10<\/option>\n\t\t\t\t\t\t<\/select>\n\t\t\t\t\t<\/div>\n\t\t\t\t\t<input id=\"abcPostTrigger\" type=\"hidden\" name=\"abcPostTrigger\" value=\"0\">\n\t\t\t\t\t<input id=\"abcPostCalendarId\" type=\"hidden\" name=\"abcPostCalendarId\" value=\"0\">\n\t\t\t\t<\/form>\n\t\t\t<\/div>\n\t\t\t<div class=\"abc-form-row\">\n\t\t\t\t<button class=\"abc-submit\" id=\"abc-check-availabilities\"><span id=\"abc-submit-button\" class=\"abc-submit-text\">Verf\u00fcgbarkeiten pr\u00fcfen<\/span><span class=\"abc-submit-loading\" \/>Lade...<\/span><\/button>\n\t\t\t\t<button class=\"abc-submit\" id=\"abc-back-to-availabilities\" style=\"display: none;\"><span class=\"abc-submit-text\">Bearbeiten<\/span><\/button>\n\t\t\t<\/div>\n\n\t\t\t<div id=\"abc-bookingresults\"><\/div>\n\t\t<\/div>\n\t<\/div>\n\t\t\n<p>[\/et_pb_text][\/et_pb_column_inner][\/et_pb_row_inner][\/et_pb_column][et_pb_column type=&#8221;1_4&#8243;][et_pb_sidebar admin_label=&#8221;Sidebar&#8221; orientation=&#8221;left&#8221; area=&#8221;et_pb_widget_area_4&#8243; background_layout=&#8221;light&#8221; remove_border=&#8221;off&#8221;] [\/et_pb_sidebar][\/et_pb_column][\/et_pb_section]<\/p>\n","protected":false},"excerpt":{"rendered":"<p>[et_pb_section admin_label=&#8221;Section&#8221; fullwidth=&#8221;off&#8221; specialty=&#8221;off&#8221; transparent_background=&#8221;off&#8221; background_color=&#8221;#9480bb&#8221; allow_player_pause=&#8221;off&#8221; inner_shadow=&#8221;off&#8221; parallax=&#8221;off&#8221; parallax_method=&#8221;off&#8221; padding_mobile=&#8221;off&#8221; make_fullwidth=&#8221;off&#8221; use_custom_width=&#8221;off&#8221; width_unit=&#8221;on&#8221; make_equal=&#8221;off&#8221; use_custom_gutter=&#8221;off&#8221; custom_padding=&#8221;0px||0px|&#8221;][et_pb_row admin_label=&#8221;Row&#8221; make_fullwidth=&#8221;on&#8221; use_custom_width=&#8221;off&#8221; width_unit=&#8221;on&#8221; use_custom_gutter=&#8221;off&#8221; padding_mobile=&#8221;off&#8221; background_color=&#8221;#9480bb&#8221; allow_player_pause=&#8221;off&#8221; parallax=&#8221;off&#8221; parallax_method=&#8221;off&#8221; make_equal=&#8221;off&#8221; parallax_1=&#8221;off&#8221; parallax_method_1=&#8221;off&#8221; column_padding_mobile=&#8221;on&#8221; custom_padding=&#8221;5px||5px|&#8221;][et_pb_column type=&#8221;4_4&#8243;][et_pb_text admin_label=&#8221;Buchen&#8221; background_layout=&#8221;dark&#8221; text_orientation=&#8221;center&#8221; use_border_color=&#8221;off&#8221; border_color=&#8221;#ffffff&#8221; border_style=&#8221;solid&#8221;] Buchen [\/et_pb_text][\/et_pb_column][\/et_pb_row][\/et_pb_section][et_pb_section admin_label=&#8221;Section&#8221; fullwidth=&#8221;off&#8221; specialty=&#8221;on&#8221;][et_pb_column type=&#8221;3_4&#8243; specialty_columns=&#8221;3&#8243;][et_pb_row_inner admin_label=&#8221;Row&#8221;][et_pb_column_inner type=&#8221;4_4&#8243; saved_specialty_column_type=&#8221;3_4&#8243;][et_pb_text admin_label=&#8221;Text&#8221; background_layout=&#8221;light&#8221; text_orientation=&#8221;left&#8221; use_border_color=&#8221;off&#8221; border_color=&#8221;#ffffff&#8221; border_style=&#8221;solid&#8221;] [&hellip;]<\/p>\n","protected":false},"author":1,"featured_media":0,"parent":0,"menu_order":0,"comment_status":"closed","ping_status":"closed","template":"","meta":{"_price":"","_stock":"","_tribe_ticket_header":"","_tribe_default_ticket_provider":"","_tribe_ticket_capacity":"0","_ticket_start_date":"","_ticket_end_date":"","_tribe_ticket_show_description":"","_tribe_ticket_show_not_going":false,"_tribe_ticket_use_global_stock":"","_tribe_ticket_global_stock_level":"","_global_stock_mode":"","_global_stock_cap":"","_tribe_rsvp_for_event":"","_tribe_ticket_going_count":"","_tribe_ticket_not_going_count":"","_tribe_tickets_list":[],"_tribe_ticket_has_attendee_info_fields":false},"_links":{"self":[{"href":"http:\/\/maisonbroche.com\/de\/wp-json\/wp\/v2\/pages\/793"}],"collection":[{"href":"http:\/\/maisonbroche.com\/de\/wp-json\/wp\/v2\/pages"}],"about":[{"href":"http:\/\/maisonbroche.com\/de\/wp-json\/wp\/v2\/types\/page"}],"author":[{"embeddable":true,"href":"http:\/\/maisonbroche.com\/de\/wp-json\/wp\/v2\/users\/1"}],"replies":[{"embeddable":true,"href":"http:\/\/maisonbroche.com\/de\/wp-json\/wp\/v2\/comments?post=793"}],"version-history":[{"count":5,"href":"http:\/\/maisonbroche.com\/de\/wp-json\/wp\/v2\/pages\/793\/revisions"}],"predecessor-version":[{"id":3052,"href":"http:\/\/maisonbroche.com\/de\/wp-json\/wp\/v2\/pages\/793\/revisions\/3052"}],"wp:attachment":[{"href":"http:\/\/maisonbroche.com\/de\/wp-json\/wp\/v2\/media?parent=793"}],"curies":[{"name":"wp","href":"https:\/\/api.w.org\/{rel}","templated":true}]}}