{"id":711,"date":"2014-12-09T17:26:13","date_gmt":"2014-12-09T17:26:13","guid":{"rendered":"http:\/\/maison-broche-clos-neuf.com\/?page_id=711"},"modified":"2017-01-04T13:43:41","modified_gmt":"2017-01-04T13:43:41","slug":"ferienhauser-2","status":"publish","type":"page","link":"http:\/\/maisonbroche.com\/de\/ferienhauser-2\/","title":{"rendered":"Ferienh\u00e4user"},"content":{"rendered":"<p>[et_pb_section admin_label=&#8221;Section&#8221; fullwidth=&#8221;off&#8221; specialty=&#8221;off&#8221; transparent_background=&#8221;off&#8221; background_color=&#8221;#9480bb&#8221; allow_player_pause=&#8221;off&#8221; inner_shadow=&#8221;off&#8221; parallax=&#8221;off&#8221; parallax_method=&#8221;off&#8221; padding_mobile=&#8221;off&#8221; make_fullwidth=&#8221;off&#8221; use_custom_width=&#8221;off&#8221; width_unit=&#8221;on&#8221; make_equal=&#8221;off&#8221; use_custom_gutter=&#8221;off&#8221; custom_padding=&#8221;0px||0px|&#8221;][et_pb_row admin_label=&#8221;Row&#8221; make_fullwidth=&#8221;on&#8221; use_custom_width=&#8221;off&#8221; width_unit=&#8221;on&#8221; use_custom_gutter=&#8221;off&#8221; padding_mobile=&#8221;off&#8221; background_color=&#8221;#9480bb&#8221; allow_player_pause=&#8221;off&#8221; parallax=&#8221;off&#8221; parallax_method=&#8221;off&#8221; make_equal=&#8221;off&#8221; parallax_1=&#8221;off&#8221; parallax_method_1=&#8221;off&#8221; column_padding_mobile=&#8221;on&#8221; custom_padding=&#8221;5px||5px|&#8221;][et_pb_column type=&#8221;4_4&#8243;][et_pb_text admin_label=&#8221;Holiday Homes&#8221; background_layout=&#8221;dark&#8221; text_orientation=&#8221;center&#8221; use_border_color=&#8221;off&#8221; border_color=&#8221;#ffffff&#8221; border_style=&#8221;solid&#8221;]<\/p>\n<h1>Ferienh\u00e4user<\/h1>\n<p>[\/et_pb_text][\/et_pb_column][\/et_pb_row][\/et_pb_section][et_pb_section admin_label=&#8221;Section&#8221; fullwidth=&#8221;off&#8221; specialty=&#8221;off&#8221; transparent_background=&#8221;off&#8221; allow_player_pause=&#8221;off&#8221; inner_shadow=&#8221;off&#8221; parallax=&#8221;off&#8221; parallax_method=&#8221;off&#8221; custom_padding=&#8221;0px||0px|&#8221; padding_mobile=&#8221;off&#8221; make_fullwidth=&#8221;off&#8221; use_custom_width=&#8221;off&#8221; width_unit=&#8221;on&#8221; make_equal=&#8221;off&#8221; use_custom_gutter=&#8221;off&#8221;][et_pb_row admin_label=&#8221;Row&#8221;][et_pb_column type=&#8221;4_4&#8243;][et_pb_text admin_label=&#8221;Text&#8221; background_layout=&#8221;light&#8221; text_orientation=&#8221;left&#8221; use_border_color=&#8221;off&#8221; border_color=&#8221;#ffffff&#8221; border_style=&#8221;solid&#8221;]<\/p>\n<p>Wir sind ein kleines Familienunternehmen die seid \u00fcber 20+ Jahre in der &#8220;V<em>all\u00e9e de la C\u00e8ze&#8221; <\/em>und Gard Region Urlaub machen. Diese ecke hat uns so gefallen das wir vor einige Jahre ein kleines Familiengesch\u00e4ft gegr\u00fcndet haben. Unsere Ferienh\u00e4user sind alle neu renoviert und sind f\u00fcr den Modernen Urlauber genau richtig. Die K\u00fcchen sind voll ausgestattet so das Sie richtig Kochen und die Weltber\u00fchmte franz\u00f6sische zutaten genie\u00dfen k\u00f6nnen. Alle Ferienh\u00e4user haben Zugang zu einen von zwei 10&#215;4 meter Schwimmb\u00e4der. Beide Pools sind eingez\u00e4unt und erlauben Abk\u00fchlung im Sommer wenn es richtig hei\u00df ist. Unsere Ferienh\u00e4user sind unterschiedlich gro\u00df aber Sie k\u00f6nnen sich von 1-, 2- oder 5- Schlafzimmer H\u00e4user aussuchen. Sie k\u00f6nnen auch eine Kombination von verschiedene Ferienh\u00e4user w\u00e4hlen um genau deine Gruppe zu passen.<\/p>\n<p>Es ist immer jemand Vorort wahrend die Urlaubszeit. Das bedeutet das wenn Sie fragen haben, tips oder Beratung brauchen, ein glass Wein und quatschen m\u00f6chten ist immer jemand da um Sie zu betreuen. Wir sind alle mehrsprachig und freuen uns immer unsere Erfahrungen und lokale Tips weiter zu leiten. Es ist uns sehr wichtig das Sie ein sch\u00f6nen Urlaub bei uns verbringen und wir machen alles um das zu schaffen.<\/p>\n<p>[\/et_pb_text][\/et_pb_column][\/et_pb_row][\/et_pb_section][et_pb_section admin_label=&#8221;Section&#8221; fullwidth=&#8221;off&#8221; specialty=&#8221;off&#8221;][et_pb_row admin_label=&#8221;Row&#8221;][et_pb_column type=&#8221;1_2&#8243;][et_pb_text admin_label=&#8221;Petit Maison Broche&#8221; background_layout=&#8221;light&#8221; text_orientation=&#8221;left&#8221; use_border_color=&#8221;off&#8221; border_color=&#8221;#ffffff&#8221; border_style=&#8221;solid&#8221;]<\/p>\n<h2><span style=\"color: #9480bb;\"><a style=\"color: #9480bb;\" href=\"http:\/\/maisonbroche.com\/de\/petit-maison-broche\/\">Petit Maison Broche<\/a><\/span><\/h2>\n<p>[\/et_pb_text][et_pb_image admin_label=&#8221;Image&#8221; src=&#8221;http:\/\/maisonbroche.com\/wp-content\/uploads\/2014\/12\/Terracce-Lavender-resize.jpg&#8221; show_in_lightbox=&#8221;off&#8221; url=&#8221;http:\/\/maisonbroche.com\/de\/petit-maison-broche\/&#8221; url_new_window=&#8221;off&#8221; use_overlay=&#8221;off&#8221; animation=&#8221;left&#8221; sticky=&#8221;off&#8221; align=&#8221;left&#8221; force_fullwidth=&#8221;off&#8221; always_center_on_mobile=&#8221;on&#8221; use_border_color=&#8221;off&#8221; border_color=&#8221;#ffffff&#8221; border_style=&#8221;solid&#8221; alt=&#8221;Ferienhaus Petit Maison Broche Frankreich&#8221;] [\/et_pb_image][et_pb_text admin_label=&#8221;Text&#8221; background_layout=&#8221;light&#8221; text_orientation=&#8221;left&#8221; use_border_color=&#8221;off&#8221; border_color=&#8221;#ffffff&#8221; border_style=&#8221;solid&#8221; custom_padding=&#8221;|||10px&#8221;]<\/p>\n<ul>\n<li>Renoviertes traditionelles Steinhaus<\/li>\n<li>2 Schlafzimmer, 2 Doppelbetten, max. 4 Personen<\/li>\n<li>2 private Terrassen<\/li>\n<\/ul>\n<p>[\/et_pb_text][et_pb_button admin_label=&#8221;Button&#8221; button_url=&#8221;http:\/\/maisonbroche.com\/de\/petit-maison-broche\/&#8221; url_new_window=&#8221;off&#8221; button_text=&#8221;Weitere Informationen&#8221; button_alignment=&#8221;center&#8221; background_layout=&#8221;light&#8221; custom_button=&#8221;on&#8221; button_text_color=&#8221;#9480bb&#8221; button_border_color=&#8221;#9480bb&#8221; button_letter_spacing=&#8221;0&#8243; button_use_icon=&#8221;default&#8221; button_icon_placement=&#8221;right&#8221; button_on_hover=&#8221;on&#8221; button_letter_spacing_hover=&#8221;0&#8243;] [\/et_pb_button][\/et_pb_column][et_pb_column type=&#8221;1_2&#8243;][et_pb_text admin_label=&#8221;Fortunie&#8221; background_layout=&#8221;light&#8221; text_orientation=&#8221;left&#8221; use_border_color=&#8221;off&#8221; border_color=&#8221;#ffffff&#8221; border_style=&#8221;solid&#8221;]<\/p>\n<h2><a href=\"http:\/\/maisonbroche.com\/de\/fortunie-2\/\"><span style=\"color: #9480bb;\">Fortunie<\/span><\/a><\/h2>\n<p>[\/et_pb_text][et_pb_image admin_label=&#8221;Image&#8221; src=&#8221;http:\/\/maisonbroche.com\/wp-content\/uploads\/2016\/12\/DSC_0012.jpg&#8221; show_in_lightbox=&#8221;off&#8221; url=&#8221;http:\/\/maisonbroche.com\/de\/fortunie-2\/&#8221; url_new_window=&#8221;off&#8221; use_overlay=&#8221;off&#8221; animation=&#8221;left&#8221; sticky=&#8221;off&#8221; align=&#8221;left&#8221; force_fullwidth=&#8221;off&#8221; always_center_on_mobile=&#8221;on&#8221; use_border_color=&#8221;off&#8221; border_color=&#8221;#ffffff&#8221; border_style=&#8221;solid&#8221; alt=&#8221;Ferienhaus Fortunie Frankreich&#8221;] [\/et_pb_image][et_pb_text admin_label=&#8221;Text&#8221; background_layout=&#8221;light&#8221; text_orientation=&#8221;left&#8221; use_border_color=&#8221;off&#8221; border_color=&#8221;#ffffff&#8221; border_style=&#8221;solid&#8221; custom_padding=&#8221;|||10px&#8221;]<\/p>\n<ul>\n<li>Weitl\u00e4ufige Anlage perfekt f\u00fcr gro\u00dfe Gruppen und Familien<\/li>\n<li>5 Schlafzimmer, max. 10 Personen<\/li>\n<li>Privater 10\u00d74\u00a0Meter Swimming Pool<\/li>\n<\/ul>\n<p>[\/et_pb_text][et_pb_button admin_label=&#8221;Button&#8221; button_url=&#8221;http:\/\/maisonbroche.com\/de\/fortunie-2\/&#8221; url_new_window=&#8221;off&#8221; button_text=&#8221;Weitere Informationen&#8221; button_alignment=&#8221;center&#8221; background_layout=&#8221;light&#8221; custom_button=&#8221;on&#8221; button_text_color=&#8221;#9480bb&#8221; button_border_color=&#8221;#9480bb&#8221; button_letter_spacing=&#8221;0&#8243; button_use_icon=&#8221;default&#8221; button_icon_placement=&#8221;right&#8221; button_on_hover=&#8221;on&#8221; button_letter_spacing_hover=&#8221;0&#8243;] [\/et_pb_button][\/et_pb_column][\/et_pb_row][\/et_pb_section][et_pb_section admin_label=&#8221;Section&#8221; fullwidth=&#8221;off&#8221; specialty=&#8221;off&#8221;][et_pb_row admin_label=&#8221;Row&#8221;][et_pb_column type=&#8221;1_2&#8243;][et_pb_text admin_label=&#8221;Residence Clos Neuf&#8221; background_layout=&#8221;light&#8221; text_orientation=&#8221;left&#8221; use_border_color=&#8221;off&#8221; border_color=&#8221;#ffffff&#8221; border_style=&#8221;solid&#8221;]<\/p>\n<h2><span style=\"color: #9480bb;\"><a style=\"color: #9480bb;\" href=\"http:\/\/maisonbroche.com\/de\/residence-clos-neuf-2\/\">Residence Clos Neuf<\/a><\/span><\/h2>\n<p>[\/et_pb_text][et_pb_image admin_label=&#8221;Image&#8221; src=&#8221;http:\/\/maisonbroche.com\/wp-content\/uploads\/2016\/12\/IMG_0465.jpg&#8221; show_in_lightbox=&#8221;off&#8221; url=&#8221;http:\/\/maisonbroche.com\/de\/residence-clos-neuf-2\/&#8221; url_new_window=&#8221;off&#8221; use_overlay=&#8221;off&#8221; animation=&#8221;left&#8221; sticky=&#8221;off&#8221; align=&#8221;left&#8221; force_fullwidth=&#8221;off&#8221; always_center_on_mobile=&#8221;on&#8221; use_border_color=&#8221;off&#8221; border_color=&#8221;#ffffff&#8221; border_style=&#8221;solid&#8221; alt=&#8221;Ferienhaus Residence Clos Neuf Frankreich&#8221;] [\/et_pb_image][et_pb_text admin_label=&#8221;Text&#8221; background_layout=&#8221;light&#8221; text_orientation=&#8221;left&#8221; use_border_color=&#8221;off&#8221; border_color=&#8221;#ffffff&#8221; border_style=&#8221;solid&#8221; custom_padding=&#8221;|||10px&#8221;]<\/p>\n<ul>\n<li>Ideal f\u00fcr Familien: alles ist ebenerdig<\/li>\n<li>2 Schlafzimmer, 2 Doppelbetten<\/li>\n<li>Neu renovierte K\u00fcche<\/li>\n<\/ul>\n<p>[\/et_pb_text][et_pb_button admin_label=&#8221;Button&#8221; button_url=&#8221;http:\/\/maisonbroche.com\/de\/residence-clos-neuf-2\/&#8221; url_new_window=&#8221;off&#8221; button_text=&#8221;Weitere Informationen&#8221; button_alignment=&#8221;center&#8221; background_layout=&#8221;light&#8221; custom_button=&#8221;on&#8221; button_text_color=&#8221;#9480bb&#8221; button_border_color=&#8221;#9480bb&#8221; button_letter_spacing=&#8221;0&#8243; button_use_icon=&#8221;default&#8221; button_icon_placement=&#8221;right&#8221; button_on_hover=&#8221;on&#8221; button_letter_spacing_hover=&#8221;0&#8243;] [\/et_pb_button][\/et_pb_column][et_pb_column type=&#8221;1_2&#8243;][et_pb_text admin_label=&#8221;Cabrol&#8221; background_layout=&#8221;light&#8221; text_orientation=&#8221;left&#8221; use_border_color=&#8221;off&#8221; border_color=&#8221;#ffffff&#8221; border_style=&#8221;solid&#8221;]<\/p>\n<h2><span style=\"color: #9480bb;\"><a style=\"color: #9480bb;\" href=\"http:\/\/maisonbroche.com\/de\/cabrol-2\/\">Cabrol<\/a><\/span><\/h2>\n<p>[\/et_pb_text][et_pb_image admin_label=&#8221;Image&#8221; src=&#8221;http:\/\/maisonbroche.com\/wp-content\/uploads\/2016\/12\/IMG_0471.jpg&#8221; show_in_lightbox=&#8221;off&#8221; url=&#8221;http:\/\/maisonbroche.com\/de\/cabrol-2\/&#8221; url_new_window=&#8221;off&#8221; use_overlay=&#8221;off&#8221; animation=&#8221;left&#8221; sticky=&#8221;off&#8221; align=&#8221;left&#8221; force_fullwidth=&#8221;off&#8221; always_center_on_mobile=&#8221;on&#8221; use_border_color=&#8221;off&#8221; border_color=&#8221;#ffffff&#8221; border_style=&#8221;solid&#8221; alt=&#8221;Ferienhaus Cabrol Frankreich&#8221;] [\/et_pb_image][et_pb_text admin_label=&#8221;Text&#8221; background_layout=&#8221;light&#8221; text_orientation=&#8221;left&#8221; use_border_color=&#8221;off&#8221; border_color=&#8221;#ffffff&#8221; border_style=&#8221;solid&#8221; custom_padding=&#8221;|||10px&#8221;]<\/p>\n<ul>\n<li>Gro\u00dfer Wohn- und Essbereich<\/li>\n<li>2 Schlafzimmer, Doppelbett &amp; 2 Einzelbetten, max. 4 Personen<\/li>\n<li>Kamin<\/li>\n<\/ul>\n<p>[\/et_pb_text][et_pb_button admin_label=&#8221;Button&#8221; button_url=&#8221;http:\/\/maisonbroche.com\/de\/cabrol-2\/&#8221; url_new_window=&#8221;off&#8221; button_text=&#8221;Weitere Informationen&#8221; button_alignment=&#8221;center&#8221; background_layout=&#8221;light&#8221; custom_button=&#8221;on&#8221; button_text_color=&#8221;#9480bb&#8221; button_border_color=&#8221;#9480bb&#8221; button_letter_spacing=&#8221;0&#8243; button_use_icon=&#8221;default&#8221; button_icon_placement=&#8221;right&#8221; button_on_hover=&#8221;on&#8221; button_letter_spacing_hover=&#8221;0&#8243;] [\/et_pb_button][\/et_pb_column][\/et_pb_row][\/et_pb_section][et_pb_section admin_label=&#8221;Section&#8221; fullwidth=&#8221;off&#8221; specialty=&#8221;off&#8221;][et_pb_row admin_label=&#8221;Row&#8221;][et_pb_column type=&#8221;1_2&#8243;][et_pb_text admin_label=&#8221;Petite Clos Neuf&#8221; background_layout=&#8221;light&#8221; text_orientation=&#8221;left&#8221; use_border_color=&#8221;off&#8221; border_color=&#8221;#ffffff&#8221; border_style=&#8221;solid&#8221;]<\/p>\n<h2><span style=\"color: #9480bb;\"><a style=\"color: #9480bb;\" href=\"http:\/\/maisonbroche.com\/de\/petite-maison-clos-neuf\/\">Petite Clos Neuf<\/a><\/span><\/h2>\n<p>[\/et_pb_text][et_pb_image admin_label=&#8221;Image&#8221; src=&#8221;http:\/\/maisonbroche.com\/wp-content\/uploads\/2016\/12\/IMG_0312.jpg&#8221; show_in_lightbox=&#8221;off&#8221; url=&#8221;http:\/\/maisonbroche.com\/de\/petite-maison-clos-neuf\/&#8221; url_new_window=&#8221;off&#8221; use_overlay=&#8221;off&#8221; animation=&#8221;left&#8221; sticky=&#8221;off&#8221; align=&#8221;left&#8221; force_fullwidth=&#8221;off&#8221; always_center_on_mobile=&#8221;on&#8221; use_border_color=&#8221;off&#8221; border_color=&#8221;#ffffff&#8221; border_style=&#8221;solid&#8221; alt=&#8221;Ferienhaus Petite Maison Clos Neuf Frankreich&#8221;] [\/et_pb_image][et_pb_text admin_label=&#8221;Text&#8221; background_layout=&#8221;light&#8221; text_orientation=&#8221;left&#8221; use_border_color=&#8221;off&#8221; border_color=&#8221;#ffffff&#8221; border_style=&#8221;solid&#8221; custom_padding=&#8221;|||10px&#8221;]<\/p>\n<ul>\n<li>Gem\u00fctliches Haus f\u00fcr P\u00e4rchen<\/li>\n<li>1 Schlafzimmer, gro\u00dfes Doppelbett, max. 2 Personen<\/li>\n<li>Abgelegenes H\u00e4uschen mit luxuri\u00f6sem Garten<\/li>\n<\/ul>\n<p>[\/et_pb_text][et_pb_button admin_label=&#8221;Button&#8221; button_url=&#8221;http:\/\/maisonbroche.com\/de\/petite-maison-clos-neuf\/&#8221; url_new_window=&#8221;off&#8221; button_text=&#8221;Weitere Informationen&#8221; button_alignment=&#8221;center&#8221; background_layout=&#8221;light&#8221; custom_button=&#8221;on&#8221; button_text_color=&#8221;#9480bb&#8221; button_border_color=&#8221;#9480bb&#8221; button_letter_spacing=&#8221;0&#8243; button_use_icon=&#8221;default&#8221; button_icon_placement=&#8221;right&#8221; button_on_hover=&#8221;on&#8221; button_letter_spacing_hover=&#8221;0&#8243;] [\/et_pb_button][\/et_pb_column][et_pb_column type=&#8221;1_2&#8243;][et_pb_text admin_label=&#8221;Additional Features&#8221; background_layout=&#8221;light&#8221; text_orientation=&#8221;left&#8221; use_border_color=&#8221;off&#8221; border_color=&#8221;#ffffff&#8221; border_style=&#8221;solid&#8221;]<\/p>\n<h2><span style=\"color: #9480bb;\"><a style=\"color: #9480bb;\" href=\"http:\/\/maisonbroche.com\/de\/zusatzliche-merkmale\/\">Besonderheiten<\/a><\/span><\/h2>\n<p>[\/et_pb_text][et_pb_image admin_label=&#8221;Image&#8221; src=&#8221;http:\/\/maisonbroche.com\/wp-content\/uploads\/2016\/12\/IMG_0445.jpg&#8221; show_in_lightbox=&#8221;off&#8221; url=&#8221;http:\/\/maisonbroche.com\/de\/zusatzliche-merkmale\/&#8221; url_new_window=&#8221;off&#8221; use_overlay=&#8221;off&#8221; animation=&#8221;left&#8221; sticky=&#8221;off&#8221; align=&#8221;left&#8221; force_fullwidth=&#8221;off&#8221; always_center_on_mobile=&#8221;on&#8221; use_border_color=&#8221;off&#8221; border_color=&#8221;#ffffff&#8221; border_style=&#8221;solid&#8221; alt=&#8221;Ferienhaus Schwimmbad Frankreich&#8221;] [\/et_pb_image][et_pb_text admin_label=&#8221;Text&#8221; background_layout=&#8221;light&#8221; text_orientation=&#8221;left&#8221; use_border_color=&#8221;off&#8221; border_color=&#8221;#ffffff&#8221; border_style=&#8221;solid&#8221; custom_padding=&#8221;|||10px&#8221;]<\/p>\n<ul>\n<li>10\u00d74 Meter Swimming\u00a0Pool<\/li>\n<li>WLAN<\/li>\n<li>Privater und\u00a0sicherer Parkplatz<\/li>\n<\/ul>\n<p>[\/et_pb_text][et_pb_button admin_label=&#8221;Button&#8221; button_url=&#8221;http:\/\/maisonbroche.com\/de\/zusatzliche-merkmale\/&#8221; url_new_window=&#8221;off&#8221; button_text=&#8221;Weitere Informationen&#8221; button_alignment=&#8221;center&#8221; background_layout=&#8221;light&#8221; custom_button=&#8221;on&#8221; button_text_color=&#8221;#9480bb&#8221; button_border_color=&#8221;#9480bb&#8221; button_letter_spacing=&#8221;0&#8243; button_use_icon=&#8221;default&#8221; button_icon_placement=&#8221;right&#8221; button_on_hover=&#8221;on&#8221; button_letter_spacing_hover=&#8221;0&#8243;] [\/et_pb_button][\/et_pb_column][\/et_pb_row][\/et_pb_section]<\/p>\n","protected":false},"excerpt":{"rendered":"<p>[et_pb_section admin_label=&#8221;Section&#8221; fullwidth=&#8221;off&#8221; specialty=&#8221;off&#8221; transparent_background=&#8221;off&#8221; background_color=&#8221;#9480bb&#8221; allow_player_pause=&#8221;off&#8221; inner_shadow=&#8221;off&#8221; parallax=&#8221;off&#8221; parallax_method=&#8221;off&#8221; padding_mobile=&#8221;off&#8221; make_fullwidth=&#8221;off&#8221; use_custom_width=&#8221;off&#8221; width_unit=&#8221;on&#8221; make_equal=&#8221;off&#8221; use_custom_gutter=&#8221;off&#8221; custom_padding=&#8221;0px||0px|&#8221;][et_pb_row admin_label=&#8221;Row&#8221; make_fullwidth=&#8221;on&#8221; use_custom_width=&#8221;off&#8221; width_unit=&#8221;on&#8221; use_custom_gutter=&#8221;off&#8221; padding_mobile=&#8221;off&#8221; background_color=&#8221;#9480bb&#8221; allow_player_pause=&#8221;off&#8221; parallax=&#8221;off&#8221; parallax_method=&#8221;off&#8221; make_equal=&#8221;off&#8221; parallax_1=&#8221;off&#8221; parallax_method_1=&#8221;off&#8221; column_padding_mobile=&#8221;on&#8221; custom_padding=&#8221;5px||5px|&#8221;][et_pb_column type=&#8221;4_4&#8243;][et_pb_text admin_label=&#8221;Holiday Homes&#8221; background_layout=&#8221;dark&#8221; text_orientation=&#8221;center&#8221; use_border_color=&#8221;off&#8221; border_color=&#8221;#ffffff&#8221; border_style=&#8221;solid&#8221;] Ferienh\u00e4user [\/et_pb_text][\/et_pb_column][\/et_pb_row][\/et_pb_section][et_pb_section admin_label=&#8221;Section&#8221; fullwidth=&#8221;off&#8221; specialty=&#8221;off&#8221; transparent_background=&#8221;off&#8221; allow_player_pause=&#8221;off&#8221; inner_shadow=&#8221;off&#8221; parallax=&#8221;off&#8221; parallax_method=&#8221;off&#8221; custom_padding=&#8221;0px||0px|&#8221; padding_mobile=&#8221;off&#8221; make_fullwidth=&#8221;off&#8221; use_custom_width=&#8221;off&#8221; width_unit=&#8221;on&#8221; [&hellip;]<\/p>\n","protected":false},"author":1,"featured_media":0,"parent":0,"menu_order":0,"comment_status":"closed","ping_status":"closed","template":"","meta":{"_price":"","_stock":"","_tribe_ticket_header":"","_tribe_default_ticket_provider":"","_tribe_ticket_capacity":"0","_ticket_start_date":"","_ticket_end_date":"","_tribe_ticket_show_description":"","_tribe_ticket_show_not_going":false,"_tribe_ticket_use_global_stock":"","_tribe_ticket_global_stock_level":"","_global_stock_mode":"","_global_stock_cap":"","_tribe_rsvp_for_event":"","_tribe_ticket_going_count":"","_tribe_ticket_not_going_count":"","_tribe_tickets_list":[],"_tribe_ticket_has_attendee_info_fields":false},"_links":{"self":[{"href":"http:\/\/maisonbroche.com\/de\/wp-json\/wp\/v2\/pages\/711"}],"collection":[{"href":"http:\/\/maisonbroche.com\/de\/wp-json\/wp\/v2\/pages"}],"about":[{"href":"http:\/\/maisonbroche.com\/de\/wp-json\/wp\/v2\/types\/page"}],"author":[{"embeddable":true,"href":"http:\/\/maisonbroche.com\/de\/wp-json\/wp\/v2\/users\/1"}],"replies":[{"embeddable":true,"href":"http:\/\/maisonbroche.com\/de\/wp-json\/wp\/v2\/comments?post=711"}],"version-history":[{"count":10,"href":"http:\/\/maisonbroche.com\/de\/wp-json\/wp\/v2\/pages\/711\/revisions"}],"predecessor-version":[{"id":3218,"href":"http:\/\/maisonbroche.com\/de\/wp-json\/wp\/v2\/pages\/711\/revisions\/3218"}],"wp:attachment":[{"href":"http:\/\/maisonbroche.com\/de\/wp-json\/wp\/v2\/media?parent=711"}],"curies":[{"name":"wp","href":"https:\/\/api.w.org\/{rel}","templated":true}]}}