{"id":613,"date":"2014-12-09T15:10:12","date_gmt":"2014-12-09T15:10:12","guid":{"rendered":"http:\/\/maison-broche-clos-neuf.com\/?page_id=613"},"modified":"2017-01-04T13:45:40","modified_gmt":"2017-01-04T13:45:40","slug":"restaurantswein","status":"publish","type":"page","link":"http:\/\/maisonbroche.com\/de\/restaurantswein\/","title":{"rendered":"Restaurants, Wein &#038; mehr"},"content":{"rendered":"<p>[et_pb_section admin_label=&#8221;Section&#8221; fullwidth=&#8221;off&#8221; specialty=&#8221;off&#8221; transparent_background=&#8221;off&#8221; background_color=&#8221;#9480bb&#8221; allow_player_pause=&#8221;off&#8221; inner_shadow=&#8221;off&#8221; parallax=&#8221;off&#8221; parallax_method=&#8221;off&#8221; padding_mobile=&#8221;off&#8221; make_fullwidth=&#8221;off&#8221; use_custom_width=&#8221;off&#8221; width_unit=&#8221;on&#8221; make_equal=&#8221;off&#8221; use_custom_gutter=&#8221;off&#8221; custom_padding=&#8221;0px||0px|&#8221;][et_pb_row admin_label=&#8221;Row&#8221; make_fullwidth=&#8221;on&#8221; use_custom_width=&#8221;off&#8221; width_unit=&#8221;on&#8221; use_custom_gutter=&#8221;off&#8221; padding_mobile=&#8221;off&#8221; background_color=&#8221;#9480bb&#8221; allow_player_pause=&#8221;off&#8221; parallax=&#8221;off&#8221; parallax_method=&#8221;off&#8221; make_equal=&#8221;off&#8221; parallax_1=&#8221;off&#8221; parallax_method_1=&#8221;off&#8221; column_padding_mobile=&#8221;on&#8221; custom_padding=&#8221;5px||5px|&#8221;][et_pb_column type=&#8221;4_4&#8243;][et_pb_text admin_label=&#8221;Restaurants, Wein &amp; Mehr&#8221; background_layout=&#8221;dark&#8221; text_orientation=&#8221;center&#8221; use_border_color=&#8221;off&#8221; border_color=&#8221;#ffffff&#8221; border_style=&#8221;solid&#8221;]<\/p>\n<h1>Restaurants, Wein &amp; Mehr<\/h1>\n<p>[\/et_pb_text][\/et_pb_column][\/et_pb_row][\/et_pb_section][et_pb_section admin_label=&#8221;Section&#8221; fullwidth=&#8221;off&#8221; specialty=&#8221;on&#8221;][et_pb_column type=&#8221;3_4&#8243; specialty_columns=&#8221;3&#8243;][et_pb_row_inner admin_label=&#8221;Row&#8221;][et_pb_column_inner type=&#8221;4_4&#8243; saved_specialty_column_type=&#8221;3_4&#8243;][et_pb_text admin_label=&#8221;Text&#8221; background_layout=&#8221;light&#8221; text_orientation=&#8221;left&#8221; use_border_color=&#8221;off&#8221; border_color=&#8221;#ffffff&#8221; border_style=&#8221;solid&#8221;]<\/p>\n<p>In den\u00a025 Jahren, die unsere Familie schon vor Ort dort verbringt, sind wir auf allerhand\u00a0Lieblingsorte gesto\u00dfen.\u00a0Einige davon\u00a0wollen wir Ihnen hiermit besonders ans Herz legen.<\/p>\n<p><img loading=\"lazy\" class=\"wp-image-2508 size-full aligncenter\" src=\"http:\/\/maisonbroche.com\/wp-content\/uploads\/2016\/12\/Goudargues-canal.jpg\" width=\"640\" height=\"426\" srcset=\"http:\/\/maisonbroche.com\/wp-content\/uploads\/2016\/12\/Goudargues-canal.jpg 640w, http:\/\/maisonbroche.com\/wp-content\/uploads\/2016\/12\/Goudargues-canal-300x200.jpg 300w, http:\/\/maisonbroche.com\/wp-content\/uploads\/2016\/12\/Goudargues-canal-100x67.jpg 100w, http:\/\/maisonbroche.com\/wp-content\/uploads\/2016\/12\/Goudargues-canal-330x220.jpg 330w, http:\/\/maisonbroche.com\/wp-content\/uploads\/2016\/12\/Goudargues-canal-450x300.jpg 450w\" sizes=\"(max-width: 640px) 100vw, 640px\" \/><\/p>\n<p>La Galantine\u00a0<strong>\u2013<\/strong><\/p>\n<p>Unser Lieblingsrestaurant in\u00a0Goudargues hat sich in den letzten Jahren zu einem der besten Restaurants in der Region entwickelt. Es\u00a0bietet eine fantasievolle Speisekarte mit Zutaten aus der Region, die mit den Jahreszeiten wechseln. Der Stil ist &#8220;modern Franz\u00f6sisch&#8221;, der durch traditionelle Techniken und moderne Kompositionen besticht, aber ohne die Schwere und Dekadenz von vielen namenhaften franz\u00f6sischen Klassikern. Durch\u00a0diverse Men\u00fcs in verschiedenen Preisklassen und wegen des hohen\u00a0Standards des Kochens besteht\u00a0ein\u00a0wirklich gutes Preis-Leistungs-Verh\u00e4ltnis. Genie\u00dfen Sie ein stressfreies Mittag-\/ Abendessen in einer warmen und freundlichen Atmosph\u00e4re, die sich auch durch den guten Service einstellt. Eine Reservierung im Voraus wird empfohlen, um sicher zu stellen, dass auch jeder in den Genuss der lokalen K\u00f6stlichkeiten kommt.<\/p>\n<p>7 Place de la Mairie<br \/>\n30630 Goudargues<br \/>\nTelephone:\u00a004 66 82 22 39<br \/>\n<a href=\"http:\/\/www.restaurantlagalantine.fr\/\">http:\/\/www.restaurantlagalantine.fr\/<\/a><\/p>\n<p>&nbsp;<\/p>\n<p><strong>Cafe du Source \u2013\u00a0<\/strong><\/p>\n<p>Dieses herrliche Caf\u00e9 ist ganzj\u00e4hrig ge\u00f6ffnet und bietet Sitzgelegenheiten sowohl im Innen- als auch im Au\u00dfenbereich. Es liegt an der R\u00fcckseite von Goudargues mit Blick auf den Hauptplatz und ist damit der perfekte Ort, um Menschen w\u00e4hrend des mittw\u00f6chlichen Wochenmarktes beim Flanieren zu beobachten. Es liegt zwar nicht direkt am Kanal, der durch den Ort flie\u00dft, aber nach unz\u00e4hligen Tassen Kaffee k\u00f6nnen wir Ihnen best\u00e4tigen, dass es hier den besten Kaffe der Stadt gibt. Zudem k\u00f6nnen Sie Leckereien aus der naheliegenden B\u00e4ckerei mitbringen, um diese mit einem Getr\u00e4nk Ihrer Wahl gemeinsam zu genie\u00dfen.<\/p>\n<p>1 Rue Ecole<br \/>\n30630 Goudargues<br \/>\nTelephone:\u00a004 66 33 18 56<\/p>\n<div class=\"mod\" data-md=\"1006\" data-ved=\"0CHwQkCkoBTAPahUKEwjP64i13sbIAhVLvRQKHbu5C9M\"><\/div>\n<p><strong>Challias Vineyard \u2013\u00a0<\/strong><\/p>\n<p>Wir wissen, dass die Gegend weltbekannte Weinberge beherbergt, wie <a href=\"http:\/\/www.domaine-sainteanne.com\/\">Domaine St. Anne<\/a>,\u00a0<a href=\"http:\/\/www.chateauneuf.com\/\">Chateauneuf du Pape<\/a>\u00a0und\u00a0<a href=\"http:\/\/www.gigondas-vin.com\/\">Gigondas<\/a>. Jedoch hat sich Challias zu unserem Lieblingsplatz f\u00fcr die lokale Weinproduktion entwickelt. Auch wir kaufen dort regelm\u00e4\u00dfig unseren Wein ein. Nur 2 km die Stra\u00dfe hinauf ist dieses Familienunternehmen der ideale Ort f\u00fcr diejenigen, die ein kleines s\u00fcdfranz\u00f6sisches Weingut besichtigen m\u00f6chten. G\u00e4ste, die an den angebotenen Weinproben teilnehmen, sind stets zufrieden und verlassen diesen Ort mit einem L\u00e4cheln. Wie gesagt, diese Region ist reich an Weinbergen, und wir haben noch unz\u00e4hlige mehr zu empfehlen!<\/p>\n<p>Hameau de Privat<br \/>\n30630 Cornillon<br \/>\nTelephone\u00a0: 04 66 82 22 79<br \/>\n<a href=\"http:\/\/www.domaine-challias.com\/\">http:\/\/www.domaine-challias.com\/<\/a><\/p>\n<p><strong>Die\u00a0Obst- und\u00a0Gem\u00fcsefrau in Goudargues \u2013<\/strong><\/p>\n<p>Goudargues\u2019 Obst und Gem\u00fcse Legende bietet in ihrem\u00a0malerischen Gesch\u00e4ft alle saisonale Produkten der Region. Die Besitzerin ist \u00fcberaus freundlich und begr\u00fc\u00dft jeden, der ihren Laden betritt, mit einem L\u00e4cheln. Ihre Preise und die Auswahl sind\u00a0einfach unschlagbar und Sie ist zudem daf\u00fcr bekannt Petersilie als Geschenk den Eink\u00e4ufen mitzugeben. Das kleine Gesch\u00e4ft ist ganzj\u00e4hrig ge\u00f6ffnet und wir k\u00f6nnen ihnen nur empfehlen diese lokale Besonderheit durch Ihre Eink\u00e4ufe\u00a0zu unterst\u00fctzen.<\/p>\n<p>[\/et_pb_text][\/et_pb_column_inner][\/et_pb_row_inner][\/et_pb_column][et_pb_column type=&#8221;1_4&#8243;][et_pb_sidebar admin_label=&#8221;Sidebar&#8221; orientation=&#8221;left&#8221; area=&#8221;et_pb_widget_area_4&#8243; background_layout=&#8221;light&#8221; remove_border=&#8221;off&#8221;] [\/et_pb_sidebar][\/et_pb_column][\/et_pb_section]<\/p>\n","protected":false},"excerpt":{"rendered":"<p>[et_pb_section admin_label=&#8221;Section&#8221; fullwidth=&#8221;off&#8221; specialty=&#8221;off&#8221; transparent_background=&#8221;off&#8221; background_color=&#8221;#9480bb&#8221; allow_player_pause=&#8221;off&#8221; inner_shadow=&#8221;off&#8221; parallax=&#8221;off&#8221; parallax_method=&#8221;off&#8221; padding_mobile=&#8221;off&#8221; make_fullwidth=&#8221;off&#8221; use_custom_width=&#8221;off&#8221; width_unit=&#8221;on&#8221; make_equal=&#8221;off&#8221; use_custom_gutter=&#8221;off&#8221; custom_padding=&#8221;0px||0px|&#8221;][et_pb_row admin_label=&#8221;Row&#8221; make_fullwidth=&#8221;on&#8221; use_custom_width=&#8221;off&#8221; width_unit=&#8221;on&#8221; use_custom_gutter=&#8221;off&#8221; padding_mobile=&#8221;off&#8221; background_color=&#8221;#9480bb&#8221; allow_player_pause=&#8221;off&#8221; parallax=&#8221;off&#8221; parallax_method=&#8221;off&#8221; make_equal=&#8221;off&#8221; parallax_1=&#8221;off&#8221; parallax_method_1=&#8221;off&#8221; column_padding_mobile=&#8221;on&#8221; custom_padding=&#8221;5px||5px|&#8221;][et_pb_column type=&#8221;4_4&#8243;][et_pb_text admin_label=&#8221;Restaurants, Wein &amp; Mehr&#8221; background_layout=&#8221;dark&#8221; text_orientation=&#8221;center&#8221; use_border_color=&#8221;off&#8221; border_color=&#8221;#ffffff&#8221; border_style=&#8221;solid&#8221;] Restaurants, Wein &amp; Mehr [\/et_pb_text][\/et_pb_column][\/et_pb_row][\/et_pb_section][et_pb_section admin_label=&#8221;Section&#8221; fullwidth=&#8221;off&#8221; specialty=&#8221;on&#8221;][et_pb_column type=&#8221;3_4&#8243; specialty_columns=&#8221;3&#8243;][et_pb_row_inner admin_label=&#8221;Row&#8221;][et_pb_column_inner type=&#8221;4_4&#8243; saved_specialty_column_type=&#8221;3_4&#8243;][et_pb_text [&hellip;]<\/p>\n","protected":false},"author":1,"featured_media":0,"parent":0,"menu_order":0,"comment_status":"closed","ping_status":"closed","template":"","meta":{"_price":"","_stock":"","_tribe_ticket_header":"","_tribe_default_ticket_provider":"","_tribe_ticket_capacity":"0","_ticket_start_date":"","_ticket_end_date":"","_tribe_ticket_show_description":"","_tribe_ticket_show_not_going":false,"_tribe_ticket_use_global_stock":"","_tribe_ticket_global_stock_level":"","_global_stock_mode":"","_global_stock_cap":"","_tribe_rsvp_for_event":"","_tribe_ticket_going_count":"","_tribe_ticket_not_going_count":"","_tribe_tickets_list":[],"_tribe_ticket_has_attendee_info_fields":false},"_links":{"self":[{"href":"http:\/\/maisonbroche.com\/de\/wp-json\/wp\/v2\/pages\/613"}],"collection":[{"href":"http:\/\/maisonbroche.com\/de\/wp-json\/wp\/v2\/pages"}],"about":[{"href":"http:\/\/maisonbroche.com\/de\/wp-json\/wp\/v2\/types\/page"}],"author":[{"embeddable":true,"href":"http:\/\/maisonbroche.com\/de\/wp-json\/wp\/v2\/users\/1"}],"replies":[{"embeddable":true,"href":"http:\/\/maisonbroche.com\/de\/wp-json\/wp\/v2\/comments?post=613"}],"version-history":[{"count":5,"href":"http:\/\/maisonbroche.com\/de\/wp-json\/wp\/v2\/pages\/613\/revisions"}],"predecessor-version":[{"id":3220,"href":"http:\/\/maisonbroche.com\/de\/wp-json\/wp\/v2\/pages\/613\/revisions\/3220"}],"wp:attachment":[{"href":"http:\/\/maisonbroche.com\/de\/wp-json\/wp\/v2\/media?parent=613"}],"curies":[{"name":"wp","href":"https:\/\/api.w.org\/{rel}","templated":true}]}}