{"id":608,"date":"2014-12-09T15:08:59","date_gmt":"2014-12-09T15:08:59","guid":{"rendered":"http:\/\/maison-broche-clos-neuf.com\/?page_id=608"},"modified":"2016-12-16T16:06:36","modified_gmt":"2016-12-16T16:06:36","slug":"vor-ort-aktivitaten","status":"publish","type":"page","link":"http:\/\/maisonbroche.com\/de\/vor-ort-aktivitaten\/","title":{"rendered":"Aktivit\u00e4ten vor Ort"},"content":{"rendered":"<p>[et_pb_section admin_label=&#8221;Section&#8221; fullwidth=&#8221;off&#8221; specialty=&#8221;off&#8221; transparent_background=&#8221;off&#8221; background_color=&#8221;#9480bb&#8221; allow_player_pause=&#8221;off&#8221; inner_shadow=&#8221;off&#8221; parallax=&#8221;off&#8221; parallax_method=&#8221;off&#8221; padding_mobile=&#8221;off&#8221; make_fullwidth=&#8221;off&#8221; use_custom_width=&#8221;off&#8221; width_unit=&#8221;on&#8221; make_equal=&#8221;off&#8221; use_custom_gutter=&#8221;off&#8221; custom_padding=&#8221;0px||0px|&#8221;][et_pb_row admin_label=&#8221;Row&#8221; make_fullwidth=&#8221;on&#8221; use_custom_width=&#8221;off&#8221; width_unit=&#8221;on&#8221; use_custom_gutter=&#8221;off&#8221; padding_mobile=&#8221;off&#8221; background_color=&#8221;#9480bb&#8221; allow_player_pause=&#8221;off&#8221; parallax=&#8221;off&#8221; parallax_method=&#8221;off&#8221; make_equal=&#8221;off&#8221; parallax_1=&#8221;off&#8221; parallax_method_1=&#8221;off&#8221; column_padding_mobile=&#8221;on&#8221; custom_padding=&#8221;5px||5px|&#8221;][et_pb_column type=&#8221;4_4&#8243;][et_pb_text admin_label=&#8221;Aktivit\u00e4ten vor Ort&#8221; background_layout=&#8221;dark&#8221; text_orientation=&#8221;center&#8221; use_border_color=&#8221;off&#8221; border_color=&#8221;#ffffff&#8221; border_style=&#8221;solid&#8221;]<\/p>\n<h1>Aktivit\u00e4ten vor Ort<\/h1>\n<p>[\/et_pb_text][\/et_pb_column][\/et_pb_row][\/et_pb_section][et_pb_section admin_label=&#8221;Section&#8221; fullwidth=&#8221;off&#8221; specialty=&#8221;on&#8221;][et_pb_column type=&#8221;3_4&#8243; specialty_columns=&#8221;3&#8243;][et_pb_row_inner admin_label=&#8221;Row&#8221;][et_pb_column_inner type=&#8221;4_4&#8243; saved_specialty_column_type=&#8221;3_4&#8243;][et_pb_text admin_label=&#8221;Text&#8221; background_layout=&#8221;light&#8221; text_orientation=&#8221;left&#8221; use_border_color=&#8221;off&#8221; border_color=&#8221;#ffffff&#8221; border_style=&#8221;solid&#8221;]<\/p>\n<h2 style=\"text-align: center;\"><strong>Traditionelle D\u00f6rfer<\/strong><\/h2>\n<p>Idealtypische\u00a0kleine franz\u00f6sische D\u00f6rfer finden sich \u00fcberall in S\u00fcdfrankreich, die zu unz\u00e4hligen Aktivit\u00e4ten einladen.\u00a0<a href=\"http:\/\/maisonbroche.com\/de\/goudargues-2\/\">Goudargues<\/a>, das n\u00e4chstgelegene Dorf zu unseren Ferienh\u00e4usern, hat sich\u00a0zu einem sozialen Hotspot im &#8220;Vallee de la Ceze&#8221; entwickelt. Schmale Gassen, Cafes, Restaurants laden zum Verweilen ein. F\u00fcr einen pers\u00f6nlichen Empfehlungsbericht klicken sie bitte <a href=\"http:\/\/maisonbroche.com\/de\/goudargues-2\/\">HIER<\/a>. Ein weiteres\u00a0nahe liegendes Dorf mit einem\u00a0malerischen Erscheinungsbild ist <a href=\"http:\/\/maisonbroche.com\/de\/kunstkultur\/\">Cornillon<\/a>. Klicken Sie <a href=\"http:\/\/maisonbroche.com\/de\/kunstkultur\/\">HIER<\/a>,\u00a0um mehr \u00fcber die Geschichte dieser Stadt und deren einmalige Aussicht zu erfahren. Goudargues und Cornillon\u00a0sind fu\u00dfl\u00e4ufig zu erreichen und es gibt noch unz\u00e4hlige D\u00f6rfer und St\u00e4dte mehr in der Region, die es zu entdecken gilt.<\/p>\n<p>Uzes &#8211;\u00a0<a href=\"http:\/\/uk.uzes-tourisme.com\/\">http:\/\/uk.uzes-tourisme.com\/<br \/>\n<\/a>Cornillon &#8211;\u00a0<a href=\"http:\/\/cornillon.fr\/\">http:\/\/cornillon.fr\/<br \/>\n<\/a>Chusclan &#8211;\u00a0<a href=\"http:\/\/chusclan.fr\/\">http:\/\/chusclan.fr\/<br \/>\n<\/a>Goudargues &#8211;\u00a0<a href=\"http:\/\/www.goudargues.fr\/\">http:\/\/www.goudargues.fr\/<\/a><\/p>\n<p><a href=\"http:\/\/maison-broche-clos-neuf.com\/wp-content\/uploads\/DSC_0281.jpg\"><img class=\"alignnone size-large wp-image-982\" src=\"http:\/\/maison-broche-clos-neuf.com\/wp-content\/uploads\/DSC_0281-1024x681.jpg\" alt=\"Goudargues Canal\" \/><\/a><\/p>\n<p>&nbsp;<\/p>\n<p style=\"text-align: center;\"><strong>Wochenm\u00e4rkte<\/strong><\/p>\n<p><a href=\"http:\/\/maison-broche-clos-neuf.com\/wp-content\/uploads\/Olives-Uzes-Markt.jpg\"><img class=\"alignnone size-full wp-image-741\" src=\"http:\/\/maison-broche-clos-neuf.com\/wp-content\/uploads\/Olives-Uzes-Markt.jpg\" alt=\"Olives Uzes Markt\" \/><\/a><\/p>\n<p>Die kleinen Wochenm\u00e4rkte sind wahrhaft ein einmaliges Erlebnis und die perfekte Gelegenheit in die D\u00f6rfer der Region einzutauchen. Die Wochenm\u00e4rkte mit langer Tradition spiegeln die einmalige Handwerkskunst der Region wider und Weine, K\u00e4se, Oliven und vieles mehr warten nur darauf entdeckt zu werden. Sie werden sehen, dass sich charmanterweise eine Vielzahl der Aktivit\u00e4ten der Dorfbewohner auf den Wochenm\u00e4rkten abspielen wird.<\/p>\n<p><strong>Hier ein kleiner\u00a0Auszug der Wochenm\u00e4rkte der Region:<\/strong><br \/>\nMittwochs: Goudargues &amp; Bagnol sur Ceze<br \/>\nFreitags: Barjac<br \/>\nSamstags: Uzes &amp; Pont St Esprit<\/p>\n<p style=\"text-align: center;\"><strong>Caf\u00e9s und Bars<\/strong><\/p>\n<p style=\"text-align: left;\">Unweit der Ferienwohnungen gibt es zahlreiche Caf\u00e9s und Bars. Goudargues verf\u00fcgt \u00fcber eine Vielzahl von Cafe&#8217;s, Bar&#8217;s und Restaurants, die gr\u00f6\u00dftenteils am Kanal liegen, der\u00a0malerisch durch das Dorf f\u00fchrt. Mit zwei zentral gelegenen B\u00e4ckereien und einem Zeitungsladen ist es der perfekte Ort\u00a0ein franz\u00f6sisches Fr\u00fchst\u00fcck zu genie\u00dfen, Zeitung zu lesen und um\u00a0einfach nur die Welt und den Charme eines franz\u00f6sischen Dorfes um sich herum wirken zu lassen.<\/p>\n<p style=\"text-align: center;\"><strong>Weine<\/strong><\/p>\n<p style=\"text-align: left;\">Wein ist wirklich \u00fcberall hier. Wenn er nicht gerade in Form einer Flasche auf den Tisch steht, dann umgibt er Sie in seiner Herstellung. Die &#8220;Cotes de Rhone&#8221; Region ist weltweit bekannt f\u00fcr die Herstellung von\u00a0gro\u00dfartigen\u00a0Weinen. Das Gebiet verf\u00fcgt \u00fcber\u00a0viele Weinh\u00e4ndler und &#8220;Cave&#8217;s&#8221;, bei denen man mit den Herstellern\u00a0Wein verkosten und kaufen kann. Einfach eine wunderbare Art und Weise mehr \u00fcber Wein zu lernen!<\/p>\n<p style=\"text-align: left;\">Cotes de Rhone &#8211;\u00a0<a href=\"http:\/\/www.rhone-wines.com\/\">http:\/\/www.rhone-wines.com\/<br \/>\n<\/a><a href=\"http:\/\/maisonbroche.com\/de\/restaurantswein\/\">F\u00fcr unsere pers\u00f6nlichen Empfehlungen Besuche die folgende Seite &#8211; Wein<\/a><\/p>\n<h2 style=\"text-align: center;\"><strong>Weinverkostung<\/strong><\/h2>\n<p>Es gibt zahlreiche M\u00f6glichkeiten eine Weinprobe in der &#8220;Cotes de Rhone&#8221; durchzuf\u00fchren. Die meisten Weinbauern haben ihre eigenen Gesch\u00e4fte und betreiben eine kleine &#8220;Cave&#8221;, \u00a0in denen man\u00a0deren\u00a0Wein probieren und kaufen kann. Authentischer kann die Herstellung von Wein nur schwer vermittelt werden. An dieser Stelle sei jedoch vermerkt, dass auf der Seite der Bauern die Erwartung besteht, dass etwas Wein gekauft wird, sobald\u00a0einige Weine probiert wurden. Zudem sollten Sie wissen, dass viele Bauern der Region keine andere Sprache neben Franz\u00f6sisch sprechen. Daher ist es ratsam, dass Sie, um die Verkostung g\u00e4nzlich genie\u00dfen zu k\u00f6nnen, auch Franz\u00f6sisch sprechen, um\u00a0die F\u00fclle von Wissen und Informationen direkt vom Hersteller verstehen zu k\u00f6nnen.<\/p>\n<p>Viele der Unternehmen, die Weinproben anbieten, vermitteln Ihr Wissen durch\u00a0einen Sommelier, der auf ein paar Besonderheiten der Region eingeht &#8211; dies kann bspw.\u00a0die Traubensorte, Lage oder das &#8220;terroir&#8221; sein. Derartige\u00a0Weinproben werden\u00a0oft in mehreren Sprachen und an\u00a0verschiedenen Orten angeboten.<\/p>\n<h2 style=\"text-align: center;\"><strong>Nationalreservat Camargue<\/strong><\/h2>\n<p><iframe width=\"1080\" height=\"608\" src=\"https:\/\/www.youtube.com\/embed\/bPEf82-rQdo?feature=oembed\" frameborder=\"0\" allowfullscreen><\/iframe><\/p>\n<p style=\"text-align: left;\">Die Camargue &#8211; Das flache Sumpfgebiet an der Grenze zu Languedoc\u00a0ist ber\u00fchmt f\u00fcr seine Flamingos (und viele andere seltene V\u00f6gel), wilde Pferde und Stiere. Der Ort verf\u00fcgt \u00fcber\u00a0viele Reitzentren und sch\u00f6ne D\u00f6rfer wie Aigues Mortes und der Strand von Espiguette laden zu einem Besuch ein.<\/p>\n<p>W\u00e4lder und Berge:<strong><br \/>\n<\/strong>The\u00a0C\u00e9vennes &#8211; <a href=\"http:\/\/en.wikipedia.org\/wiki\/C%C3%A9vennes\">http:\/\/en.wikipedia.org\/wiki\/C%C3%A9vennes<br \/>\n<\/a>C\u00e9vennes National Park UNESCO World Heritage Site &#8211;<a href=\"http:\/\/www.cevennes-parcnational.fr\/\">http:\/\/www.cevennes-parcnational.fr\/<\/a> \u00a0<a href=\"http:\/\/en.wikipedia.org\/wiki\/C%C3%A9vennes_National_Park\">http:\/\/en.wikipedia.org\/wiki\/C%C3%A9vennes_National_Park<\/a><\/p>\n<h2 style=\"text-align: center;\"><strong>Pont du Gard<\/strong><\/h2>\n<p><img class=\"alignnone size-full wp-image-738\" src=\"http:\/\/maison-broche-clos-neuf.com\/wp-content\/uploads\/Pont-du-Gard-Canoe.jpg\" alt=\"Pont du Gard Canoe\" \/><\/p>\n<p>Der Pont du Gard ist ein architektonisches Meisterwerk der Antike und eins der sch\u00f6nsten r\u00f6mischen Bauwerke der Region. Tats\u00e4chlich h\u00fctet die St\u00e4tte jedoch ein sehr viel \u00e4lteres Geheimnis. Arch\u00e4ologische Ausgrabungen offenbaren uns einen Einblick in die sehr viel weiter zur\u00fcckliegende Vergangenheit &#8211; bis zur\u00fcck zu den Urmenschen. Erfahren Sie mehr \u00fcber das Monument und den Aktivit\u00e4ten der Urmenschen, w\u00e4hrend Sie seiner Geschichte folgen.<\/p>\n<p><a href=\"http:\/\/www.toutletour.com\/visites\/lepontdugard\/build\/virtualtour.html\">360\u00b0 Virtueller Rundgang<br \/>\n<\/a><a href=\"http:\/\/www.pontdugard.fr\/\">http:\/\/www.pontdugard.fr\/<\/a><\/p>\n<h2 style=\"text-align: center;\"><strong>Weltber\u00fchmte\u00a0Grotten &amp; H\u00f6hlen<\/strong><\/h2>\n<p>La Grotte Chauvet Pont d&#8217;Arc Ardeche -Die Chauvet-H\u00f6hle besitzt\u00a0eine der ber\u00fchmtesten pr\u00e4historischen Felsmalereien der Welt. Gelegen am Ufer des Flusses Ardeche in der N\u00e4he des Pont-d&#8217;Arc wurde diese H\u00f6hle erst im Jahr 1994 durch Zufall von einem kleinen Team von H\u00f6hlenforschern von Jean-Marie Chauvet entdeckt. Einzigartig an der Chauvet-H\u00f6hle\u00a0ist\u00a0die \u00e4sthetische Qualit\u00e4t der altsteinzeitlichen H\u00f6hlenmalereien und deren hohes Alter.<\/p>\n<p><a href=\"http:\/\/maison-broche-clos-neuf.com\/wp-content\/uploads\/Chauvet-2.jpg\"><img class=\"alignnone size-full wp-image-1030 aligncenter\" src=\"http:\/\/maison-broche-clos-neuf.com\/wp-content\/uploads\/Chauvet-2.jpg\" alt=\"Chauvet 2\" \/><\/a><\/p>\n<p>Hunderte von\u00a0Tierzeichnungen finden sich auf den H\u00f6hlenw\u00e4nden, mindestens 13 verschiedene Arten, darunter auch einige,\u00a0die selten oder nie in anderen eiszeitlichen Darstellungen\u00a0gefunden wurden. L\u00f6wen, Panther, B\u00e4ren, Eulen, Nash\u00f6rner und Hy\u00e4nen &#8211; anstatt die \u00fcblichen Tiere der Jagd, die in pal\u00e4olithischen H\u00f6hlenkunst \u00fcberwiegen, wie Pferde, Rinder und Rentiere, sind die W\u00e4nde der Chauvet-H\u00f6hle mit Raubtieren bedeckt.<\/p>\n<p><a href=\"http:\/\/maison-broche-clos-neuf.com\/wp-content\/uploads\/Chauvet.jpg\"><img class=\" size-full wp-image-1031 aligncenter\" src=\"http:\/\/maison-broche-clos-neuf.com\/wp-content\/uploads\/Chauvet.jpg\" alt=\"Chauvet\" \/><\/a><\/p>\n<p><a href=\"http:\/\/archeologie.culture.fr\/chauvet\/fr\">http:\/\/archeologie.culture.fr\/chauvet\/fr<br \/>\n<\/a><a href=\"http:\/\/www.cavernedupontdarc.fr\">http:\/\/www.cavernedupontdarc.fr<\/a>\/<\/p>\n<p>Grotte de la Cocaliere &#8211;\u00a0<a href=\"http:\/\/www.grotte-cocaliere.com\/\">http:\/\/www.grotte-cocaliere.com\/<br \/>\n<\/a>Grotte De La Forestiere &#8211;\u00a0<a href=\"http:\/\/www.avengrottelaforestiere.com\/\">http:\/\/www.avengrottelaforestiere.com\/<br \/>\n<\/a>La Grotte de St Marcel d&#8217;Aredeche &#8211;\u00a0<a href=\"http:\/\/www.grotte-ardeche.com\/\">http:\/\/www.grotte-ardeche.com\/<br \/>\n<\/a>Grotte de la Salamandre &#8211; <a href=\"http:\/\/www.grottedelasalamandre.com\/\">http:\/\/www.grottedelasalamandre.com\/<br \/>\n<\/a>Aven d&#8217;Orgnac &#8211;\u00a0<a href=\"http:\/\/www.orgnac.com\/\">http:\/\/www.orgnac.com\/<\/a><\/p>\n<h2 style=\"text-align: center;\"><strong>Fl\u00fcsse<\/strong><\/h2>\n<p>The Ardeche &#8211;\u00a0<a href=\"http:\/\/en.wikipedia.org\/wiki\/Ard%C3%A8che\">http:\/\/en.wikipedia.org\/wiki\/Ard%C3%A8che<br \/>\n<\/a>The Ceze &#8211;\u00a0<a href=\"http:\/\/en.wikipedia.org\/wiki\/C%C3%A8ze\">http:\/\/en.wikipedia.org\/wiki\/C%C3%A8ze<\/a><\/p>\n<p><a href=\"http:\/\/maison-broche-clos-neuf.com\/wp-content\/uploads\/DSC_0037.jpg\"><img class=\"alignnone size-large wp-image-898\" src=\"http:\/\/maison-broche-clos-neuf.com\/wp-content\/uploads\/DSC_0037-1024x681.jpg\" alt=\"St Andre Swim\" \/><\/a><\/p>\n<p>&nbsp;<\/p>\n<h2 style=\"text-align: center;\"><strong>Weitere empfehlenswerte\u00a0St\u00e4dte<\/strong><\/h2>\n<p style=\"text-align: left;\">Avignon &#8211;\u00a0<a href=\"http:\/\/www.avignon.fr\/\">http:\/\/www.avignon.fr\/<br \/>\n<\/a>Nimes &#8211; <a href=\"http:\/\/www.nimes.fr\/\">http:\/\/www.nimes.fr\/<br \/>\n<\/a>Carcassone &#8211;\u00a0<a href=\"http:\/\/www.carcassonne.org\/\">http:\/\/www.carcassonne.org\/<\/a><\/p>\n<p>[\/et_pb_text][\/et_pb_column_inner][\/et_pb_row_inner][\/et_pb_column][et_pb_column type=&#8221;1_4&#8243;][et_pb_sidebar admin_label=&#8221;Sidebar&#8221; orientation=&#8221;left&#8221; area=&#8221;et_pb_widget_area_4&#8243; background_layout=&#8221;light&#8221; remove_border=&#8221;off&#8221;] [\/et_pb_sidebar][\/et_pb_column][\/et_pb_section]<\/p>\n","protected":false},"excerpt":{"rendered":"<p>[et_pb_section admin_label=&#8221;Section&#8221; fullwidth=&#8221;off&#8221; specialty=&#8221;off&#8221; transparent_background=&#8221;off&#8221; background_color=&#8221;#9480bb&#8221; allow_player_pause=&#8221;off&#8221; inner_shadow=&#8221;off&#8221; parallax=&#8221;off&#8221; parallax_method=&#8221;off&#8221; padding_mobile=&#8221;off&#8221; make_fullwidth=&#8221;off&#8221; use_custom_width=&#8221;off&#8221; width_unit=&#8221;on&#8221; make_equal=&#8221;off&#8221; use_custom_gutter=&#8221;off&#8221; custom_padding=&#8221;0px||0px|&#8221;][et_pb_row admin_label=&#8221;Row&#8221; make_fullwidth=&#8221;on&#8221; use_custom_width=&#8221;off&#8221; width_unit=&#8221;on&#8221; use_custom_gutter=&#8221;off&#8221; padding_mobile=&#8221;off&#8221; background_color=&#8221;#9480bb&#8221; allow_player_pause=&#8221;off&#8221; parallax=&#8221;off&#8221; parallax_method=&#8221;off&#8221; make_equal=&#8221;off&#8221; parallax_1=&#8221;off&#8221; parallax_method_1=&#8221;off&#8221; column_padding_mobile=&#8221;on&#8221; custom_padding=&#8221;5px||5px|&#8221;][et_pb_column type=&#8221;4_4&#8243;][et_pb_text admin_label=&#8221;Aktivit\u00e4ten vor Ort&#8221; background_layout=&#8221;dark&#8221; text_orientation=&#8221;center&#8221; use_border_color=&#8221;off&#8221; border_color=&#8221;#ffffff&#8221; border_style=&#8221;solid&#8221;] Aktivit\u00e4ten vor Ort [\/et_pb_text][\/et_pb_column][\/et_pb_row][\/et_pb_section][et_pb_section admin_label=&#8221;Section&#8221; fullwidth=&#8221;off&#8221; specialty=&#8221;on&#8221;][et_pb_column type=&#8221;3_4&#8243; specialty_columns=&#8221;3&#8243;][et_pb_row_inner admin_label=&#8221;Row&#8221;][et_pb_column_inner type=&#8221;4_4&#8243; saved_specialty_column_type=&#8221;3_4&#8243;][et_pb_text admin_label=&#8221;Text&#8221; background_layout=&#8221;light&#8221; [&hellip;]<\/p>\n","protected":false},"author":1,"featured_media":0,"parent":0,"menu_order":0,"comment_status":"closed","ping_status":"closed","template":"","meta":{"_price":"","_stock":"","_tribe_ticket_header":"","_tribe_default_ticket_provider":"","_tribe_ticket_capacity":"0","_ticket_start_date":"","_ticket_end_date":"","_tribe_ticket_show_description":"","_tribe_ticket_show_not_going":false,"_tribe_ticket_use_global_stock":"","_tribe_ticket_global_stock_level":"","_global_stock_mode":"","_global_stock_cap":"","_tribe_rsvp_for_event":"","_tribe_ticket_going_count":"","_tribe_ticket_not_going_count":"","_tribe_tickets_list":[],"_tribe_ticket_has_attendee_info_fields":false},"_links":{"self":[{"href":"http:\/\/maisonbroche.com\/de\/wp-json\/wp\/v2\/pages\/608"}],"collection":[{"href":"http:\/\/maisonbroche.com\/de\/wp-json\/wp\/v2\/pages"}],"about":[{"href":"http:\/\/maisonbroche.com\/de\/wp-json\/wp\/v2\/types\/page"}],"author":[{"embeddable":true,"href":"http:\/\/maisonbroche.com\/de\/wp-json\/wp\/v2\/users\/1"}],"replies":[{"embeddable":true,"href":"http:\/\/maisonbroche.com\/de\/wp-json\/wp\/v2\/comments?post=608"}],"version-history":[{"count":4,"href":"http:\/\/maisonbroche.com\/de\/wp-json\/wp\/v2\/pages\/608\/revisions"}],"predecessor-version":[{"id":3149,"href":"http:\/\/maisonbroche.com\/de\/wp-json\/wp\/v2\/pages\/608\/revisions\/3149"}],"wp:attachment":[{"href":"http:\/\/maisonbroche.com\/de\/wp-json\/wp\/v2\/media?parent=608"}],"curies":[{"name":"wp","href":"https:\/\/api.w.org\/{rel}","templated":true}]}}