{"id":602,"date":"2014-12-09T15:07:21","date_gmt":"2014-12-09T15:07:21","guid":{"rendered":"http:\/\/maison-broche-clos-neuf.com\/?page_id=602"},"modified":"2016-12-16T15:56:18","modified_gmt":"2016-12-16T15:56:18","slug":"wandern-yoga-urlaub","status":"publish","type":"page","link":"http:\/\/maisonbroche.com\/de\/wandern-yoga-urlaub\/","title":{"rendered":"Wandern &#038; Yoga Urlaub"},"content":{"rendered":"<p>[et_pb_section admin_label=&#8221;Section&#8221; fullwidth=&#8221;off&#8221; specialty=&#8221;off&#8221; transparent_background=&#8221;off&#8221; background_color=&#8221;#9480bb&#8221; allow_player_pause=&#8221;off&#8221; inner_shadow=&#8221;off&#8221; parallax=&#8221;off&#8221; parallax_method=&#8221;off&#8221; padding_mobile=&#8221;off&#8221; make_fullwidth=&#8221;off&#8221; use_custom_width=&#8221;off&#8221; width_unit=&#8221;on&#8221; make_equal=&#8221;off&#8221; use_custom_gutter=&#8221;off&#8221; custom_padding=&#8221;0px||0px|&#8221;][et_pb_row admin_label=&#8221;Row&#8221; make_fullwidth=&#8221;on&#8221; use_custom_width=&#8221;off&#8221; width_unit=&#8221;on&#8221; use_custom_gutter=&#8221;off&#8221; padding_mobile=&#8221;off&#8221; background_color=&#8221;#9480bb&#8221; allow_player_pause=&#8221;off&#8221; parallax=&#8221;off&#8221; parallax_method=&#8221;off&#8221; make_equal=&#8221;off&#8221; parallax_1=&#8221;off&#8221; parallax_method_1=&#8221;off&#8221; column_padding_mobile=&#8221;on&#8221; custom_padding=&#8221;5px||5px|&#8221;][et_pb_column type=&#8221;4_4&#8243;][et_pb_text admin_label=&#8221;Wandern &amp; Yoga Urlaub&#8221; background_layout=&#8221;dark&#8221; text_orientation=&#8221;center&#8221; use_border_color=&#8221;off&#8221; border_color=&#8221;#ffffff&#8221; border_style=&#8221;solid&#8221;]<\/p>\n<h1>Wandern &amp; Yoga Urlaub<\/h1>\n<p>[\/et_pb_text][\/et_pb_column][\/et_pb_row][\/et_pb_section][et_pb_section admin_label=&#8221;Section&#8221; fullwidth=&#8221;off&#8221; specialty=&#8221;on&#8221;][et_pb_column type=&#8221;3_4&#8243; specialty_columns=&#8221;3&#8243;][et_pb_row_inner admin_label=&#8221;Row&#8221;][et_pb_column_inner type=&#8221;4_4&#8243; saved_specialty_column_type=&#8221;3_4&#8243;][et_pb_text admin_label=&#8221;Text&#8221; background_layout=&#8221;light&#8221; text_orientation=&#8221;left&#8221; use_border_color=&#8221;off&#8221; border_color=&#8221;#ffffff&#8221; border_style=&#8221;solid&#8221;]<\/p>\n<p>Unsere Ferienh\u00e4user befinden sich in der\u00a0H\u00fcgellandschaft au\u00dferhalb des pittoreskem Cornillon mitten im Herz des\u00a0&#8220;Vallee de la Ceze&#8221;. Umgeben von Weinbergen und Obstplantagen sind wir der beste Ort f\u00fcr Erholung\u00a0und Entdeckungsreisen zur Erkundung der spektakul\u00e4ren Region. Goudargues, die n\u00e4chst liegende Stadt, ist nur\u00a01,5 km\u00a0entfernt und bietet\u00a0Gesch\u00e4fte f\u00fcr den t\u00e4glichen Bedarf. Begleitend dazu bieten wir extra <a href=\"http:\/\/maisonbroche.com\/de\/wandern\/\">Wandern<\/a> &amp; <a href=\"http:\/\/maisonbroche.com\/de\/yoga-angebote-preise\/\">Yoga Urlaub<\/a> Pakete an.<\/p>\n<p><iframe src=\"https:\/\/www.google.com\/maps\/embed?pb=!1m18!1m12!1m3!1d3608.228503325561!2d4.471356315793809!3d44.229300835953595!2m3!1f0!2f0!3f0!3m2!1i1024!2i768!4f13.1!3m3!1m2!1s0x12b5ac046078f605%3A0xad0cfbd769bd7573!2sMaison+Broche+et+Clos+Neuf!5e1!3m2!1sen!2sie!4v1447682926230\" width=\"600\" height=\"450\" frameborder=\"0\" allowfullscreen=\"allowfullscreen\"><\/iframe><\/p>\n<p>Goudargues ist klein und malerisch und beherbergt in seinem Zentrum Caf\u00e9s, B\u00e4ckereien, Bars und Restaurants, alles leicht zu Fu\u00df oder per Rad erreichbar. Der Ort verf\u00fcgt auch \u00fcber zwei Superm\u00e4rkte, eine Tankstelle und einen Geldautomaten. All das bietet eine perfekte Balance zwischen dem Leben auf dem Land und der N\u00e4he zu Dingen des Alltags.<\/p>\n<p><img loading=\"lazy\" class=\"alignnone size-full wp-image-2510\" src=\"http:\/\/maisonbroche.com\/wp-content\/uploads\/2016\/12\/lavender-field.jpg\" alt=\"\" width=\"900\" height=\"638\" srcset=\"http:\/\/maisonbroche.com\/wp-content\/uploads\/2016\/12\/lavender-field.jpg 900w, http:\/\/maisonbroche.com\/wp-content\/uploads\/2016\/12\/lavender-field-300x213.jpg 300w, http:\/\/maisonbroche.com\/wp-content\/uploads\/2016\/12\/lavender-field-768x544.jpg 768w, http:\/\/maisonbroche.com\/wp-content\/uploads\/2016\/12\/lavender-field-100x71.jpg 100w\" sizes=\"(max-width: 900px) 100vw, 900px\" \/><\/p>\n<p>Maison Broche et Clos Neuf ist\u00a0darauf spezialisiert genau diese Erfahrungen an Familien, Freunde und einzelne Reisende weiterzugeben. Egal ob Sie einen Ort zum Entspannen oder einen Ausgangspunkt zur Erkundung der Region suchen, wir bieten Ihnen oder Ihrer Gruppe das Beste aus beiden Welten. Unser einmaliges altbewachsenes\u00a0Grundst\u00fcck\u00a0verf\u00fcgt \u00fcber\u00a0eine Vielzahl an Wohnungen und Ferienh\u00e4usern, die uns die M\u00f6glichkeit geben bis zu 14 Personen zu beherbergen. Die benachbarten Grundst\u00fccke erlauben es weitere Unterk\u00fcnfte optional hinzuzuziehen. Klicken Sie <a href=\"http:\/\/maisonbroche.com\/de\/entdecken\/\">HIER<\/a>,\u00a0um herauszufinden was das\u00a0&#8220;Vallee de la Ceze&#8221; und die Umgebung zu bieten hat. Angebote f\u00fcr Wandergruppen und Preise finden Sie nach dem Klick auf den folgenden Link <a href=\"http:\/\/maisonbroche.com\/de\/wandergruppenpreise\/\">HIER<\/a>.<\/p>\n<p>Z\u00f6gern Sie nicht mit uns Kontakt aufzunehmen und eventuelle Fragen zu stellen. Wir gehen liebend gern auf Ihre individuellen W\u00fcnsche ein, um Ihnen einen ganz pers\u00f6nlichen und auf Sie zugeschnittenen Urlaub bieten zu k\u00f6nnen. Wir helfen Ihnen gerne bei der Auswahl der f\u00fcr Sie passenden Unterkunft. Falls\u00a0Sie noch etwas Zus\u00e4tzliches\u00a0ben\u00f6tigen sollten, tun wir alles im Rahmen unserer M\u00f6glichkeiten, um Ihre Erwartungen zu erf\u00fcllen und zu \u00fcbertreffen. Kontaktieren Sie uns noch heute f\u00fcr einen unvergesslichen Urlaub!<\/p>\n<p>&nbsp;<\/p>\n<p>[\/et_pb_text][\/et_pb_column_inner][\/et_pb_row_inner][\/et_pb_column][et_pb_column type=&#8221;1_4&#8243;][et_pb_sidebar admin_label=&#8221;Sidebar&#8221; orientation=&#8221;left&#8221; area=&#8221;et_pb_widget_area_4&#8243; background_layout=&#8221;light&#8221; remove_border=&#8221;off&#8221;] [\/et_pb_sidebar][\/et_pb_column][\/et_pb_section]<\/p>\n","protected":false},"excerpt":{"rendered":"<p>[et_pb_section admin_label=&#8221;Section&#8221; fullwidth=&#8221;off&#8221; specialty=&#8221;off&#8221; transparent_background=&#8221;off&#8221; background_color=&#8221;#9480bb&#8221; allow_player_pause=&#8221;off&#8221; inner_shadow=&#8221;off&#8221; parallax=&#8221;off&#8221; parallax_method=&#8221;off&#8221; padding_mobile=&#8221;off&#8221; make_fullwidth=&#8221;off&#8221; use_custom_width=&#8221;off&#8221; width_unit=&#8221;on&#8221; make_equal=&#8221;off&#8221; use_custom_gutter=&#8221;off&#8221; custom_padding=&#8221;0px||0px|&#8221;][et_pb_row admin_label=&#8221;Row&#8221; make_fullwidth=&#8221;on&#8221; use_custom_width=&#8221;off&#8221; width_unit=&#8221;on&#8221; use_custom_gutter=&#8221;off&#8221; padding_mobile=&#8221;off&#8221; background_color=&#8221;#9480bb&#8221; allow_player_pause=&#8221;off&#8221; parallax=&#8221;off&#8221; parallax_method=&#8221;off&#8221; make_equal=&#8221;off&#8221; parallax_1=&#8221;off&#8221; parallax_method_1=&#8221;off&#8221; column_padding_mobile=&#8221;on&#8221; custom_padding=&#8221;5px||5px|&#8221;][et_pb_column type=&#8221;4_4&#8243;][et_pb_text admin_label=&#8221;Wandern &amp; Yoga Urlaub&#8221; background_layout=&#8221;dark&#8221; text_orientation=&#8221;center&#8221; use_border_color=&#8221;off&#8221; border_color=&#8221;#ffffff&#8221; border_style=&#8221;solid&#8221;] Wandern &amp; Yoga Urlaub [\/et_pb_text][\/et_pb_column][\/et_pb_row][\/et_pb_section][et_pb_section admin_label=&#8221;Section&#8221; fullwidth=&#8221;off&#8221; specialty=&#8221;on&#8221;][et_pb_column type=&#8221;3_4&#8243; specialty_columns=&#8221;3&#8243;][et_pb_row_inner admin_label=&#8221;Row&#8221;][et_pb_column_inner type=&#8221;4_4&#8243; saved_specialty_column_type=&#8221;3_4&#8243;][et_pb_text [&hellip;]<\/p>\n","protected":false},"author":1,"featured_media":0,"parent":0,"menu_order":0,"comment_status":"closed","ping_status":"closed","template":"","meta":{"_price":"","_stock":"","_tribe_ticket_header":"","_tribe_default_ticket_provider":"","_tribe_ticket_capacity":"0","_ticket_start_date":"","_ticket_end_date":"","_tribe_ticket_show_description":"","_tribe_ticket_show_not_going":false,"_tribe_ticket_use_global_stock":"","_tribe_ticket_global_stock_level":"","_global_stock_mode":"","_global_stock_cap":"","_tribe_rsvp_for_event":"","_tribe_ticket_going_count":"","_tribe_ticket_not_going_count":"","_tribe_tickets_list":[],"_tribe_ticket_has_attendee_info_fields":false},"_links":{"self":[{"href":"http:\/\/maisonbroche.com\/de\/wp-json\/wp\/v2\/pages\/602"}],"collection":[{"href":"http:\/\/maisonbroche.com\/de\/wp-json\/wp\/v2\/pages"}],"about":[{"href":"http:\/\/maisonbroche.com\/de\/wp-json\/wp\/v2\/types\/page"}],"author":[{"embeddable":true,"href":"http:\/\/maisonbroche.com\/de\/wp-json\/wp\/v2\/users\/1"}],"replies":[{"embeddable":true,"href":"http:\/\/maisonbroche.com\/de\/wp-json\/wp\/v2\/comments?post=602"}],"version-history":[{"count":7,"href":"http:\/\/maisonbroche.com\/de\/wp-json\/wp\/v2\/pages\/602\/revisions"}],"predecessor-version":[{"id":3145,"href":"http:\/\/maisonbroche.com\/de\/wp-json\/wp\/v2\/pages\/602\/revisions\/3145"}],"wp:attachment":[{"href":"http:\/\/maisonbroche.com\/de\/wp-json\/wp\/v2\/media?parent=602"}],"curies":[{"name":"wp","href":"https:\/\/api.w.org\/{rel}","templated":true}]}}