{"id":598,"date":"2014-12-09T15:06:36","date_gmt":"2014-12-09T15:06:36","guid":{"rendered":"http:\/\/maison-broche-clos-neuf.com\/?page_id=598"},"modified":"2019-05-26T14:15:46","modified_gmt":"2019-05-26T14:15:46","slug":"faqs","status":"publish","type":"page","link":"http:\/\/maisonbroche.com\/de\/faqs\/","title":{"rendered":"FAQs"},"content":{"rendered":"<p>[et_pb_section admin_label=&#8221;Section&#8221; fullwidth=&#8221;off&#8221; specialty=&#8221;off&#8221; transparent_background=&#8221;off&#8221; background_color=&#8221;#9480bb&#8221; allow_player_pause=&#8221;off&#8221; inner_shadow=&#8221;off&#8221; parallax=&#8221;off&#8221; parallax_method=&#8221;off&#8221; padding_mobile=&#8221;off&#8221; make_fullwidth=&#8221;off&#8221; use_custom_width=&#8221;off&#8221; width_unit=&#8221;on&#8221; make_equal=&#8221;off&#8221; use_custom_gutter=&#8221;off&#8221; custom_padding=&#8221;0px||0px|&#8221;][et_pb_row admin_label=&#8221;Row&#8221; make_fullwidth=&#8221;on&#8221; use_custom_width=&#8221;off&#8221; width_unit=&#8221;on&#8221; use_custom_gutter=&#8221;off&#8221; padding_mobile=&#8221;off&#8221; background_color=&#8221;#9480bb&#8221; allow_player_pause=&#8221;off&#8221; parallax=&#8221;off&#8221; parallax_method=&#8221;off&#8221; make_equal=&#8221;off&#8221; parallax_1=&#8221;off&#8221; parallax_method_1=&#8221;off&#8221; column_padding_mobile=&#8221;on&#8221; custom_padding=&#8221;5px||5px|&#8221;][et_pb_column type=&#8221;4_4&#8243;][et_pb_text admin_label=&#8221;FAQs&#8221; background_layout=&#8221;dark&#8221; text_orientation=&#8221;center&#8221; use_border_color=&#8221;off&#8221; border_color=&#8221;#ffffff&#8221; border_style=&#8221;solid&#8221;]<\/p>\n<h1>FAQs<\/h1>\n<p>[\/et_pb_text][\/et_pb_column][\/et_pb_row][\/et_pb_section][et_pb_section admin_label=&#8221;Section&#8221; fullwidth=&#8221;off&#8221; specialty=&#8221;on&#8221;][et_pb_column type=&#8221;3_4&#8243; specialty_columns=&#8221;3&#8243;][et_pb_row_inner admin_label=&#8221;Row&#8221;][et_pb_column_inner type=&#8221;4_4&#8243; saved_specialty_column_type=&#8221;3_4&#8243;][et_pb_text admin_label=&#8221;Text&#8221; background_layout=&#8221;light&#8221; text_orientation=&#8221;left&#8221; use_border_color=&#8221;off&#8221; border_color=&#8221;#ffffff&#8221; border_style=&#8221;solid&#8221;]<\/p>\n<h1>FAQ<\/h1>\n<ul>\n<li><strong>Gibt es vor Ort Internet?<\/strong><br \/>\nJa, alle H\u00e4user verf\u00fcgen \u00fcber Wifi\/Wlan. An dieser Stelle m\u00f6chte wir Sie hingegen darauf hinweisen, dass es aufgrund der Abgeschiedenheit\u00a0der Anlage in Ausnahmef\u00e4lle zu Unterbrechungen der Internetverbindung kommen kann.<\/li>\n<li><strong>Wann ist der Swimming Pool ge\u00f6ffnet?<\/strong><br \/>\nDer Swimming Pool ist jedes Jahr von Mai bis September ge\u00f6ffnet.<\/li>\n<li><strong>Ist der Swimming Pool beheizt?<\/strong><br \/>\nNein, aber die durchschnittliche Wassertemperatur betr\u00e4gt 26\u00b0C.<\/li>\n<li><strong>Ist der Swimming Pool f\u00fcr Kinder sicher?<\/strong><br \/>\nJa, beide Swimming Pools sind gem\u00e4\u00df franz\u00f6sischen Richtlinien eingez\u00e4unt. Alle T\u00fcren verf\u00fcgen \u00fcber Schl\u00f6sser und die Hausregel besagt, dass alle Tore zu jeder Zeit geschlossen sein\u00a0m\u00fcssen.<\/li>\n<li><strong>Wie erfolgt die geteilte Nutzung der Swimming Pools?<\/strong><br \/>\n\u201cPetite Maison Broche\u201d teilt einen\u00a0Swimming Pool mit der Familie\u00a0\u201cKrieger\u201d. \u201cCabrol\u201d, \u201cFortunie\u201d &amp; \u201cPetit Maison Clos Neuf\u201d teilen sich den\u00a0anderen Pool. Wir nehmen die maximale Anzahl an G\u00e4ste je Unterkunft sehr ernst und untersagen daher, dass G\u00e4ste Freunde w\u00e4hrend Ihres Aufenthalts dazu einladen d\u00fcrfen den Pool zu nutzen.<\/li>\n<li><strong>K\u00f6nnen Hunde mitgebracht werden?<\/strong><br \/>\nJa, bitte beachten Sie jedoch dass f\u00fcr Ihren Aufenthalt eine zus\u00e4tzliche Geb\u00fchr von 30\u20ac pro Tier anf\u00e4llt. Alle Tierbesitzer m\u00fcssen sich an die Hausordnung in Bezug auf die Haltung eines Tieres halten.<\/li>\n<li><strong>Sind die H\u00e4user f\u00fcr Kinder sicher?<\/strong><br \/>\nJa, bitte beachten Sie jedoch, dass beide H\u00e4user,\u00a0\u201cPetit Maison Broche\u201d und\u00a0\u201cCarol\u201d, Schlafzimmer im oberen Geschoss besitzen.<\/li>\n<li><strong>Sind die H\u00e4user auch f\u00fcr Kleinkinder geeignet?<\/strong><br \/>\nJa. Kleinkindbetten und Kinderbetten k\u00f6nnen bereit gestellt werden. Bitte beachten Sie auch, dass daf\u00fcr eine zus\u00e4tzliche Geb\u00fchr anf\u00e4llt. Hochst\u00fchle werden au\u00dferdem angeboten.<\/li>\n<li><strong>Wird die Verwendung eines Autos f\u00fcr den Aufenthalt vor Ort empfohlen?<\/strong><br \/>\nJa, da es kaum \u00f6ffentlichen Nahverkehr gibt. Ein Auto ist vor Ort\u00a0unabdingbar,\u00a0um die Gegend zu erkunden.<\/li>\n<li><strong>K\u00f6nnen Fahrr\u00e4der mitgebracht werden?<\/strong><br \/>\nJa, die Gegend ist leicht mit dem Rad zu erkunden.<\/li>\n<li><strong>Wie ist das Wetter im &#8220;(Monat)&#8221; normalerweise?<\/strong><br \/>\nBitte besuchen Sie\u00a0<a href=\"http:\/\/www.holiday-weather.com\/marseille\/averages\/\">www.holiday-weather.com<\/a>\u00a0f\u00fcr weitere Informationen.<\/li>\n<li><strong>Welche Sprache spricht das\u00a0Personal vor Ort im\u00a0\u201cMaison Broche &amp; Clos Neuf\u201d?<\/strong><br \/>\nWir sprechen flie\u00dfend Englisch, Deutsch und Franz\u00f6sisch.<\/li>\n<li><strong>Was passiert wenn ich w\u00e4hrend\u00a0meines Aufenthaltes Hilfe brauche oder jemand vom Personal kontaktieren m\u00f6chte?<\/strong><br \/>\nEin Mitglied unseres Personals ist immer vor Ort w\u00e4hrend der Mietsaison. Sie sind leicht zu erreichen und stets greifbar.<\/li>\n<li><strong>Gibt es eine Waschmaschine vor Ort?<\/strong><br \/>\nJa, jedes Haus hat Zugang zu dem Gemeinschaftsraum in dem\u00a0Sie eine Waschmaschine finden. Zudem stellen wir Ihnen alle Produkte, die Sie f\u00fcr das Waschen brauchen.<\/li>\n<li><strong>Um wieviel Uhr k\u00f6nnen wir Anreisen\/Abreisen?<\/strong><br \/>\nBitte beachten Sie, dass unsere \u00dcbergaben stets an einem Samstag erfolgen. Der Check-Out f\u00fcr abreisende G\u00e4ste erfolgt\u00a0bis\u00a009:00\u00a0Uhr\u00a0w\u00e4hrend ein\u00a0Check-In ab 16:00 Uhr m\u00f6glich ist. Wir bitten alle G\u00e4ste sich daran zu halten. Denn wir m\u00f6chten\u00a0allen G\u00e4sten\u00a0den gleichen Genuss des Aufenthalts bieten. Daher ist dieses Zeitfenster notwendig, um generelle T\u00e4tigkeiten wie Reinigung, generelle Wartungsarbeiten etc. durchzuf\u00fchren.<\/li>\n<li><strong>M\u00fcssen wir den Pool reinigen oder den Garten pflegen?<\/strong><br \/>\nNein, ein Mitglied des Personals wird zweimal am Tag (einmal am Morgen und einmal am Abend) den Pool reinigen und auch die Pflege des Gartens \u00fcbernehmen. Bei der Aus\u00fcbung dieser T\u00e4tigkeiten\u00a0versuchen wir so viel R\u00fccksicht wie m\u00f6glich auf Ihren Aufenthalt zu nehmen.<\/li>\n<li><strong>Was k\u00f6nnen wir in Cornillon\/Goudargues etc. unternehmen?<\/strong><br \/>\nBitte schauen Sie sich dazu die Rubrik &#8220;<a href=\"http:\/\/maisonbroche.com\/de\/entdecken\/\">Entdecken<\/a>&#8221; auf unsere Website an, um dazu mehr zu erfahren. Au\u00dferdem liegen in jedem Haus Indomaterialien aus mit Detailinformationen \u00fcber das was die Region zu bieten hat.<\/li>\n<li><strong>Mein Franz\u00f6sisch ist nicht sehr gut, stellt das ein Problem dar?<\/strong><br \/>\nNein, unser Personal ist mehrsprachig. Viele Einwohner haben zudem Erfahrung mit Fremden, die nur gebrochen Franz\u00f6sisch sprechen.<\/li>\n<li><strong>Wie sieht das lokale Dienstleistungsangebot aus?<\/strong><br \/>\nAlles Notwendige f\u00fcr den t\u00e4glichen Bedarf ist in 1,5 km erreichbar. Dabei handelt es sich um Superm\u00e4rkte, B\u00e4ckereien, Tankstelle, Geldautomat etc. F\u00fcr weitere Informationen klicken Sie bitte auf den folgenden Link\u00a0<a href=\"http:\/\/maisonbroche.com\/de\/entdecken\/\">Entdecken Sie die Umgebung<\/a>.<\/li>\n<\/ul>\n<p>[\/et_pb_text][\/et_pb_column_inner][\/et_pb_row_inner][\/et_pb_column][et_pb_column type=&#8221;1_4&#8243;][et_pb_sidebar admin_label=&#8221;Sidebar&#8221; orientation=&#8221;left&#8221; area=&#8221;et_pb_widget_area_4&#8243; background_layout=&#8221;light&#8221; remove_border=&#8221;off&#8221;] [\/et_pb_sidebar][\/et_pb_column][\/et_pb_section]<\/p>\n","protected":false},"excerpt":{"rendered":"<p>[et_pb_section admin_label=&#8221;Section&#8221; fullwidth=&#8221;off&#8221; specialty=&#8221;off&#8221; transparent_background=&#8221;off&#8221; background_color=&#8221;#9480bb&#8221; allow_player_pause=&#8221;off&#8221; inner_shadow=&#8221;off&#8221; parallax=&#8221;off&#8221; parallax_method=&#8221;off&#8221; padding_mobile=&#8221;off&#8221; make_fullwidth=&#8221;off&#8221; use_custom_width=&#8221;off&#8221; width_unit=&#8221;on&#8221; make_equal=&#8221;off&#8221; use_custom_gutter=&#8221;off&#8221; custom_padding=&#8221;0px||0px|&#8221;][et_pb_row admin_label=&#8221;Row&#8221; make_fullwidth=&#8221;on&#8221; use_custom_width=&#8221;off&#8221; width_unit=&#8221;on&#8221; use_custom_gutter=&#8221;off&#8221; padding_mobile=&#8221;off&#8221; background_color=&#8221;#9480bb&#8221; allow_player_pause=&#8221;off&#8221; parallax=&#8221;off&#8221; parallax_method=&#8221;off&#8221; make_equal=&#8221;off&#8221; parallax_1=&#8221;off&#8221; parallax_method_1=&#8221;off&#8221; column_padding_mobile=&#8221;on&#8221; custom_padding=&#8221;5px||5px|&#8221;][et_pb_column type=&#8221;4_4&#8243;][et_pb_text admin_label=&#8221;FAQs&#8221; background_layout=&#8221;dark&#8221; text_orientation=&#8221;center&#8221; use_border_color=&#8221;off&#8221; border_color=&#8221;#ffffff&#8221; border_style=&#8221;solid&#8221;] FAQs [\/et_pb_text][\/et_pb_column][\/et_pb_row][\/et_pb_section][et_pb_section admin_label=&#8221;Section&#8221; fullwidth=&#8221;off&#8221; specialty=&#8221;on&#8221;][et_pb_column type=&#8221;3_4&#8243; specialty_columns=&#8221;3&#8243;][et_pb_row_inner admin_label=&#8221;Row&#8221;][et_pb_column_inner type=&#8221;4_4&#8243; saved_specialty_column_type=&#8221;3_4&#8243;][et_pb_text admin_label=&#8221;Text&#8221; background_layout=&#8221;light&#8221; text_orientation=&#8221;left&#8221; use_border_color=&#8221;off&#8221; border_color=&#8221;#ffffff&#8221; border_style=&#8221;solid&#8221;] [&hellip;]<\/p>\n","protected":false},"author":1,"featured_media":0,"parent":0,"menu_order":0,"comment_status":"closed","ping_status":"closed","template":"","meta":{"_price":"","_stock":"","_tribe_ticket_header":"","_tribe_default_ticket_provider":"","_tribe_ticket_capacity":"0","_ticket_start_date":"","_ticket_end_date":"","_tribe_ticket_show_description":"","_tribe_ticket_show_not_going":false,"_tribe_ticket_use_global_stock":"","_tribe_ticket_global_stock_level":"","_global_stock_mode":"","_global_stock_cap":"","_tribe_rsvp_for_event":"","_tribe_ticket_going_count":"","_tribe_ticket_not_going_count":"","_tribe_tickets_list":[],"_tribe_ticket_has_attendee_info_fields":false},"_links":{"self":[{"href":"http:\/\/maisonbroche.com\/de\/wp-json\/wp\/v2\/pages\/598"}],"collection":[{"href":"http:\/\/maisonbroche.com\/de\/wp-json\/wp\/v2\/pages"}],"about":[{"href":"http:\/\/maisonbroche.com\/de\/wp-json\/wp\/v2\/types\/page"}],"author":[{"embeddable":true,"href":"http:\/\/maisonbroche.com\/de\/wp-json\/wp\/v2\/users\/1"}],"replies":[{"embeddable":true,"href":"http:\/\/maisonbroche.com\/de\/wp-json\/wp\/v2\/comments?post=598"}],"version-history":[{"count":4,"href":"http:\/\/maisonbroche.com\/de\/wp-json\/wp\/v2\/pages\/598\/revisions"}],"predecessor-version":[{"id":3467,"href":"http:\/\/maisonbroche.com\/de\/wp-json\/wp\/v2\/pages\/598\/revisions\/3467"}],"wp:attachment":[{"href":"http:\/\/maisonbroche.com\/de\/wp-json\/wp\/v2\/media?parent=598"}],"curies":[{"name":"wp","href":"https:\/\/api.w.org\/{rel}","templated":true}]}}