{"id":592,"date":"2014-12-09T15:04:50","date_gmt":"2014-12-09T15:04:50","guid":{"rendered":"http:\/\/maison-broche-clos-neuf.com\/?page_id=592"},"modified":"2019-05-26T14:29:11","modified_gmt":"2019-05-26T14:29:11","slug":"anfahrt","status":"publish","type":"page","link":"http:\/\/maisonbroche.com\/de\/anfahrt\/","title":{"rendered":"Anfahrt"},"content":{"rendered":"<p>[et_pb_section admin_label=&#8221;Section&#8221; fullwidth=&#8221;off&#8221; specialty=&#8221;off&#8221; transparent_background=&#8221;off&#8221; background_color=&#8221;#9480bb&#8221; allow_player_pause=&#8221;off&#8221; inner_shadow=&#8221;off&#8221; parallax=&#8221;off&#8221; parallax_method=&#8221;off&#8221; padding_mobile=&#8221;off&#8221; make_fullwidth=&#8221;off&#8221; use_custom_width=&#8221;off&#8221; width_unit=&#8221;on&#8221; make_equal=&#8221;off&#8221; use_custom_gutter=&#8221;off&#8221; custom_padding=&#8221;0px||0px|&#8221;][et_pb_row admin_label=&#8221;Row&#8221; make_fullwidth=&#8221;on&#8221; use_custom_width=&#8221;off&#8221; width_unit=&#8221;on&#8221; use_custom_gutter=&#8221;off&#8221; padding_mobile=&#8221;off&#8221; background_color=&#8221;#9480bb&#8221; allow_player_pause=&#8221;off&#8221; parallax=&#8221;off&#8221; parallax_method=&#8221;off&#8221; make_equal=&#8221;off&#8221; parallax_1=&#8221;off&#8221; parallax_method_1=&#8221;off&#8221; column_padding_mobile=&#8221;on&#8221; custom_padding=&#8221;5px||5px|&#8221;][et_pb_column type=&#8221;4_4&#8243;][et_pb_text admin_label=&#8221;Einige Informationen f\u00fcr Ihre Anfahrt&#8221; background_layout=&#8221;dark&#8221; text_orientation=&#8221;center&#8221; use_border_color=&#8221;off&#8221; border_color=&#8221;#ffffff&#8221; border_style=&#8221;solid&#8221;]<\/p>\n<h1 class=\"title-style1\">Einige Informationen f\u00fcr Ihre Anfahrt<\/h1>\n<p>[\/et_pb_text][\/et_pb_column][\/et_pb_row][\/et_pb_section][et_pb_section admin_label=&#8221;Section&#8221; fullwidth=&#8221;off&#8221; specialty=&#8221;on&#8221;][et_pb_column type=&#8221;3_4&#8243; specialty_columns=&#8221;3&#8243;][et_pb_row_inner admin_label=&#8221;Row&#8221;][et_pb_column_inner type=&#8221;4_4&#8243; saved_specialty_column_type=&#8221;3_4&#8243;][et_pb_text admin_label=&#8221;Text&#8221; background_layout=&#8221;light&#8221; text_orientation=&#8221;left&#8221; use_border_color=&#8221;off&#8221; border_color=&#8221;#ffffff&#8221; border_style=&#8221;solid&#8221;]<\/p>\n<h3>Google Maps<\/h3>\n<div class=\"title-block\"><\/div>\n<p><iframe style=\"border: 0;\" src=\"https:\/\/www.google.com\/maps\/embed?pb=!1m18!1m12!1m3!1d45742.68290152493!2d4.438525657640974!3d44.229353153964965!2m3!1f0!2f0!3f0!3m2!1i1024!2i768!4f13.1!3m3!1m2!1s0x12b5ac046078f605%3A0xad0cfbd769bd7573!2sMaison+Broche+et+Clos+Neuf!5e0!3m2!1sen!2sde!4v1447422911307\" width=\"600\" height=\"450\" frameborder=\"0\" allowfullscreen=\"allowfullscreen\"><\/iframe><\/p>\n<h3 class=\"title-style1\">GPS<\/h3>\n<div class=\"title-block\"><\/div>\n<p>44.2293532,4.4385257<\/p>\n<h4>Mit dem Auto<\/h4>\n<ul>\n<li>Von Lyon (220km, 2,5 stunden)<\/li>\n<\/ul>\n<p>Autoroute du Soleil \/ A7 &#8211; Richtung Marseille\/Nimes (200km)<br \/>\nAn der Anschlu\u00dfstelle Boll\u00e8ne (19) rechts abfahren von Autoroute du Soleil \/ A7 \/ E15<br \/>\nBeschilderung: C.N. Tricastin \/ Pont St Esprit \/ Al\u00e8s \/ Boll\u00e8ne \/ Vaison la Romaine<br \/>\nIn Boll\u00e8ne erste Ausfahrt aus dem Kreisverkehr nehmen Richtung\u00a0Avenue Jean Monnet \/ D994<br \/>\nWeiter in Richtung Bagnols sur Ceze<br \/>\nKurz vor\u00a0Bagnols sur Ceze am &#8220;McDonalds&#8221; &amp; &#8220;Leader Price&#8221; erste Ausfahrt des\u00a0Kreisverkehrs\u00a0nehmen\u00a0auf die D980 Richtung Goudargues\/Barjac<br \/>\nCornillon abfahren und dann an Goudargues vorbei fahren. 700m nach &#8220;Samse&#8221; rechts abbiegen (Cabrol Schild) auf die kleine Landstrasse.<\/p>\n<h4>Flughafen<\/h4>\n<p>In der Region gibt es mehrere Flugh\u00e4fen. Zahlreiche Fluggesellschaften wie Ryanair, Germanwings und Easyjet bieten regelm\u00e4\u00dfige Verbindungen das ganze Jahr \u00fcber an.<\/p>\n<ul>\n<li><a href=\"http:\/\/www.lyonaeroports.com\">Lyon\u00a0Flughafen<\/a><\/li>\n<li><a href=\"http:\/\/www.aeroport-nimes.fr\/home\">Nimes\u00a0Flughafen<\/a><\/li>\n<li><a href=\"http:\/\/www.aeroport-carcassonne.com\/\">Carcassone\u00a0Flughafen<\/a><\/li>\n<li><a href=\"http:\/\/www.montpellier.aeroport.fr\/\">Montpellier Flughafen<\/a><\/li>\n<li><a href=\"http:\/\/www.mp2.aeroport.fr\/\">Marseille\u00a0Flughafen<\/a><\/li>\n<li><a href=\"http:\/\/en.nice.aeroport.fr\/\">Nice\u00a0Flugahfen<\/a><\/li>\n<\/ul>\n<h4>Z\u00fcge<\/h4>\n<p>Die n\u00e4chstgelegene Haltestelle f\u00fcr den Reginal Zug (TER) ist &#8220;Bollene&#8221;. Die n\u00e4chste TGV-Haltestellen befinden sich in &#8220;Avignon&#8221; und &#8220;Nimes&#8221;. Bitte benutzen Sie die <a href=\"http:\/\/www.sncf.com\">sncf.com<\/a>\u00a0oder <a href=\"http:\/\/www.bahn.de\">www.bahn.de<\/a> Seiten, um Zug Ziele und Zeitpl\u00e4nen einzusehen. Sie finden t\u00e4glich einen TGV Frankfurt HBF &#8211; Avignon TGV.<\/p>\n<p>Bitte beachten Sie, dass wir f\u00fcr Ihren Aufenthalt die Verwendung eines\u00a0Auto empfehlen. Vor Ort gibt es nur begrenzt \u00f6ffentliche Verkehrsmittel, was\u00a0ein Auto unerl\u00e4sslich macht.<\/p>\n<p>&nbsp;<\/p>\n<h4>N\u00fctzliche und gute Webseiten zur Vorbereitung f\u00fcr Ihrer Reise<\/h4>\n<ul>\n<li><a href=\"http:\/\/routes.tomtom.com\/\" target=\"blank\">routes.tomtom.com<\/a><\/li>\n<li><a href=\"http:\/\/www.viamichelin.com\" target=\"blank\">viamichelin.com<\/a><\/li>\n<li><a href=\"http:\/\/www.theaa.com\/route-planner\/\" target=\"blank\">AA Route Planner<\/a><\/li>\n<\/ul>\n<p>[\/et_pb_text][\/et_pb_column_inner][\/et_pb_row_inner][\/et_pb_column][et_pb_column type=&#8221;1_4&#8243;][et_pb_sidebar admin_label=&#8221;Sidebar&#8221; orientation=&#8221;left&#8221; area=&#8221;et_pb_widget_area_4&#8243; background_layout=&#8221;light&#8221; remove_border=&#8221;off&#8221;] [\/et_pb_sidebar][\/et_pb_column][\/et_pb_section]<\/p>\n","protected":false},"excerpt":{"rendered":"<p>[et_pb_section admin_label=&#8221;Section&#8221; fullwidth=&#8221;off&#8221; specialty=&#8221;off&#8221; transparent_background=&#8221;off&#8221; background_color=&#8221;#9480bb&#8221; allow_player_pause=&#8221;off&#8221; inner_shadow=&#8221;off&#8221; parallax=&#8221;off&#8221; parallax_method=&#8221;off&#8221; padding_mobile=&#8221;off&#8221; make_fullwidth=&#8221;off&#8221; use_custom_width=&#8221;off&#8221; width_unit=&#8221;on&#8221; make_equal=&#8221;off&#8221; use_custom_gutter=&#8221;off&#8221; custom_padding=&#8221;0px||0px|&#8221;][et_pb_row admin_label=&#8221;Row&#8221; make_fullwidth=&#8221;on&#8221; use_custom_width=&#8221;off&#8221; width_unit=&#8221;on&#8221; use_custom_gutter=&#8221;off&#8221; padding_mobile=&#8221;off&#8221; background_color=&#8221;#9480bb&#8221; allow_player_pause=&#8221;off&#8221; parallax=&#8221;off&#8221; parallax_method=&#8221;off&#8221; make_equal=&#8221;off&#8221; parallax_1=&#8221;off&#8221; parallax_method_1=&#8221;off&#8221; column_padding_mobile=&#8221;on&#8221; custom_padding=&#8221;5px||5px|&#8221;][et_pb_column type=&#8221;4_4&#8243;][et_pb_text admin_label=&#8221;Einige Informationen f\u00fcr Ihre Anfahrt&#8221; background_layout=&#8221;dark&#8221; text_orientation=&#8221;center&#8221; use_border_color=&#8221;off&#8221; border_color=&#8221;#ffffff&#8221; border_style=&#8221;solid&#8221;] Einige Informationen f\u00fcr Ihre Anfahrt [\/et_pb_text][\/et_pb_column][\/et_pb_row][\/et_pb_section][et_pb_section admin_label=&#8221;Section&#8221; fullwidth=&#8221;off&#8221; specialty=&#8221;on&#8221;][et_pb_column type=&#8221;3_4&#8243; specialty_columns=&#8221;3&#8243;][et_pb_row_inner admin_label=&#8221;Row&#8221;][et_pb_column_inner [&hellip;]<\/p>\n","protected":false},"author":1,"featured_media":0,"parent":0,"menu_order":0,"comment_status":"closed","ping_status":"closed","template":"","meta":{"_price":"","_stock":"","_tribe_ticket_header":"","_tribe_default_ticket_provider":"","_tribe_ticket_capacity":"0","_ticket_start_date":"","_ticket_end_date":"","_tribe_ticket_show_description":"","_tribe_ticket_show_not_going":false,"_tribe_ticket_use_global_stock":"","_tribe_ticket_global_stock_level":"","_global_stock_mode":"","_global_stock_cap":"","_tribe_rsvp_for_event":"","_tribe_ticket_going_count":"","_tribe_ticket_not_going_count":"","_tribe_tickets_list":[],"_tribe_ticket_has_attendee_info_fields":false},"_links":{"self":[{"href":"http:\/\/maisonbroche.com\/de\/wp-json\/wp\/v2\/pages\/592"}],"collection":[{"href":"http:\/\/maisonbroche.com\/de\/wp-json\/wp\/v2\/pages"}],"about":[{"href":"http:\/\/maisonbroche.com\/de\/wp-json\/wp\/v2\/types\/page"}],"author":[{"embeddable":true,"href":"http:\/\/maisonbroche.com\/de\/wp-json\/wp\/v2\/users\/1"}],"replies":[{"embeddable":true,"href":"http:\/\/maisonbroche.com\/de\/wp-json\/wp\/v2\/comments?post=592"}],"version-history":[{"count":6,"href":"http:\/\/maisonbroche.com\/de\/wp-json\/wp\/v2\/pages\/592\/revisions"}],"predecessor-version":[{"id":3472,"href":"http:\/\/maisonbroche.com\/de\/wp-json\/wp\/v2\/pages\/592\/revisions\/3472"}],"wp:attachment":[{"href":"http:\/\/maisonbroche.com\/de\/wp-json\/wp\/v2\/media?parent=592"}],"curies":[{"name":"wp","href":"https:\/\/api.w.org\/{rel}","templated":true}]}}