{"id":573,"date":"2014-08-13T21:32:57","date_gmt":"2014-08-13T21:32:57","guid":{"rendered":"http:\/\/maison-broche-clos-neuf.com\/?page_id=573"},"modified":"2019-05-26T14:18:15","modified_gmt":"2019-05-26T14:18:15","slug":"uber-uns","status":"publish","type":"page","link":"http:\/\/maisonbroche.com\/de\/uber-uns\/","title":{"rendered":"\u00dcber uns"},"content":{"rendered":"<p>[et_pb_section admin_label=&#8221;Section&#8221; fullwidth=&#8221;off&#8221; specialty=&#8221;off&#8221; transparent_background=&#8221;off&#8221; background_color=&#8221;#9480bb&#8221; allow_player_pause=&#8221;off&#8221; inner_shadow=&#8221;off&#8221; parallax=&#8221;off&#8221; parallax_method=&#8221;off&#8221; padding_mobile=&#8221;off&#8221; make_fullwidth=&#8221;off&#8221; use_custom_width=&#8221;off&#8221; width_unit=&#8221;on&#8221; make_equal=&#8221;off&#8221; use_custom_gutter=&#8221;off&#8221; custom_padding=&#8221;0px||0px|&#8221;][et_pb_row admin_label=&#8221;Row&#8221; make_fullwidth=&#8221;on&#8221; use_custom_width=&#8221;off&#8221; width_unit=&#8221;on&#8221; use_custom_gutter=&#8221;off&#8221; padding_mobile=&#8221;off&#8221; background_color=&#8221;#9480bb&#8221; allow_player_pause=&#8221;off&#8221; parallax=&#8221;off&#8221; parallax_method=&#8221;off&#8221; make_equal=&#8221;off&#8221; parallax_1=&#8221;off&#8221; parallax_method_1=&#8221;off&#8221; column_padding_mobile=&#8221;on&#8221; custom_padding=&#8221;5px||5px|&#8221;][et_pb_column type=&#8221;4_4&#8243;][et_pb_text admin_label=&#8221;\u00dcber uns&#8221; background_layout=&#8221;dark&#8221; text_orientation=&#8221;center&#8221; use_border_color=&#8221;off&#8221; border_color=&#8221;#ffffff&#8221; border_style=&#8221;solid&#8221;]<\/p>\n<h1>\u00dcber Uns<\/h1>\n<p>[\/et_pb_text][\/et_pb_column][\/et_pb_row][\/et_pb_section][et_pb_section admin_label=&#8221;Section&#8221; fullwidth=&#8221;off&#8221; specialty=&#8221;on&#8221;][et_pb_column type=&#8221;3_4&#8243; specialty_columns=&#8221;3&#8243;][et_pb_row_inner admin_label=&#8221;Row&#8221;][et_pb_column_inner type=&#8221;4_4&#8243; saved_specialty_column_type=&#8221;3_4&#8243;][et_pb_text admin_label=&#8221;Text&#8221; background_layout=&#8221;light&#8221; text_orientation=&#8221;left&#8221; use_border_color=&#8221;off&#8221; border_color=&#8221;#ffffff&#8221; border_style=&#8221;solid&#8221;]<\/p>\n<p><img loading=\"lazy\" class=\"aligncenter wp-image-3285 size-large\" src=\"http:\/\/maisonbroche.com\/wp-content\/uploads\/2017\/02\/Freiburg-2014-1024x768.jpg\" width=\"1024\" height=\"768\" srcset=\"http:\/\/maisonbroche.com\/wp-content\/uploads\/2017\/02\/Freiburg-2014-1024x768.jpg 1024w, http:\/\/maisonbroche.com\/wp-content\/uploads\/2017\/02\/Freiburg-2014-300x225.jpg 300w, http:\/\/maisonbroche.com\/wp-content\/uploads\/2017\/02\/Freiburg-2014-768x576.jpg 768w, http:\/\/maisonbroche.com\/wp-content\/uploads\/2017\/02\/Freiburg-2014-510x382.jpg 510w, http:\/\/maisonbroche.com\/wp-content\/uploads\/2017\/02\/Freiburg-2014-1080x810.jpg 1080w\" sizes=\"(max-width: 1024px) 100vw, 1024px\" \/><\/p>\n<p>Willkommen auf unserer Website! \u00dcber uns gibt es viel zu erfahren, aber fangen wir klein an. Wir sind ein familiengef\u00fchrtes Unternehmen und bieten seit 10 Jahren unseren G\u00e4sten Ferienh\u00e4user in Frankreich an. Wir sind stolz darauf Ihnen f\u00fcr Ihren Urlaub unser einzigartiges Objekt im &#8220;Vall\u00e9e de la C\u00e8ze\u201c anbieten zu k\u00f6nnen.\u00a0Unsere Familie selbst verliebte sich in die Region vor mehr als 20 Jahren, als wir selbst hier Urlaub machten. \u00a0Und unsere Motivation ist es\u00a0die Liebe f\u00fcr diesen Ort mit unseren G\u00e4sten zu teilen.<\/p>\n<p>Hallo, ich bin Simon, der Manager und Inhaber von Maison Broche et Clos Neuf. Das Gesch\u00e4ft mit dem Ferienhaus wurde urspr\u00fcnglich von meinen Eltern Monika und Hubert Krieger gestartet. Im vergangenen Jahr habe ich das Gesch\u00e4ft \u00fcbernommen und arbeite hart daran den Austausch mit unseren G\u00e4ste zu erh\u00f6hen. Ich wurde in Deutschland geboren und habe dann 25 Jahre in Irland gelebt. Mein multikultureller Hintergrund hat mich Offenheit gelehrt und mir gezeigt die Vielf\u00e4ltigkeit des Lebens zu genie\u00dfen. Ich liebe es mehr \u00fcber die fremde Kulturen der Menschen zu erfahren, die bei uns zu Gast sind. Jedes Jahr haben wir G\u00e4ste aus Italien, Spanien, Portugal, Schweiz und von aus vielen weiteren Teilen der ganzen Welt. Und einer der gr\u00f6\u00dften Freuden dabei ist es die G\u00e4ste zu empfangen, die jedes Jahr wiederkehren.<\/p>\n<p>Obwohl ich Maison Broche \u00fcbernommen habe kehren meine Eltern regelm\u00e4\u00dfig auf das Anwesen zur\u00fcck, um Ihren Ruhestand zwischen Cornillon und K\u00f6ln\u00a0zu genie\u00dfen. Sie sind begeisterte Wanderer und schlagen stets die Wanderwege ein wenn sie vor Ort sind. Mein Bruder Julian und meine Schwester Lisa kommen auch oft zu Besuch und gehen mir zur Hand w\u00e4hrend sie die wundersch\u00f6ne Region genie\u00dfen. Lisa\u00a0kriegt einfach nicht genug von dem herrlichen Wetter hier und liegt oft am Pool, um ein Sonnenbad zu nehmen.<\/p>\n<p>Was mich betrifft arbeite ich w\u00e4hrend der Saison in Frankreich und wohne auf dem Grundst\u00fcck meiner Eltern. Ich oder meine Eltern sind stets vor Ort, um Ihnen bei eventuellen Fragen zur Verf\u00fcgung zu stehen, Ihnen Tipps f\u00fcr Ihr Ausfl\u00fcge zu geben oder anderweitig behilflich zu sein. Ich verbringe viel Zeit damit mit Einheimischen zu arbeiten und habe zudem ein zus\u00e4tzliches Gesch\u00e4ft aufgebaut, um die regionalen Weltklasse Lavendel Produkte zu exportieren. Die Kultur S\u00fcdfrankreichs und die damit verbundene Lebensweise ist einfach ein Teil\u00a0meines Lebens geworden.<\/p>\n<p>&nbsp;<\/p>\n<p>[\/et_pb_text][\/et_pb_column_inner][\/et_pb_row_inner][\/et_pb_column][et_pb_column type=&#8221;1_4&#8243;][et_pb_sidebar admin_label=&#8221;Sidebar&#8221; orientation=&#8221;left&#8221; area=&#8221;et_pb_widget_area_4&#8243; background_layout=&#8221;light&#8221; remove_border=&#8221;off&#8221;] [\/et_pb_sidebar][\/et_pb_column][\/et_pb_section]<\/p>\n","protected":false},"excerpt":{"rendered":"<p>[et_pb_section admin_label=&#8221;Section&#8221; fullwidth=&#8221;off&#8221; specialty=&#8221;off&#8221; transparent_background=&#8221;off&#8221; background_color=&#8221;#9480bb&#8221; allow_player_pause=&#8221;off&#8221; inner_shadow=&#8221;off&#8221; parallax=&#8221;off&#8221; parallax_method=&#8221;off&#8221; padding_mobile=&#8221;off&#8221; make_fullwidth=&#8221;off&#8221; use_custom_width=&#8221;off&#8221; width_unit=&#8221;on&#8221; make_equal=&#8221;off&#8221; use_custom_gutter=&#8221;off&#8221; custom_padding=&#8221;0px||0px|&#8221;][et_pb_row admin_label=&#8221;Row&#8221; make_fullwidth=&#8221;on&#8221; use_custom_width=&#8221;off&#8221; width_unit=&#8221;on&#8221; use_custom_gutter=&#8221;off&#8221; padding_mobile=&#8221;off&#8221; background_color=&#8221;#9480bb&#8221; allow_player_pause=&#8221;off&#8221; parallax=&#8221;off&#8221; parallax_method=&#8221;off&#8221; make_equal=&#8221;off&#8221; parallax_1=&#8221;off&#8221; parallax_method_1=&#8221;off&#8221; column_padding_mobile=&#8221;on&#8221; custom_padding=&#8221;5px||5px|&#8221;][et_pb_column type=&#8221;4_4&#8243;][et_pb_text admin_label=&#8221;\u00dcber uns&#8221; background_layout=&#8221;dark&#8221; text_orientation=&#8221;center&#8221; use_border_color=&#8221;off&#8221; border_color=&#8221;#ffffff&#8221; border_style=&#8221;solid&#8221;] \u00dcber Uns [\/et_pb_text][\/et_pb_column][\/et_pb_row][\/et_pb_section][et_pb_section admin_label=&#8221;Section&#8221; fullwidth=&#8221;off&#8221; specialty=&#8221;on&#8221;][et_pb_column type=&#8221;3_4&#8243; specialty_columns=&#8221;3&#8243;][et_pb_row_inner admin_label=&#8221;Row&#8221;][et_pb_column_inner type=&#8221;4_4&#8243; saved_specialty_column_type=&#8221;3_4&#8243;][et_pb_text admin_label=&#8221;Text&#8221; background_layout=&#8221;light&#8221; text_orientation=&#8221;left&#8221; use_border_color=&#8221;off&#8221; [&hellip;]<\/p>\n","protected":false},"author":1,"featured_media":0,"parent":0,"menu_order":0,"comment_status":"closed","ping_status":"closed","template":"","meta":{"_price":"","_stock":"","_tribe_ticket_header":"","_tribe_default_ticket_provider":"","_tribe_ticket_capacity":"0","_ticket_start_date":"","_ticket_end_date":"","_tribe_ticket_show_description":"","_tribe_ticket_show_not_going":false,"_tribe_ticket_use_global_stock":"","_tribe_ticket_global_stock_level":"","_global_stock_mode":"","_global_stock_cap":"","_tribe_rsvp_for_event":"","_tribe_ticket_going_count":"","_tribe_ticket_not_going_count":"","_tribe_tickets_list":[],"_tribe_ticket_has_attendee_info_fields":false},"_links":{"self":[{"href":"http:\/\/maisonbroche.com\/de\/wp-json\/wp\/v2\/pages\/573"}],"collection":[{"href":"http:\/\/maisonbroche.com\/de\/wp-json\/wp\/v2\/pages"}],"about":[{"href":"http:\/\/maisonbroche.com\/de\/wp-json\/wp\/v2\/types\/page"}],"author":[{"embeddable":true,"href":"http:\/\/maisonbroche.com\/de\/wp-json\/wp\/v2\/users\/1"}],"replies":[{"embeddable":true,"href":"http:\/\/maisonbroche.com\/de\/wp-json\/wp\/v2\/comments?post=573"}],"version-history":[{"count":5,"href":"http:\/\/maisonbroche.com\/de\/wp-json\/wp\/v2\/pages\/573\/revisions"}],"predecessor-version":[{"id":3468,"href":"http:\/\/maisonbroche.com\/de\/wp-json\/wp\/v2\/pages\/573\/revisions\/3468"}],"wp:attachment":[{"href":"http:\/\/maisonbroche.com\/de\/wp-json\/wp\/v2\/media?parent=573"}],"curies":[{"name":"wp","href":"https:\/\/api.w.org\/{rel}","templated":true}]}}