{"id":2618,"date":"2016-12-08T20:45:33","date_gmt":"2016-12-08T20:45:33","guid":{"rendered":"http:\/\/maisonbroche.com\/?page_id=2618&#038;lang=de"},"modified":"2019-05-26T14:11:48","modified_gmt":"2019-05-26T14:11:48","slug":"home","status":"publish","type":"page","link":"http:\/\/maisonbroche.com\/de\/","title":{"rendered":"Home"},"content":{"rendered":"<p>[et_pb_section admin_label=&#8221;Section&#8221; fullwidth=&#8221;on&#8221; specialty=&#8221;off&#8221; transparent_background=&#8221;off&#8221; allow_player_pause=&#8221;off&#8221; inner_shadow=&#8221;off&#8221; parallax=&#8221;off&#8221; parallax_method=&#8221;off&#8221; padding_mobile=&#8221;off&#8221; make_fullwidth=&#8221;off&#8221; use_custom_width=&#8221;off&#8221; width_unit=&#8221;on&#8221; make_equal=&#8221;off&#8221; use_custom_gutter=&#8221;off&#8221;][et_pb_fullwidth_slider admin_label=&#8221;Fullwidth Slider&#8221; show_arrows=&#8221;on&#8221; show_pagination=&#8221;on&#8221; auto=&#8221;on&#8221; auto_ignore_hover=&#8221;on&#8221; parallax=&#8221;off&#8221; parallax_method=&#8221;on&#8221; remove_inner_shadow=&#8221;off&#8221; background_position=&#8221;default&#8221; background_size=&#8221;default&#8221; hide_content_on_mobile=&#8221;off&#8221; hide_cta_on_mobile=&#8221;off&#8221; show_image_video_mobile=&#8221;off&#8221; custom_button=&#8221;off&#8221; button_letter_spacing=&#8221;0&#8243; button_use_icon=&#8221;default&#8221; button_icon_placement=&#8221;right&#8221; button_on_hover=&#8221;on&#8221; button_letter_spacing_hover=&#8221;0&#8243; module_id=&#8221;homeslider&#8221; auto_speed=&#8221;3500&#8243;] [et_pb_slide background_image=&#8221;http:\/\/maisonbroche.com\/wp-content\/uploads\/2016\/12\/DSC_0006.jpg&#8221; background_position=&#8221;center&#8221; background_size=&#8221;cover&#8221; background_color=&#8221;#ffffff&#8221; use_bg_overlay=&#8221;off&#8221; use_text_overlay=&#8221;off&#8221; alignment=&#8221;center&#8221; background_layout=&#8221;dark&#8221; allow_player_pause=&#8221;off&#8221; text_border_radius=&#8221;3&#8243; header_font_select=&#8221;default&#8221; header_font=&#8221;||||&#8221; body_font_select=&#8221;default&#8221; body_font=&#8221;||||&#8221; custom_button=&#8221;off&#8221; button_font_select=&#8221;default&#8221; button_font=&#8221;||||&#8221; button_use_icon=&#8221;default&#8221; button_icon_placement=&#8221;right&#8221; button_on_hover=&#8221;on&#8221;] [\/et_pb_slide][et_pb_slide background_image=&#8221;http:\/\/maisonbroche.com\/wp-content\/uploads\/2016\/12\/Br15.jpg&#8221; background_position=&#8221;center&#8221; background_size=&#8221;cover&#8221; background_color=&#8221;#ffffff&#8221; use_bg_overlay=&#8221;off&#8221; use_text_overlay=&#8221;off&#8221; alignment=&#8221;center&#8221; background_layout=&#8221;dark&#8221; allow_player_pause=&#8221;off&#8221; text_border_radius=&#8221;3&#8243; header_font_select=&#8221;default&#8221; header_font=&#8221;||||&#8221; body_font_select=&#8221;default&#8221; body_font=&#8221;||||&#8221; custom_button=&#8221;off&#8221; button_font_select=&#8221;default&#8221; button_font=&#8221;||||&#8221; button_use_icon=&#8221;default&#8221; button_icon_placement=&#8221;right&#8221; button_on_hover=&#8221;on&#8221;] [\/et_pb_slide][et_pb_slide background_image=&#8221;http:\/\/maisonbroche.com\/wp-content\/uploads\/2016\/12\/DSC_0024-e1481887164245.jpg&#8221; background_position=&#8221;center&#8221; background_size=&#8221;cover&#8221; background_color=&#8221;#ffffff&#8221; use_bg_overlay=&#8221;off&#8221; use_text_overlay=&#8221;off&#8221; alignment=&#8221;center&#8221; background_layout=&#8221;dark&#8221; allow_player_pause=&#8221;off&#8221; text_border_radius=&#8221;3&#8243; header_font_select=&#8221;default&#8221; header_font=&#8221;||||&#8221; body_font_select=&#8221;default&#8221; body_font=&#8221;||||&#8221; custom_button=&#8221;off&#8221; button_font_select=&#8221;default&#8221; button_font=&#8221;||||&#8221; button_use_icon=&#8221;default&#8221; button_icon_placement=&#8221;right&#8221; button_on_hover=&#8221;on&#8221;] [\/et_pb_slide][et_pb_slide background_image=&#8221;http:\/\/maisonbroche.com\/wp-content\/uploads\/2016\/12\/Maison-Broche-et-Clos-Neuf-Lavender.jpg&#8221; background_position=&#8221;center&#8221; background_size=&#8221;cover&#8221; background_color=&#8221;#ffffff&#8221; use_bg_overlay=&#8221;off&#8221; use_text_overlay=&#8221;off&#8221; alignment=&#8221;center&#8221; background_layout=&#8221;dark&#8221; allow_player_pause=&#8221;off&#8221; text_border_radius=&#8221;3&#8243; header_font_select=&#8221;default&#8221; header_font=&#8221;||||&#8221; body_font_select=&#8221;default&#8221; body_font=&#8221;||||&#8221; custom_button=&#8221;off&#8221; button_font_select=&#8221;default&#8221; button_font=&#8221;||||&#8221; button_use_icon=&#8221;default&#8221; button_icon_placement=&#8221;right&#8221; button_on_hover=&#8221;on&#8221;] [\/et_pb_slide][et_pb_slide background_image=&#8221;http:\/\/maisonbroche.com\/wp-content\/uploads\/2016\/12\/br14.jpg&#8221; background_position=&#8221;bottom_center&#8221; background_size=&#8221;cover&#8221; background_color=&#8221;#ffffff&#8221; use_bg_overlay=&#8221;off&#8221; use_text_overlay=&#8221;off&#8221; alignment=&#8221;center&#8221; background_layout=&#8221;dark&#8221; allow_player_pause=&#8221;off&#8221; text_border_radius=&#8221;3&#8243; header_font_select=&#8221;default&#8221; header_font=&#8221;||||&#8221; body_font_select=&#8221;default&#8221; body_font=&#8221;||||&#8221; custom_button=&#8221;off&#8221; button_font_select=&#8221;default&#8221; button_font=&#8221;||||&#8221; button_use_icon=&#8221;default&#8221; button_icon_placement=&#8221;right&#8221; button_on_hover=&#8221;on&#8221;] [\/et_pb_slide][et_pb_slide background_image=&#8221;http:\/\/maisonbroche.com\/wp-content\/uploads\/2016\/12\/IMG_0473.jpg&#8221; background_position=&#8221;bottom_center&#8221; background_size=&#8221;cover&#8221; background_color=&#8221;#ffffff&#8221; use_bg_overlay=&#8221;off&#8221; use_text_overlay=&#8221;off&#8221; alignment=&#8221;center&#8221; background_layout=&#8221;dark&#8221; allow_player_pause=&#8221;off&#8221; text_border_radius=&#8221;3&#8243; header_font_select=&#8221;default&#8221; header_font=&#8221;||||&#8221; body_font_select=&#8221;default&#8221; body_font=&#8221;||||&#8221; custom_button=&#8221;off&#8221; button_font_select=&#8221;default&#8221; button_font=&#8221;||||&#8221; button_use_icon=&#8221;default&#8221; button_icon_placement=&#8221;right&#8221; button_on_hover=&#8221;on&#8221;] [\/et_pb_slide] [\/et_pb_fullwidth_slider][\/et_pb_section][et_pb_section admin_label=&#8221;Section&#8221; fullwidth=&#8221;off&#8221; specialty=&#8221;off&#8221; transparent_background=&#8221;off&#8221; allow_player_pause=&#8221;off&#8221; inner_shadow=&#8221;off&#8221; parallax=&#8221;off&#8221; parallax_method=&#8221;off&#8221; custom_padding=&#8221;10px|||&#8221; padding_mobile=&#8221;off&#8221; make_fullwidth=&#8221;off&#8221; use_custom_width=&#8221;off&#8221; width_unit=&#8221;on&#8221; make_equal=&#8221;off&#8221; use_custom_gutter=&#8221;off&#8221;][et_pb_row admin_label=&#8221;Row&#8221; make_fullwidth=&#8221;off&#8221; use_custom_width=&#8221;off&#8221; width_unit=&#8221;on&#8221; use_custom_gutter=&#8221;off&#8221; custom_padding=&#8221;0px|||&#8221; padding_mobile=&#8221;off&#8221; allow_player_pause=&#8221;off&#8221; parallax=&#8221;off&#8221; parallax_method=&#8221;off&#8221; make_equal=&#8221;off&#8221; parallax_1=&#8221;off&#8221; parallax_method_1=&#8221;off&#8221; parallax_2=&#8221;off&#8221; parallax_method_2=&#8221;off&#8221; parallax_3=&#8221;off&#8221; parallax_method_3=&#8221;off&#8221; column_padding_mobile=&#8221;on&#8221;][et_pb_column type=&#8221;1_4&#8243;][et_pb_image admin_label=&#8221;Image&#8221; src=&#8221;http:\/\/maisonbroche.com\/wp-content\/uploads\/2014\/08\/small_lavender_bunch.png&#8221; show_in_lightbox=&#8221;off&#8221; url_new_window=&#8221;off&#8221; use_overlay=&#8221;off&#8221; animation=&#8221;left&#8221; sticky=&#8221;off&#8221; align=&#8221;right&#8221; force_fullwidth=&#8221;off&#8221; always_center_on_mobile=&#8221;on&#8221; use_border_color=&#8221;off&#8221; border_color=&#8221;#ffffff&#8221; border_style=&#8221;solid&#8221;] [\/et_pb_image][\/et_pb_column][et_pb_column type=&#8221;1_2&#8243;][et_pb_text admin_label=&#8221;Text&#8221; background_layout=&#8221;light&#8221; text_orientation=&#8221;left&#8221; use_border_color=&#8221;off&#8221; border_color=&#8221;#ffffff&#8221; border_style=&#8221;solid&#8221;] Wilkommen! Wir bei Maison Broche et clos Neuf bieten unglaubliche Ferienh\u00e4user an. Wir wohnen nebenan und bieten daher excellenten service und helfen gerne. [\/et_pb_text][\/et_pb_column][et_pb_column type=&#8221;1_4&#8243;][et_pb_image admin_label=&#8221;Image&#8221; src=&#8221;http:\/\/maisonbroche.com\/wp-content\/uploads\/2014\/08\/small_lavender_bunch-flipped.png&#8221; show_in_lightbox=&#8221;off&#8221; url_new_window=&#8221;off&#8221; use_overlay=&#8221;off&#8221; animation=&#8221;left&#8221; sticky=&#8221;off&#8221; align=&#8221;left&#8221; force_fullwidth=&#8221;off&#8221; always_center_on_mobile=&#8221;on&#8221; use_border_color=&#8221;off&#8221; border_color=&#8221;#ffffff&#8221; border_style=&#8221;solid&#8221;] [\/et_pb_image][\/et_pb_column][\/et_pb_row][et_pb_row admin_label=&#8221;Row&#8221;][et_pb_column type=&#8221;1_2&#8243;][et_pb_text admin_label=&#8221;Text&#8221; background_layout=&#8221;light&#8221; text_orientation=&#8221;left&#8221; use_border_color=&#8221;off&#8221; border_color=&#8221;#ffffff&#8221; border_style=&#8221;solid&#8221;]<\/p>\n<h3 class=\"title-style1\">Maison Broche &amp; Clos Neuf<\/h3>\n<p>[\/et_pb_text][et_pb_divider admin_label=&#8221;Divider&#8221; color=&#8221;#9480bb&#8221; show_divider=&#8221;on&#8221; divider_style=&#8221;solid&#8221; divider_position=&#8221;top&#8221; hide_on_mobile=&#8221;on&#8221;] [\/et_pb_divider][et_pb_text admin_label=&#8221;Petit Maison Broche&#8221; background_layout=&#8221;light&#8221; text_orientation=&#8221;left&#8221; use_border_color=&#8221;off&#8221; border_color=&#8221;#ffffff&#8221; border_style=&#8221;solid&#8221; module_class=&#8221;houselist&#8221;]<\/p>\n<h3><a href=\"http:\/\/maisonbroche.com\/de\/petit-maison-broche\/\"><img loading=\"lazy\" class=\"size-thumbnail wp-image-3176 alignleft\" src=\"http:\/\/maisonbroche.com\/wp-content\/uploads\/2014\/12\/Terracce-Lavender-resize-150x150.jpg\" alt=\"\" width=\"150\" height=\"150\" \/><\/a><a href=\"http:\/\/maisonbroche.com\/de\/petit-maison-broche\/\">Petit Maison Broche<\/a><\/h3>\n<div class=\"et_pb_text et_pb_module et_pb_bg_layout_light et_pb_text_align_left et_pb_text_2\">\n<ul>\n<li>Renoviertes traditionelles Steinhaus<\/li>\n<li>2 Schlafzimmer, 2 Doppelbetten, max. 4 Personen<\/li>\n<li>2 private Terrassen<\/li>\n<\/ul>\n<p><a href=\"http:\/\/maisonbroche.com\/de\/petit-maison-broche\/\">Weitere Details<\/a><\/p>\n<\/div>\n<p>[\/et_pb_text][et_pb_text admin_label=&#8221;fortunie&#8221; background_layout=&#8221;light&#8221; text_orientation=&#8221;left&#8221; use_border_color=&#8221;off&#8221; border_color=&#8221;#ffffff&#8221; border_style=&#8221;solid&#8221; module_class=&#8221;houselist&#8221;]<\/p>\n<h3><a href=\"http:\/\/maisonbroche.com\/de\/fortunie-2\/\"><img loading=\"lazy\" class=\"size-thumbnail wp-image-2480 alignleft\" src=\"http:\/\/maisonbroche.com\/wp-content\/uploads\/2016\/12\/DSC_0012-150x150.jpg\" alt=\"\" width=\"150\" height=\"150\" srcset=\"http:\/\/maisonbroche.com\/wp-content\/uploads\/2016\/12\/DSC_0012-150x150.jpg 150w, http:\/\/maisonbroche.com\/wp-content\/uploads\/2016\/12\/DSC_0012-65x65.jpg 65w, http:\/\/maisonbroche.com\/wp-content\/uploads\/2016\/12\/DSC_0012-75x75.jpg 75w, http:\/\/maisonbroche.com\/wp-content\/uploads\/2016\/12\/DSC_0012-60x60.jpg 60w\" sizes=\"(max-width: 150px) 100vw, 150px\" \/><\/a><a href=\"http:\/\/maisonbroche.com\/de\/fortunie-2\/\">Fortunie<\/a><\/h3>\n<ul>\n<li>Perfekt f\u00fcr Familien oder Ehepaare<\/li>\n<li>2 Schlafzimmer, max. 4 Personen<\/li>\n<li>10\u00d74\u00a0Meter Swimming Pool<\/li>\n<\/ul>\n<p><a href=\"http:\/\/maisonbroche.com\/de\/fortunie-2\/\">Weitere Details<\/a><\/p>\n<p>[\/et_pb_text][et_pb_text admin_label=&#8221;Residence Clos Neuf&#8221; background_layout=&#8221;light&#8221; text_orientation=&#8221;left&#8221; use_border_color=&#8221;off&#8221; border_color=&#8221;#ffffff&#8221; border_style=&#8221;solid&#8221; module_class=&#8221;houselist&#8221;]<\/p>\n<h3><a href=\"http:\/\/maisonbroche.com\/de\/residence-clos-neuf-2\/\"><img loading=\"lazy\" class=\"size-thumbnail wp-image-2500 alignleft\" src=\"http:\/\/maisonbroche.com\/wp-content\/uploads\/2016\/12\/IMG_0465-150x150.jpg\" alt=\"\" width=\"150\" height=\"150\" srcset=\"http:\/\/maisonbroche.com\/wp-content\/uploads\/2016\/12\/IMG_0465-150x150.jpg 150w, http:\/\/maisonbroche.com\/wp-content\/uploads\/2016\/12\/IMG_0465-65x65.jpg 65w, http:\/\/maisonbroche.com\/wp-content\/uploads\/2016\/12\/IMG_0465-75x75.jpg 75w, http:\/\/maisonbroche.com\/wp-content\/uploads\/2016\/12\/IMG_0465-60x60.jpg 60w\" sizes=\"(max-width: 150px) 100vw, 150px\" \/><\/a><a href=\"http:\/\/maisonbroche.com\/de\/residence-clos-neuf-2\/\">Residence Clos Neuf<\/a><\/h3>\n<ul>\n<li>Perfekt f\u00fcr gro\u00dfe Gruppen und Familien<\/li>\n<li>5 Schlafzimmer, max. 10 Personen<\/li>\n<li>Privater 10\u00d74\u00a0Meter Swimming Pool<\/li>\n<\/ul>\n<p><a href=\"http:\/\/maisonbroche.com\/de\/residence-clos-neuf-2\/\">Weitere Details<\/a><\/p>\n<p>[\/et_pb_text][et_pb_text admin_label=&#8221;cabrol&#8221; background_layout=&#8221;light&#8221; text_orientation=&#8221;left&#8221; use_border_color=&#8221;off&#8221; border_color=&#8221;#ffffff&#8221; border_style=&#8221;solid&#8221; module_class=&#8221;houselist&#8221;]<\/p>\n<h3><a href=\"http:\/\/maisonbroche.com\/de\/cabrol-2\/\"><img loading=\"lazy\" class=\"size-thumbnail wp-image-2453 alignleft\" src=\"http:\/\/maisonbroche.com\/wp-content\/uploads\/2016\/12\/IMG_0471-150x150.jpg\" alt=\"\" width=\"150\" height=\"150\" srcset=\"http:\/\/maisonbroche.com\/wp-content\/uploads\/2016\/12\/IMG_0471-150x150.jpg 150w, http:\/\/maisonbroche.com\/wp-content\/uploads\/2016\/12\/IMG_0471-65x65.jpg 65w, http:\/\/maisonbroche.com\/wp-content\/uploads\/2016\/12\/IMG_0471-75x75.jpg 75w, http:\/\/maisonbroche.com\/wp-content\/uploads\/2016\/12\/IMG_0471-60x60.jpg 60w\" sizes=\"(max-width: 150px) 100vw, 150px\" \/><\/a><a href=\"http:\/\/maisonbroche.com\/de\/cabrol-2\/\">Cabrol<\/a><\/h3>\n<ul>\n<li>Gro\u00dfer Wohn- und Essbereich<\/li>\n<li>2 Schlafzimmer, max. 4 Personen<\/li>\n<li>Kamin<\/li>\n<\/ul>\n<p><a href=\"http:\/\/maisonbroche.com\/de\/cabrol-2\/\">Weitere Details<\/a><\/p>\n<p>[\/et_pb_text][et_pb_text admin_label=&#8221;petite clos neuf&#8221; background_layout=&#8221;light&#8221; text_orientation=&#8221;left&#8221; use_border_color=&#8221;off&#8221; border_color=&#8221;#ffffff&#8221; border_style=&#8221;solid&#8221; module_class=&#8221;houselist&#8221;]<\/p>\n<h3><a href=\"http:\/\/maisonbroche.com\/de\/petite-maison-clos-neuf\/\"><img loading=\"lazy\" class=\"size-thumbnail wp-image-2466 alignleft\" src=\"http:\/\/maisonbroche.com\/wp-content\/uploads\/2016\/12\/IMG_0312-150x150.jpg\" alt=\"\" width=\"150\" height=\"150\" srcset=\"http:\/\/maisonbroche.com\/wp-content\/uploads\/2016\/12\/IMG_0312-150x150.jpg 150w, http:\/\/maisonbroche.com\/wp-content\/uploads\/2016\/12\/IMG_0312-65x65.jpg 65w, http:\/\/maisonbroche.com\/wp-content\/uploads\/2016\/12\/IMG_0312-75x75.jpg 75w, http:\/\/maisonbroche.com\/wp-content\/uploads\/2016\/12\/IMG_0312-60x60.jpg 60w\" sizes=\"(max-width: 150px) 100vw, 150px\" \/><\/a><a href=\"http:\/\/maisonbroche.com\/de\/petite-maison-clos-neuf\/\">Petite Clos Neuf<\/a><\/h3>\n<ul>\n<li>Gem\u00fctliches Haus f\u00fcr P\u00e4rchen<\/li>\n<li>1 Schlafzimmer, max. 2 Personen<\/li>\n<li>Abgelegenes H\u00e4uschen mit luxuri\u00f6sem Garten<\/li>\n<\/ul>\n<p><a href=\"http:\/\/maisonbroche.com\/de\/petite-maison-clos-neuf\/\">Weitere Details<\/a><\/p>\n<p>[\/et_pb_text][\/et_pb_column][et_pb_column type=&#8221;1_2&#8243;][et_pb_sidebar admin_label=&#8221;Sidebar&#8221; orientation=&#8221;left&#8221; area=&#8221;et_pb_widget_area_5&#8243; background_layout=&#8221;light&#8221; remove_border=&#8221;off&#8221;] [\/et_pb_sidebar][et_pb_text admin_label=&#8221;Text&#8221; background_layout=&#8221;light&#8221; text_orientation=&#8221;left&#8221; use_border_color=&#8221;off&#8221; border_color=&#8221;#ffffff&#8221; border_style=&#8221;solid&#8221;]<\/p>\n<h3 class=\"title-style1\">Anfahrtsbeschreibung<\/h3>\n<p>[\/et_pb_text][et_pb_divider admin_label=&#8221;Divider&#8221; color=&#8221;#9480bb&#8221; show_divider=&#8221;on&#8221; divider_style=&#8221;solid&#8221; divider_position=&#8221;top&#8221; hide_on_mobile=&#8221;on&#8221;] [\/et_pb_divider][et_pb_code admin_label=&#8221;Code&#8221;]&lt;iframe style=&#8221;border: 0;&#8221; src=&#8221;https:\/\/www.google.com\/maps\/embed?pb=!1m18!1m12!1m3!1d22874.38497146339!2d4.466163560344991!3d44.22152026507877!2m3!1f0!2f0!3f0!3m2!1i1024!2i768!4f13.1!3m3!1m2!1s0x12b5ac046078f605%3A0xad0cfbd769bd7573!2sMaison+Broche+et+Clos+Neuf!5e0!3m2!1sen!2sde!4v1447422306254&#8243; width=&#8221;400&#8243; height=&#8221;200&#8243; frameborder=&#8221;0&#8243; allowfullscreen=&#8221;allowfullscreen&#8221;&gt;&lt;\/iframe&gt;[\/et_pb_code][et_pb_text admin_label=&#8221;Text&#8221; background_layout=&#8221;light&#8221; text_orientation=&#8221;center&#8221; use_border_color=&#8221;off&#8221; border_color=&#8221;#ffffff&#8221; border_style=&#8221;solid&#8221;] <strong>Maison Broche et Clos Neuf, Passage de l&#8217;Europe, 30630 Cornillon, France<\/strong> [\/et_pb_text][\/et_pb_column][\/et_pb_row][et_pb_row admin_label=&#8221;Row&#8221;][et_pb_column type=&#8221;4_4&#8243;][et_pb_signup admin_label=&#8221;Email Optin&#8221; provider=&#8221;mailchimp&#8221; mailchimp_list=&#8221;9afd3abca7&#8243; aweber_list=&#8221;none&#8221; title=&#8221;Jetzt Abonnieren&#8221; button_text=&#8221;Jetzt Abonnieren&#8221; use_background_color=&#8221;on&#8221; background_color=&#8221;#9480bb&#8221; background_layout=&#8221;dark&#8221; text_orientation=&#8221;left&#8221; use_focus_border_color=&#8221;off&#8221; use_border_color=&#8221;off&#8221; border_color=&#8221;#ffffff&#8221; border_style=&#8221;solid&#8221; custom_button=&#8221;off&#8221; button_letter_spacing=&#8221;0&#8243; button_use_icon=&#8221;default&#8221; button_icon_placement=&#8221;right&#8221; button_on_hover=&#8221;on&#8221; button_letter_spacing_hover=&#8221;0&#8243;] Allgemeine Angebote, Werbeaktionen, Updates, Neuigkeiten von Maison Broche oder allgemeine Angebote und Werbeaktionen f\u00fcr Kampagnen unserer Partner und Dienstleistungen, Nutzerumfragen, Inspirationen und Liebe von Maison Broche. [\/et_pb_signup][\/et_pb_column][\/et_pb_row][\/et_pb_section]<\/p>\n","protected":false},"excerpt":{"rendered":"<p>[et_pb_section admin_label=&#8221;Section&#8221; fullwidth=&#8221;on&#8221; specialty=&#8221;off&#8221; transparent_background=&#8221;off&#8221; allow_player_pause=&#8221;off&#8221; inner_shadow=&#8221;off&#8221; parallax=&#8221;off&#8221; parallax_method=&#8221;off&#8221; padding_mobile=&#8221;off&#8221; make_fullwidth=&#8221;off&#8221; use_custom_width=&#8221;off&#8221; width_unit=&#8221;on&#8221; make_equal=&#8221;off&#8221; use_custom_gutter=&#8221;off&#8221;][et_pb_fullwidth_slider admin_label=&#8221;Fullwidth Slider&#8221; show_arrows=&#8221;on&#8221; show_pagination=&#8221;on&#8221; auto=&#8221;on&#8221; auto_ignore_hover=&#8221;on&#8221; parallax=&#8221;off&#8221; parallax_method=&#8221;on&#8221; remove_inner_shadow=&#8221;off&#8221; background_position=&#8221;default&#8221; background_size=&#8221;default&#8221; hide_content_on_mobile=&#8221;off&#8221; hide_cta_on_mobile=&#8221;off&#8221; show_image_video_mobile=&#8221;off&#8221; custom_button=&#8221;off&#8221; button_letter_spacing=&#8221;0&#8243; button_use_icon=&#8221;default&#8221; button_icon_placement=&#8221;right&#8221; button_on_hover=&#8221;on&#8221; button_letter_spacing_hover=&#8221;0&#8243; module_id=&#8221;homeslider&#8221; auto_speed=&#8221;3500&#8243;] [et_pb_slide background_image=&#8221;http:\/\/maisonbroche.com\/wp-content\/uploads\/2016\/12\/DSC_0006.jpg&#8221; background_position=&#8221;center&#8221; background_size=&#8221;cover&#8221; background_color=&#8221;#ffffff&#8221; use_bg_overlay=&#8221;off&#8221; use_text_overlay=&#8221;off&#8221; alignment=&#8221;center&#8221; background_layout=&#8221;dark&#8221; allow_player_pause=&#8221;off&#8221; text_border_radius=&#8221;3&#8243; header_font_select=&#8221;default&#8221; header_font=&#8221;||||&#8221; body_font_select=&#8221;default&#8221; body_font=&#8221;||||&#8221; custom_button=&#8221;off&#8221; button_font_select=&#8221;default&#8221; button_font=&#8221;||||&#8221; [&hellip;]<\/p>\n","protected":false},"author":1,"featured_media":0,"parent":0,"menu_order":0,"comment_status":"open","ping_status":"open","template":"","meta":{"_price":"","_stock":"","_tribe_ticket_header":"","_tribe_default_ticket_provider":"","_tribe_ticket_capacity":"0","_ticket_start_date":"","_ticket_end_date":"","_tribe_ticket_show_description":"","_tribe_ticket_show_not_going":false,"_tribe_ticket_use_global_stock":"","_tribe_ticket_global_stock_level":"","_global_stock_mode":"","_global_stock_cap":"","_tribe_rsvp_for_event":"","_tribe_ticket_going_count":"","_tribe_ticket_not_going_count":"","_tribe_tickets_list":[],"_tribe_ticket_has_attendee_info_fields":false},"_links":{"self":[{"href":"http:\/\/maisonbroche.com\/de\/wp-json\/wp\/v2\/pages\/2618"}],"collection":[{"href":"http:\/\/maisonbroche.com\/de\/wp-json\/wp\/v2\/pages"}],"about":[{"href":"http:\/\/maisonbroche.com\/de\/wp-json\/wp\/v2\/types\/page"}],"author":[{"embeddable":true,"href":"http:\/\/maisonbroche.com\/de\/wp-json\/wp\/v2\/users\/1"}],"replies":[{"embeddable":true,"href":"http:\/\/maisonbroche.com\/de\/wp-json\/wp\/v2\/comments?post=2618"}],"version-history":[{"count":10,"href":"http:\/\/maisonbroche.com\/de\/wp-json\/wp\/v2\/pages\/2618\/revisions"}],"predecessor-version":[{"id":3466,"href":"http:\/\/maisonbroche.com\/de\/wp-json\/wp\/v2\/pages\/2618\/revisions\/3466"}],"wp:attachment":[{"href":"http:\/\/maisonbroche.com\/de\/wp-json\/wp\/v2\/media?parent=2618"}],"curies":[{"name":"wp","href":"https:\/\/api.w.org\/{rel}","templated":true}]}}