{"id":1795,"date":"2016-02-16T13:52:38","date_gmt":"2016-02-16T13:52:38","guid":{"rendered":"http:\/\/maison-broche-clos-neuf.com\/?page_id=1795"},"modified":"2017-01-12T11:48:26","modified_gmt":"2017-01-12T11:48:26","slug":"yoga-in-vallee-de-la-ceze","status":"publish","type":"page","link":"http:\/\/maisonbroche.com\/de\/yoga-in-vallee-de-la-ceze\/","title":{"rendered":"Yoga Vallee de la Ceze"},"content":{"rendered":"<p>[et_pb_section admin_label=&#8221;Section&#8221; fullwidth=&#8221;off&#8221; specialty=&#8221;off&#8221; transparent_background=&#8221;off&#8221; background_color=&#8221;#9480bb&#8221; allow_player_pause=&#8221;off&#8221; inner_shadow=&#8221;off&#8221; parallax=&#8221;off&#8221; parallax_method=&#8221;off&#8221; padding_mobile=&#8221;off&#8221; make_fullwidth=&#8221;off&#8221; use_custom_width=&#8221;off&#8221; width_unit=&#8221;on&#8221; make_equal=&#8221;off&#8221; use_custom_gutter=&#8221;off&#8221; custom_padding=&#8221;0px||0px|&#8221;][et_pb_row admin_label=&#8221;Row&#8221; make_fullwidth=&#8221;on&#8221; use_custom_width=&#8221;off&#8221; width_unit=&#8221;on&#8221; use_custom_gutter=&#8221;off&#8221; padding_mobile=&#8221;off&#8221; background_color=&#8221;#9480bb&#8221; allow_player_pause=&#8221;off&#8221; parallax=&#8221;off&#8221; parallax_method=&#8221;off&#8221; make_equal=&#8221;off&#8221; parallax_1=&#8221;off&#8221; parallax_method_1=&#8221;off&#8221; column_padding_mobile=&#8221;on&#8221; custom_padding=&#8221;5px||5px|&#8221;][et_pb_column type=&#8221;4_4&#8243;][et_pb_text admin_label=&#8221;Yoga in Vallee de la Ceze&#8221; background_layout=&#8221;dark&#8221; text_orientation=&#8221;center&#8221; use_border_color=&#8221;off&#8221; border_color=&#8221;#ffffff&#8221; border_style=&#8221;solid&#8221;]<\/p>\n<h1>Yoga in Vallee de la Ceze<\/h1>\n<p>[\/et_pb_text][\/et_pb_column][\/et_pb_row][\/et_pb_section][et_pb_section admin_label=&#8221;Section&#8221; fullwidth=&#8221;off&#8221; specialty=&#8221;on&#8221;][et_pb_column type=&#8221;3_4&#8243; specialty_columns=&#8221;3&#8243;][et_pb_row_inner admin_label=&#8221;Row&#8221;][et_pb_column_inner type=&#8221;4_4&#8243; saved_specialty_column_type=&#8221;3_4&#8243;][et_pb_text admin_label=&#8221;Text&#8221; background_layout=&#8221;light&#8221; text_orientation=&#8221;left&#8221; use_border_color=&#8221;off&#8221; border_color=&#8221;#ffffff&#8221; border_style=&#8221;solid&#8221;]<\/p>\n<h3><strong>Entspannen, verj\u00fcngen, strecken\u00a0und st\u00e4rken Sie Ihren K\u00f6rper und Geist mit einer einzigartigen Mischung aus Yoga, gesunder Ern\u00e4hrung \u00a0und guter Gesellschaft in Mitten einer\u00a0franz\u00f6sischen Weinlandschaft<\/strong><\/h3>\n<h3>\u00a0\n\t\t<!-- MasterSlider -->\n\t\t<div id=\"P_MS69e1fe225c786\" class=\"master-slider-parent msl ms-parent-id-7\" style=\"max-width:800px;\"  >\n\n\t\t\t\n\t\t\t<!-- MasterSlider Main -->\n\t\t\t<div id=\"MS69e1fe225c786\" class=\"master-slider ms-skin-light-3\" >\n\t\t\t\t \t\t\t\t \n\t\t\t\t<div  class=\"ms-slide\" data-delay=\"3\" data-fill-mode=\"fill\"  >\n\t\t\t\t\t<img src=\"http:\/\/maisonbroche.com\/wp-content\/plugins\/master-slider\/public\/assets\/css\/blank.gif\" alt=\"\" title=\"\" data-src=\"http:\/\/maisonbroche.com\/wp-content\/uploads\/2016\/12\/DSC_0025-e1481887184532.jpg\" \/>\n\n\n\t<div class=\"ms-thumb\" ><div class=\"ms-tab-context\"><div class=&quot;ms-tab-context&quot;><\/div><\/div>\n<\/div>\n\t\t\t\t<\/div>\n\t\t\t\t<div  class=\"ms-slide\" data-delay=\"3\" data-fill-mode=\"fill\"  >\n\t\t\t\t\t<img src=\"http:\/\/maisonbroche.com\/wp-content\/plugins\/master-slider\/public\/assets\/css\/blank.gif\" alt=\"France Pilates\" title=\"\" data-src=\"http:\/\/maisonbroche.com\/wp-content\/uploads\/2017\/01\/Good-1-1.jpg\" \/>\n\n\n\t<div class=\"ms-thumb\" ><div class=\"ms-tab-context\"><div class=&quot;ms-tab-context&quot;><\/div><\/div>\n<\/div>\n\t\t\t\t<\/div>\n\t\t\t\t<div  class=\"ms-slide\" data-delay=\"3\" data-fill-mode=\"fill\"  >\n\t\t\t\t\t<img src=\"http:\/\/maisonbroche.com\/wp-content\/plugins\/master-slider\/public\/assets\/css\/blank.gif\" alt=\"\" title=\"\" data-src=\"http:\/\/maisonbroche.com\/wp-content\/uploads\/2016\/12\/DSC_0021-e1481887133899.jpg\" \/>\n\n\n\t<div class=\"ms-thumb\" ><div class=\"ms-tab-context\"><div class=&quot;ms-tab-context&quot;><\/div><\/div>\n<\/div>\n\t\t\t\t<\/div>\n\t\t\t\t<div  class=\"ms-slide\" data-delay=\"3\" data-fill-mode=\"fill\"  >\n\t\t\t\t\t<img src=\"http:\/\/maisonbroche.com\/wp-content\/plugins\/master-slider\/public\/assets\/css\/blank.gif\" alt=\"Kathleen Stavert Yoga Retreat France\" title=\"\" data-src=\"http:\/\/maisonbroche.com\/wp-content\/uploads\/2016\/12\/Kathleen.jpg\" \/>\n\n\n\t<div class=\"ms-thumb\" ><div class=\"ms-tab-context\"><div class=&quot;ms-tab-context&quot;><\/div><\/div>\n<\/div>\n\t\t\t\t<\/div>\n\t\t\t\t<div  class=\"ms-slide\" data-delay=\"3\" data-fill-mode=\"fill\"  >\n\t\t\t\t\t<img src=\"http:\/\/maisonbroche.com\/wp-content\/plugins\/master-slider\/public\/assets\/css\/blank.gif\" alt=\"\" title=\"\" data-src=\"http:\/\/maisonbroche.com\/wp-content\/uploads\/2016\/12\/DSC_0015-e1481886408495.jpg\" \/>\n\n\n\t<div class=\"ms-thumb\" ><div class=\"ms-tab-context\"><div class=&quot;ms-tab-context&quot;><\/div><\/div>\n<\/div>\n\t\t\t\t<\/div>\n\n\t\t\t<\/div>\n\t\t\t<!-- END MasterSlider Main -->\n\n\t\t\t \n\t\t<\/div>\n\t\t<!-- END MasterSlider -->\n\n\t\t<script>\n\t\t(function ( $ ) {\n\t\t\t\"use strict\";\n\n\t\t\t$(function () {\n\t\t\t\tvar masterslider_c786 = new MasterSlider();\n\n\t\t\t\t\/\/ slider controls\n\t\t\t\tmasterslider_c786.control('arrows'     ,{ autohide:false, overVideo:true  });\t\t\t\tmasterslider_c786.control('bullets'    ,{ autohide:true, overVideo:true, dir:'h', align:'bottom' , margin:10  });\n\n\t\t\t\tmasterslider_c786.control('circletimer',{ autohide:false, overVideo:true, color:'#434343', radius:10, stroke:3   });\n\t\t\t\tmasterslider_c786.control('timebar'    ,{ autohide:false, overVideo:true, align:'bottom', color:'#FFFFFF'  , width:4 });\n\t\t\t\t\/\/ slider setup\n\t\t\t\tmasterslider_c786.setup(\"MS69e1fe225c786\", {\n\t\t\t\t\t\twidth           : 800,\n\t\t\t\t\t\theight          : 480,\n\t\t\t\t\t\tminHeight       : 0,\n\t\t\t\t\t\tspace           : 0,\n\t\t\t\t\t\tstart           : 1,\n\t\t\t\t\t\tgrabCursor      : true,\n\t\t\t\t\t\tswipe           : true,\n\t\t\t\t\t\tmouse           : true,\n\t\t\t\t\t\tlayout          : \"boxed\",\n\t\t\t\t\t\twheel           : false,\n\t\t\t\t\t\tautoplay        : true,\n\t\t\t\t\t\tinstantStartLayers:false,\n\t\t\t\t\t\tloop            : true,\n\t\t\t\t\t\tshuffle         : false,\n\t\t\t\t\t\tpreload         : 0,\n\t\t\t\t\t\theightLimit     : true,\n\t\t\t\t\t\tautoHeight      : false,\n\t\t\t\t\t\tsmoothHeight    : true,\n\t\t\t\t\t\tendPause        : false,\n\t\t\t\t\t\toverPause       : true,\n\t\t\t\t\t\tfillMode        : \"fill\",\n\t\t\t\t\t\tcenterControls  : true,\n\t\t\t\t\t\tstartOnAppear   : false,\n\t\t\t\t\t\tlayersMode      : \"center\",\n\t\t\t\t\t\thideLayers      : false,\n\t\t\t\t\t\tfullscreenMargin: 0,\n\t\t\t\t\t\tspeed           : 20,\n\t\t\t\t\t\tdir             : \"h\",\n\t\t\t\t\t\tparallaxMode    : 'swipe',\n\t\t\t\t\t\tview            : \"basic\"\n\t\t\t\t});\n\n\t\t\t\t\n\t\t\t\twindow.masterslider_instances = window.masterslider_instances || [];\n\t\t\t\twindow.masterslider_instances.push( masterslider_c786 );\n\t\t\t });\n\n\t\t})(jQuery);\n\t\t<\/script>\n\n<\/h3>\n<p>Maison Broche et Clos Neuf hei\u00dft Sie mit unserem\u00a0Yoga Urlaubs Programm willkommen. Praktizieren Sie Yoga mitten im gro\u00dfartigen Cornillon in der Languedoc-Rousiliion Region. Die Yoga Urlaubs Programme richten sich dabei sowohl an\u00a0Beginner als auch an Fortgeschrittene (mittlere Stufe). Hier werden die spezifischen gesundheitlichen Vorteile von Yoga perfekt kombiniert mit der gesunden\u00a0Mediterranen K\u00fcche. Im Preis enthalten sind der mehrt\u00e4gige Yoga Kurs, Verpflegung, ger\u00e4umige Unterk\u00fcnfte und weitere\u00a0Aktivit\u00e4ten wie\u00a0Wanderungen, Radtouren, Morgen\u00a0Spazierg\u00e4nge und Meditation.<\/p>\n<p><span style=\"line-height: 1.5;\">Das Herzst\u00fcck des Yoga Urlaubs Programmes ist die Unterrichtung durch erfahrene internationale Lehrer. Der Kurs-Plan sieht\u00a0zwei Kurse\u00a0pro Tag vor, welche jeweils 1,5h lang sind. Asana \u00dcbungen werden durch eine Vielzahl an Unterrichtseinheiten und Meditationstechniken innerhalb dieser Woche vermittelt. Der Zeitplan ist so gew\u00e4hlt, dass zwischen den Unterrichtseinheiten gen\u00fcgend Zeit bleibt, die Urlaubszeit zus\u00e4tzlich\u00a0individuell\u00a0zu gestalten. Entspannen Sie am Pool, erkunden sie die Weinlandschaft\u00a0oder gehen Sie dem nach, was immer Ihnen beliebt und wof\u00fcr Sie sonst keine Zeit einr\u00e4umen k\u00f6nnen.<\/span><\/p>\n<h1>Programm\u00a0Highlights<\/h1>\n<ul>\n<li>2 Yoga-Einheiten pro Tag<\/li>\n<li>F\u00fcr Anf\u00e4nger und Fortgeschrittene<\/li>\n<li>T\u00e4gliches Fr\u00fchst\u00fcck und Abendessen<\/li>\n<li><a href=\"http:\/\/maisonbroche.com\/de\/ferienhauser-2\/\">Unterk\u00fcnfte<\/a><\/li>\n<li><a href=\"http:\/\/maisonbroche.com\/de\/ferienhauser-2\/\">Benutzung der\u00a0Maison Broche Gemeinschaftsfl\u00e4chen, G\u00e4rten und zweier\u00a0Pools<\/a><\/li>\n<li><a href=\"http:\/\/maisonbroche.com\/de\/entdecken\/\">Ausfl\u00fcge zu D\u00f6rfern in der Region<\/a><\/li>\n<li><a href=\"http:\/\/maisonbroche.com\/de\/uber-uns\/\">Tipps und Tricks f\u00fcr die Region von Simon<\/a><\/li>\n<\/ul>\n<h1>Lehrer<\/h1>\n<p><em><strong>Kathleen Stavert<br \/>\n<\/strong><\/em>Ich bin eine 500hr RYT \u00a0Lehrerin ausgezeichnet von\u00a0appleyoga (London, UK) und der\u00a0Association for Yoga and Meditation (Rishikesh, <img loading=\"lazy\" class=\" wp-image-2909 alignleft\" src=\"http:\/\/maisonbroche.com\/wp-content\/uploads\/2016\/12\/Kathleen-150x150.jpg\" alt=\"\" width=\"194\" height=\"194\" \/>India). Yoga hat eine gro\u00dfe Rolle in meinem Leben eingenommen, seit dem ich das Training als Schauspielerin im Jahre 2013 begonnen habe. Es fing\u00a0als eine Vorbereitung f\u00fcr eine Performance oder ein Vorsingen an. Es half mir mein Auftreten beim Schauspielern zu finden und aufrecht zu halten. Ich habe insgesamt 6 Jahre in England gelebt\u00a0und\u00a0Klassen in Yoga unterrichtet, beispielsweise in London. In Marokko sowie\u00a0auf \u00a0dem Land in England habe ich zus\u00e4tzlich Yoga-Kurse geleitet. Nun bin ich wieder zur\u00fcck in Montreal, wo ich Verbindungen zur Yoga-Community aufbaue. Es f\u00fchlt sich einfach gut an!\u00a0F\u00fcr mich bedeutet Yoga jeden Tag etwas unterschiedliches. An einem Tag bedeutet es f\u00fcr mich meinen K\u00f6rper zu bewegen und Verspannungen oder stagnierende Energie los zu werden. An einem anderen Tag ist es\u00a0f\u00fcr mich ein Weg eine tiefere Verbindung mit mir und meiner Umwelt einzugehen. Es kann genauso spirituell wie physisch f\u00fcr mich sein, je nach dem was ich ben\u00f6tige. Wie auch immer, ich glaube, dass Yoga f\u00fcr mich einfach die Wahrheit ist.\u00a0Was ich auch immer zu irgendeiner Zeit brauche, Yoga gibt mir es. Ich nehme mir Zeit tief in mich hinein zu horschen. Egal ob ich es mag oder nicht, mein K\u00f6rper, mit all seinen Schichten und Funktionsweisen, l\u00fcgt niemals. Yoga enth\u00fcllt dabei die Wahrheiten einer jeden Situation und eines jeden Augenblicks. Yoga lehrt mich\u00a0auf den Moment zu reagieren. Wie kann\u00a0ich mir selbst und anderen besser dienen in diesem Moment? Durch Fragen und Zuh\u00f6ren gibt Yoga mir die Antworten. Yoga bedeutet Neugier, Befragung, Zuh\u00f6ren, St\u00e4rkung, Selbstwertgef\u00fchl, Klarheit, Konzentration und Wahrheit. Den Mehrwert und die Freude, die Yoga f\u00fcr mich bedeutet, m\u00f6chte ich mit Euch teilen.<\/p>\n<p><em><strong>Shelby Weiner<\/strong><\/em><\/p>\n<p><em><strong>Sara Mio<\/strong><\/em><\/p>\n<p>Namaste. In Liebe sind wir eins.<\/p>\n<p>Als ich die\u00a0niemals endende Yoga-Reise begann habe ich nicht daran geglaubt, dass ich jemals Teil des Yoga-Weges eines\u00a0anderen sein werde und nun stehe ich hier!<\/p>\n<p>Ich habe gro\u00dfen Respekt und empfinde gro\u00dfe Hingabe f\u00fcr diese sch\u00f6ne alte und magische Disziplin, die mich zu heiligen Orten f\u00fchrte und meine Sicht auf das Leben und die Welt ver\u00e4nderte.<\/p>\n<p>Wir sind spirituelle Wesen, lasst uns darauf aufbauen, alles andere wird sich ergeben. Tief im Herzen sind wir alle eins. Ich bin du und du bist ich.<\/p>\n<p>Liebe und Licht. ***<\/p>\n<h1><\/h1>\n<h1><\/h1>\n<h1>Beispielhafter Tagesablauf<\/h1>\n<p>08.00 \u2013 09.30: Morgen dynamischer\u00a0asana \/Vinyasa\/ashtanga Kurs\u00a0&#8211; Atem Achtsamkeit, gefolgt von Entspannung<\/p>\n<p>10.00 \u2013 11.00: Brunch<\/p>\n<p>11.00 \u2013 16.00: Abendspaziergang, Wanderung, Radtour oder Tagesausflug<\/p>\n<p>16.00 \u2013 18.00: Zeit zur Entspannung<\/p>\n<p>18.00 \u2013 19.30: Abend\u00a0asana Kurs\u00a0\/Atem Achtsamkeit, gefolgt von Klangmeditation<\/p>\n<p>20.00: Abendessen<\/p>\n<p>[\/et_pb_text][\/et_pb_column_inner][\/et_pb_row_inner][\/et_pb_column][et_pb_column type=&#8221;1_4&#8243;][et_pb_sidebar admin_label=&#8221;Sidebar&#8221; orientation=&#8221;left&#8221; area=&#8221;et_pb_widget_area_4&#8243; background_layout=&#8221;light&#8221; remove_border=&#8221;off&#8221;] [\/et_pb_sidebar][\/et_pb_column][\/et_pb_section]<\/p>\n","protected":false},"excerpt":{"rendered":"<p>[et_pb_section admin_label=&#8221;Section&#8221; fullwidth=&#8221;off&#8221; specialty=&#8221;off&#8221; transparent_background=&#8221;off&#8221; background_color=&#8221;#9480bb&#8221; allow_player_pause=&#8221;off&#8221; inner_shadow=&#8221;off&#8221; parallax=&#8221;off&#8221; parallax_method=&#8221;off&#8221; padding_mobile=&#8221;off&#8221; make_fullwidth=&#8221;off&#8221; use_custom_width=&#8221;off&#8221; width_unit=&#8221;on&#8221; make_equal=&#8221;off&#8221; use_custom_gutter=&#8221;off&#8221; custom_padding=&#8221;0px||0px|&#8221;][et_pb_row admin_label=&#8221;Row&#8221; make_fullwidth=&#8221;on&#8221; use_custom_width=&#8221;off&#8221; width_unit=&#8221;on&#8221; use_custom_gutter=&#8221;off&#8221; padding_mobile=&#8221;off&#8221; background_color=&#8221;#9480bb&#8221; allow_player_pause=&#8221;off&#8221; parallax=&#8221;off&#8221; parallax_method=&#8221;off&#8221; make_equal=&#8221;off&#8221; parallax_1=&#8221;off&#8221; parallax_method_1=&#8221;off&#8221; column_padding_mobile=&#8221;on&#8221; custom_padding=&#8221;5px||5px|&#8221;][et_pb_column type=&#8221;4_4&#8243;][et_pb_text admin_label=&#8221;Yoga in Vallee de la Ceze&#8221; background_layout=&#8221;dark&#8221; text_orientation=&#8221;center&#8221; use_border_color=&#8221;off&#8221; border_color=&#8221;#ffffff&#8221; border_style=&#8221;solid&#8221;] Yoga in Vallee de la Ceze [\/et_pb_text][\/et_pb_column][\/et_pb_row][\/et_pb_section][et_pb_section admin_label=&#8221;Section&#8221; fullwidth=&#8221;off&#8221; specialty=&#8221;on&#8221;][et_pb_column type=&#8221;3_4&#8243; [&hellip;]<\/p>\n","protected":false},"author":1,"featured_media":0,"parent":0,"menu_order":0,"comment_status":"closed","ping_status":"closed","template":"","meta":{"_price":"","_stock":"","_tribe_ticket_header":"","_tribe_default_ticket_provider":"","_tribe_ticket_capacity":"0","_ticket_start_date":"","_ticket_end_date":"","_tribe_ticket_show_description":"","_tribe_ticket_show_not_going":false,"_tribe_ticket_use_global_stock":"","_tribe_ticket_global_stock_level":"","_global_stock_mode":"","_global_stock_cap":"","_tribe_rsvp_for_event":"","_tribe_ticket_going_count":"","_tribe_ticket_not_going_count":"","_tribe_tickets_list":[],"_tribe_ticket_has_attendee_info_fields":false},"_links":{"self":[{"href":"http:\/\/maisonbroche.com\/de\/wp-json\/wp\/v2\/pages\/1795"}],"collection":[{"href":"http:\/\/maisonbroche.com\/de\/wp-json\/wp\/v2\/pages"}],"about":[{"href":"http:\/\/maisonbroche.com\/de\/wp-json\/wp\/v2\/types\/page"}],"author":[{"embeddable":true,"href":"http:\/\/maisonbroche.com\/de\/wp-json\/wp\/v2\/users\/1"}],"replies":[{"embeddable":true,"href":"http:\/\/maisonbroche.com\/de\/wp-json\/wp\/v2\/comments?post=1795"}],"version-history":[{"count":7,"href":"http:\/\/maisonbroche.com\/de\/wp-json\/wp\/v2\/pages\/1795\/revisions"}],"predecessor-version":[{"id":3237,"href":"http:\/\/maisonbroche.com\/de\/wp-json\/wp\/v2\/pages\/1795\/revisions\/3237"}],"wp:attachment":[{"href":"http:\/\/maisonbroche.com\/de\/wp-json\/wp\/v2\/media?parent=1795"}],"curies":[{"name":"wp","href":"https:\/\/api.w.org\/{rel}","templated":true}]}}