{"id":1765,"date":"2016-02-16T11:45:22","date_gmt":"2016-02-16T11:45:22","guid":{"rendered":"http:\/\/maison-broche-clos-neuf.com\/?page_id=1765"},"modified":"2016-12-16T12:33:23","modified_gmt":"2016-12-16T12:33:23","slug":"hunde-tiere-willkommen","status":"publish","type":"page","link":"http:\/\/maisonbroche.com\/de\/hunde-tiere-willkommen\/","title":{"rendered":"Hunde &#038; Tiere willkommen"},"content":{"rendered":"<p>[et_pb_section admin_label=&#8221;Section&#8221; fullwidth=&#8221;off&#8221; specialty=&#8221;off&#8221; transparent_background=&#8221;off&#8221; background_color=&#8221;#9480bb&#8221; allow_player_pause=&#8221;off&#8221; inner_shadow=&#8221;off&#8221; parallax=&#8221;off&#8221; parallax_method=&#8221;off&#8221; padding_mobile=&#8221;off&#8221; make_fullwidth=&#8221;off&#8221; use_custom_width=&#8221;off&#8221; width_unit=&#8221;on&#8221; make_equal=&#8221;off&#8221; use_custom_gutter=&#8221;off&#8221; custom_padding=&#8221;0px||0px|&#8221;][et_pb_row admin_label=&#8221;Row&#8221; make_fullwidth=&#8221;on&#8221; use_custom_width=&#8221;off&#8221; width_unit=&#8221;on&#8221; use_custom_gutter=&#8221;off&#8221; padding_mobile=&#8221;off&#8221; background_color=&#8221;#9480bb&#8221; allow_player_pause=&#8221;off&#8221; parallax=&#8221;off&#8221; parallax_method=&#8221;off&#8221; make_equal=&#8221;off&#8221; parallax_1=&#8221;off&#8221; parallax_method_1=&#8221;off&#8221; column_padding_mobile=&#8221;on&#8221; custom_padding=&#8221;5px||5px|&#8221;][et_pb_column type=&#8221;4_4&#8243;][et_pb_text admin_label=&#8221;Hunde &amp; Tiere willkommen&#8221; background_layout=&#8221;dark&#8221; text_orientation=&#8221;center&#8221; use_border_color=&#8221;off&#8221; border_color=&#8221;#ffffff&#8221; border_style=&#8221;solid&#8221;]<\/p>\n<h1>Hunde &amp; Tiere willkommen<\/h1>\n<p>[\/et_pb_text][\/et_pb_column][\/et_pb_row][\/et_pb_section][et_pb_section admin_label=&#8221;Section&#8221; fullwidth=&#8221;off&#8221; specialty=&#8221;on&#8221;][et_pb_column type=&#8221;3_4&#8243; specialty_columns=&#8221;3&#8243;][et_pb_row_inner admin_label=&#8221;Row&#8221;][et_pb_column_inner type=&#8221;4_4&#8243; saved_specialty_column_type=&#8221;3_4&#8243;][et_pb_text admin_label=&#8221;Text&#8221; background_layout=&#8221;light&#8221; text_orientation=&#8221;left&#8221; use_border_color=&#8221;off&#8221; border_color=&#8221;#ffffff&#8221; border_style=&#8221;solid&#8221;]<\/p>\n<p class=\"p1\">Wir sind besonders hundefreundlich und wir freuen uns, wenn unsere G\u00e4ste ihre Hunde und Haustiere mit zu uns in den Urlaub nehmen.<\/p>\n<p class=\"p1\">\n\t\t<!-- MasterSlider -->\n\t\t<div id=\"P_MS69e88ff6bab86\" class=\"master-slider-parent msl ms-parent-id-8\" style=\"max-width:800px;\"  >\n\n\t\t\t\n\t\t\t<!-- MasterSlider Main -->\n\t\t\t<div id=\"MS69e88ff6bab86\" class=\"master-slider ms-skin-light-3\" >\n\t\t\t\t \t\t\t\t \n\t\t\t\t<div  class=\"ms-slide\" data-delay=\"3\" data-fill-mode=\"fill\"  >\n\t\t\t\t\t<img src=\"http:\/\/maisonbroche.com\/wp-content\/plugins\/master-slider\/public\/assets\/css\/blank.gif\" alt=\"\" title=\"\" data-src=\"http:\/\/maisonbroche.com\/wp-content\/uploads\/2016\/12\/DSC_0070-e1481890040923.jpg\" \/>\n\n\n\t<div class=\"ms-thumb\" ><div class=\"ms-tab-context\"><div class=&quot;ms-tab-context&quot;><\/div><\/div>\n<\/div>\n\t\t\t\t<\/div>\n\t\t\t\t<div  class=\"ms-slide\" data-delay=\"3\" data-fill-mode=\"fill\"  >\n\t\t\t\t\t<img src=\"http:\/\/maisonbroche.com\/wp-content\/plugins\/master-slider\/public\/assets\/css\/blank.gif\" alt=\"\" title=\"\" data-src=\"http:\/\/maisonbroche.com\/wp-content\/uploads\/2016\/12\/DSC_0060-e1481889962288.jpg\" \/>\n\n\n\t<div class=\"ms-thumb\" ><div class=\"ms-tab-context\"><div class=&quot;ms-tab-context&quot;><\/div><\/div>\n<\/div>\n\t\t\t\t<\/div>\n\t\t\t\t<div  class=\"ms-slide\" data-delay=\"3\" data-fill-mode=\"fill\"  >\n\t\t\t\t\t<img src=\"http:\/\/maisonbroche.com\/wp-content\/plugins\/master-slider\/public\/assets\/css\/blank.gif\" alt=\"\" title=\"\" data-src=\"http:\/\/maisonbroche.com\/wp-content\/uploads\/2016\/12\/DSC_0082-e1481890017720.jpg\" \/>\n\n\n\t<div class=\"ms-thumb\" ><div class=\"ms-tab-context\"><div class=&quot;ms-tab-context&quot;><\/div><\/div>\n<\/div>\n\t\t\t\t<\/div>\n\t\t\t\t<div  class=\"ms-slide\" data-delay=\"3\" data-fill-mode=\"fill\"  >\n\t\t\t\t\t<img src=\"http:\/\/maisonbroche.com\/wp-content\/plugins\/master-slider\/public\/assets\/css\/blank.gif\" alt=\"\" title=\"\" data-src=\"http:\/\/maisonbroche.com\/wp-content\/uploads\/2016\/12\/DSC_0016-2-e1484068267409.jpg\" \/>\n\n\n\t<div class=\"ms-thumb\" ><div class=\"ms-tab-context\"><div class=&quot;ms-tab-context&quot;><\/div><\/div>\n<\/div>\n\t\t\t\t<\/div>\n\t\t\t\t<div  class=\"ms-slide\" data-delay=\"3\" data-fill-mode=\"fill\"  >\n\t\t\t\t\t<img src=\"http:\/\/maisonbroche.com\/wp-content\/plugins\/master-slider\/public\/assets\/css\/blank.gif\" alt=\"\" title=\"\" data-src=\"http:\/\/maisonbroche.com\/wp-content\/uploads\/2016\/12\/DSC_0079-e1481890031310.jpg\" \/>\n\n\n\t<div class=\"ms-thumb\" ><div class=\"ms-tab-context\"><div class=&quot;ms-tab-context&quot;><\/div><\/div>\n<\/div>\n\t\t\t\t<\/div>\n\n\t\t\t<\/div>\n\t\t\t<!-- END MasterSlider Main -->\n\n\t\t\t \n\t\t<\/div>\n\t\t<!-- END MasterSlider -->\n\n\t\t<script>\n\t\t(function ( $ ) {\n\t\t\t\"use strict\";\n\n\t\t\t$(function () {\n\t\t\t\tvar masterslider_ab86 = new MasterSlider();\n\n\t\t\t\t\/\/ slider controls\n\t\t\t\tmasterslider_ab86.control('arrows'     ,{ autohide:false, overVideo:true  });\t\t\t\tmasterslider_ab86.control('bullets'    ,{ autohide:true, overVideo:true, dir:'h', align:'bottom' , margin:10  });\n\n\t\t\t\tmasterslider_ab86.control('circletimer',{ autohide:false, overVideo:true, color:'#434343', radius:10, stroke:3   });\n\t\t\t\tmasterslider_ab86.control('timebar'    ,{ autohide:false, overVideo:true, align:'bottom', color:'#FFFFFF'  , width:4 });\n\t\t\t\t\/\/ slider setup\n\t\t\t\tmasterslider_ab86.setup(\"MS69e88ff6bab86\", {\n\t\t\t\t\t\twidth           : 800,\n\t\t\t\t\t\theight          : 480,\n\t\t\t\t\t\tminHeight       : 0,\n\t\t\t\t\t\tspace           : 0,\n\t\t\t\t\t\tstart           : 1,\n\t\t\t\t\t\tgrabCursor      : true,\n\t\t\t\t\t\tswipe           : true,\n\t\t\t\t\t\tmouse           : true,\n\t\t\t\t\t\tlayout          : \"boxed\",\n\t\t\t\t\t\twheel           : false,\n\t\t\t\t\t\tautoplay        : true,\n\t\t\t\t\t\tinstantStartLayers:false,\n\t\t\t\t\t\tloop            : true,\n\t\t\t\t\t\tshuffle         : false,\n\t\t\t\t\t\tpreload         : 0,\n\t\t\t\t\t\theightLimit     : true,\n\t\t\t\t\t\tautoHeight      : false,\n\t\t\t\t\t\tsmoothHeight    : true,\n\t\t\t\t\t\tendPause        : false,\n\t\t\t\t\t\toverPause       : true,\n\t\t\t\t\t\tfillMode        : \"fill\",\n\t\t\t\t\t\tcenterControls  : true,\n\t\t\t\t\t\tstartOnAppear   : false,\n\t\t\t\t\t\tlayersMode      : \"center\",\n\t\t\t\t\t\thideLayers      : false,\n\t\t\t\t\t\tfullscreenMargin: 0,\n\t\t\t\t\t\tspeed           : 20,\n\t\t\t\t\t\tdir             : \"h\",\n\t\t\t\t\t\tparallaxMode    : 'swipe',\n\t\t\t\t\t\tview            : \"basic\"\n\t\t\t\t});\n\n\t\t\t\t\n\t\t\t\twindow.masterslider_instances = window.masterslider_instances || [];\n\t\t\t\twindow.masterslider_instances.push( masterslider_ab86 );\n\t\t\t });\n\n\t\t})(jQuery);\n\t\t<\/script>\n\n<\/p>\n<p class=\"p1\">Als Hundebesitzer wissen wir wie schwer es mitunter sein kann, eine passende Unterkunft zu finden. Daher gehen wir mit guten Beispiel voran und geben unser Bestes die perfekte Unterkunft f\u00fcr Sie und Ihr Haustier anbieten zu k\u00f6nnen.<\/p>\n<p><iframe width=\"1080\" height=\"608\" src=\"https:\/\/www.youtube.com\/embed\/3jKNhmo7dL4?feature=oembed\" frameborder=\"0\" allowfullscreen><\/iframe><\/p>\n<div id=\"attachment_3095\" style=\"width: 310px\" class=\"wp-caption alignleft\"><img aria-describedby=\"caption-attachment-3095\" loading=\"lazy\" class=\"wp-image-3095 size-medium\" src=\"http:\/\/maisonbroche.com\/wp-content\/uploads\/2016\/12\/DSCF0202-300x225.jpg\" width=\"300\" height=\"225\" \/><p id=\"caption-attachment-3095\" class=\"wp-caption-text\">Bibi<\/p><\/div>\n<p class=\"p1\">Wir hatten unser ganzes Leben \u00fcber Tiere und sind erfahrene Hunde und Katzen Besitzer. Bei uns ist es Tradition, dass der Name eines Tieres mit dem Buchstaben \u201eB\u201c anf\u00e4ngt. So konnten wir uns bisher an\u00a0Ben, Bibi, Bea, Bondi, Basil &amp; Bali erfreuen.<br \/>\nViele Jahre lang haben wir die Reise von Co.Wicklow in Irland nach Cornillon mit unserem Hund Bibi unternommen. Sie hat mit uns allerlei Familienurlaube genossen und liebte es die Region von Cornillon zu durchstreifen. Unsere Unterk\u00fcnfte bieten f\u00fcr jede Art von Hund und Katze die passende Umgebung. Mitten in den Weinbergen gelegen ist die Umgebung von Wegen und Pfaden durchzogen, die zu langen Spazierg\u00e4ngen und Wanderungen einladen. Die naheliegenden D\u00f6rfer Goudargues und Cornillon haben hundefreundliche Cafes und Restaurants anzubieten und liefern eine ideale Gelegenheit, um inne zu halten und die Welt um sich herum vorbei ziehen zu lassen.<\/p>\n<p><iframe width=\"1080\" height=\"608\" src=\"https:\/\/www.youtube.com\/embed\/pGS1RwE0sRQ?feature=oembed\" frameborder=\"0\" allowfullscreen><\/iframe><\/p>\n<p class=\"p1\">Unser jetziger Hund, Bono, ist jetzt DEO, Dog Executive Officer, und f\u00fcr alle Hunde Angelegenheiten im Hause Maison Broche et Clos Neuf<span class=\"Apple-converted-space\">\u00a0 <\/span>zust\u00e4ndig. Wie ihr auf dem Bild sehen k\u00f6nnt nimmt er seine Aufgabe sehr ernst!<\/p>\n<div id=\"attachment_3094\" style=\"width: 310px\" class=\"wp-caption alignright\"><img aria-describedby=\"caption-attachment-3094\" loading=\"lazy\" class=\"wp-image-3094 size-medium\" src=\"http:\/\/maisonbroche.com\/wp-content\/uploads\/2016\/12\/Bono-K\u00f6ln-Fen-2016-300x225.jpg\" width=\"300\" height=\"225\" \/><p id=\"caption-attachment-3094\" class=\"wp-caption-text\">Bono<\/p><\/div>\n<p class=\"p1\">Es\u00a0gibt allerhand Punkte, die verdeutlichen wie\u00a0tierfreundlich wir sind:<\/p>\n<ul class=\"ul1\">\n<li class=\"li1\">Die Besitzer (die Krieger Familie) lieben einfach Tiere<\/li>\n<li class=\"li1\">Ein erfahrener mehrsprachiger Tierarzt ist f\u00fcr den Notfall in der N\u00e4he<\/li>\n<li class=\"li1\">Wir sind umgeben von G\u00e4rten und der Natur<\/li>\n<li class=\"li1\">Gro\u00dfes eingez\u00e4untes Gel\u00e4nde<\/li>\n<li class=\"li1\">Ein eingez\u00e4unter Swimming Pool<\/li>\n<li class=\"li1\">Wir als Hundebesitzer haben zudem beim Anlegen der Gr\u00fcnfl\u00e4che darauf geachtet, dass keine giftigen Pflanzen auf dem Gel\u00e4nde wachsen<\/li>\n<li class=\"li1\">Gen\u00fcgend schattige Pl\u00e4tze in der Ferienanlage spenden Ihrem Tier\u00a0auch an hei\u00dfen Tagen ausreichend Abk\u00fchlung<\/li>\n<li class=\"li1\">Ruhige Lage der Ferienunterk\u00fcnfte weit weg von L\u00e4rm und\u00a0Stress<\/li>\n<li class=\"li1\">Umgeben von Wegen und Pfaden, die zu Spazierg\u00e4ngen und Wanderungen mit Ihrem Tier einladen<\/li>\n<li class=\"li1\">Der Fluss \u201eCeze\u201c liegt in der N\u00e4he und bietet f\u00fcr Mensch und Hund eine Abk\u00fchlung an hei\u00dfen Tagen<\/li>\n<li class=\"li1\">Gratis Dog-Sitting-Service<\/li>\n<li class=\"li1\">Viele lokale\u00a0Caf\u00e9s und Restaurants sind au\u00dferdem tierfreundlich eingestellt<\/li>\n<\/ul>\n<p>&nbsp;<\/p>\n<p class=\"p1\">\n<p>[\/et_pb_text][\/et_pb_column_inner][\/et_pb_row_inner][\/et_pb_column][et_pb_column type=&#8221;1_4&#8243;][et_pb_sidebar admin_label=&#8221;Sidebar&#8221; orientation=&#8221;left&#8221; area=&#8221;et_pb_widget_area_4&#8243; background_layout=&#8221;light&#8221; remove_border=&#8221;off&#8221;] [\/et_pb_sidebar][\/et_pb_column][\/et_pb_section]<\/p>\n","protected":false},"excerpt":{"rendered":"<p>[et_pb_section admin_label=&#8221;Section&#8221; fullwidth=&#8221;off&#8221; specialty=&#8221;off&#8221; transparent_background=&#8221;off&#8221; background_color=&#8221;#9480bb&#8221; allow_player_pause=&#8221;off&#8221; inner_shadow=&#8221;off&#8221; parallax=&#8221;off&#8221; parallax_method=&#8221;off&#8221; padding_mobile=&#8221;off&#8221; make_fullwidth=&#8221;off&#8221; use_custom_width=&#8221;off&#8221; width_unit=&#8221;on&#8221; make_equal=&#8221;off&#8221; use_custom_gutter=&#8221;off&#8221; custom_padding=&#8221;0px||0px|&#8221;][et_pb_row admin_label=&#8221;Row&#8221; make_fullwidth=&#8221;on&#8221; use_custom_width=&#8221;off&#8221; width_unit=&#8221;on&#8221; use_custom_gutter=&#8221;off&#8221; padding_mobile=&#8221;off&#8221; background_color=&#8221;#9480bb&#8221; allow_player_pause=&#8221;off&#8221; parallax=&#8221;off&#8221; parallax_method=&#8221;off&#8221; make_equal=&#8221;off&#8221; parallax_1=&#8221;off&#8221; parallax_method_1=&#8221;off&#8221; column_padding_mobile=&#8221;on&#8221; custom_padding=&#8221;5px||5px|&#8221;][et_pb_column type=&#8221;4_4&#8243;][et_pb_text admin_label=&#8221;Hunde &amp; Tiere willkommen&#8221; background_layout=&#8221;dark&#8221; text_orientation=&#8221;center&#8221; use_border_color=&#8221;off&#8221; border_color=&#8221;#ffffff&#8221; border_style=&#8221;solid&#8221;] Hunde &amp; Tiere willkommen [\/et_pb_text][\/et_pb_column][\/et_pb_row][\/et_pb_section][et_pb_section admin_label=&#8221;Section&#8221; fullwidth=&#8221;off&#8221; specialty=&#8221;on&#8221;][et_pb_column type=&#8221;3_4&#8243; specialty_columns=&#8221;3&#8243;][et_pb_row_inner admin_label=&#8221;Row&#8221;][et_pb_column_inner type=&#8221;4_4&#8243; saved_specialty_column_type=&#8221;3_4&#8243;][et_pb_text [&hellip;]<\/p>\n","protected":false},"author":1,"featured_media":0,"parent":0,"menu_order":0,"comment_status":"closed","ping_status":"closed","template":"","meta":{"_price":"","_stock":"","_tribe_ticket_header":"","_tribe_default_ticket_provider":"","_tribe_ticket_capacity":"0","_ticket_start_date":"","_ticket_end_date":"","_tribe_ticket_show_description":"","_tribe_ticket_show_not_going":false,"_tribe_ticket_use_global_stock":"","_tribe_ticket_global_stock_level":"","_global_stock_mode":"","_global_stock_cap":"","_tribe_rsvp_for_event":"","_tribe_ticket_going_count":"","_tribe_ticket_not_going_count":"","_tribe_tickets_list":[],"_tribe_ticket_has_attendee_info_fields":false},"_links":{"self":[{"href":"http:\/\/maisonbroche.com\/de\/wp-json\/wp\/v2\/pages\/1765"}],"collection":[{"href":"http:\/\/maisonbroche.com\/de\/wp-json\/wp\/v2\/pages"}],"about":[{"href":"http:\/\/maisonbroche.com\/de\/wp-json\/wp\/v2\/types\/page"}],"author":[{"embeddable":true,"href":"http:\/\/maisonbroche.com\/de\/wp-json\/wp\/v2\/users\/1"}],"replies":[{"embeddable":true,"href":"http:\/\/maisonbroche.com\/de\/wp-json\/wp\/v2\/comments?post=1765"}],"version-history":[{"count":4,"href":"http:\/\/maisonbroche.com\/de\/wp-json\/wp\/v2\/pages\/1765\/revisions"}],"predecessor-version":[{"id":3117,"href":"http:\/\/maisonbroche.com\/de\/wp-json\/wp\/v2\/pages\/1765\/revisions\/3117"}],"wp:attachment":[{"href":"http:\/\/maisonbroche.com\/de\/wp-json\/wp\/v2\/media?parent=1765"}],"curies":[{"name":"wp","href":"https:\/\/api.w.org\/{rel}","templated":true}]}}