{"id":1422,"date":"2015-10-19T15:49:05","date_gmt":"2015-10-19T15:49:05","guid":{"rendered":"http:\/\/maison-broche-clos-neuf.com\/?page_id=1422"},"modified":"2015-10-19T15:49:05","modified_gmt":"2015-10-19T15:49:05","slug":"zusatzliche-merkmale","status":"publish","type":"page","link":"http:\/\/maisonbroche.com\/de\/zusatzliche-merkmale\/","title":{"rendered":"Besonderheiten"},"content":{"rendered":"<p>Im Maison Broche et Clos Neuf bieten wir unseren G\u00e4sten einige Besonderheiten, um ihren Urlaub so komfortabel wie m\u00f6glich zu gestalten und die uns von anderen Anbietern vor Ort unterscheidet. Unser Ziel ist es eine Wohlf\u00fchl-Atmosph\u00e4re zu schaffen, die Ihnen den Komfort von zu Hause im Urlaub liefert. Wenn Sie etwas Spezifisches w\u00fcnschen sollten, dann bitten wir Sie uns bei der Buchung dar\u00fcber zu informieren. Wir tun unser M\u00f6glichstes, um Ihnen perfekte Unterk\u00fcnfte anbieten zu k\u00f6nnen.<\/p>\n<p class=\"p1\">Die ruhige Lage im Gard Provencale garantiert umfassende Erholung im s\u00fcdlichem Ambiente und bietet gen\u00fcgend Auslauffl\u00e4che f\u00fcr Ihren Hund. Auf dem komplett eingez\u00e4unten Gel\u00e4nde kann sich der Hund kontrolliert frei bewegen. Bitte nehmen Sie jedoch eventuell R\u00fccksicht auf weitere G\u00e4ste auf der Anlage. Wir als Hundebesitzer haben zudem beim Anlegen der Gr\u00fcnfl\u00e4che darauf geachtet, dass keine giftigen Pflanzen auf dem Gel\u00e4nde wachsen. Das Klima im Sommer ist gepr\u00e4gt durch viel Sonne und k\u00fchle N\u00e4chte. Gen\u00fcgend schattige Pl\u00e4tze in der Ferienanlage spenden Ihrem Hund auch an hei\u00dfen Tagen ausreichend Abk\u00fchlung. Spazierg\u00e4nge \u00fcber Stock und Stein in den naheliegenden Weinbergen oder ein Bad mit dem Hund in dem 1km entfernten Fluss machen das Gassi-Gehen zu einem einmaligen Erlebnis. Ein Tierarzt im naheliegenden Ort Goudargues (Entfernung etwa 1,5km) kann Ihrem Liebsten auch in Notsituationen helfen. Die ans\u00e4ssigen hundefreundlichen Restaurants, Caf\u00e9s in Goudargues, dem \u201cVenedig des Gards\u201d, erm\u00f6glichen es Ihnen einen gem\u00fctlichen Stadtbummel auch mit Hund durchzuf\u00fchren. Auch finden Sie dort alle notwendigen Gesch\u00e4fte f\u00fcr den t\u00e4glichen Bedarf (B\u00e4cker, Superm\u00e4rkte etc.).<\/p>\n<ul>\n<li>WLAN<\/li>\n<li>Mehrsprachiger Ansprechpartner vor Ort\u00a0(Englisch, Deutsch, Franz\u00f6sisch)<\/li>\n<li>Pers\u00f6nliche Beratung und Unterst\u00fctzung bei der Buchung von Aktivit\u00e4ten in der Umgebung<\/li>\n<li>10 x 4m Swimming Pool<\/li>\n<li>Gemeinschaftsbereich, Terrassensitzpl\u00e4tze mit H\u00e4ngematten und Liegest\u00fchle<\/li>\n<li>Grillpl\u00e4tze<\/li>\n<li>Tischtennis<\/li>\n<li>Kinder- und Kleinkindfreundliche Gestaltung der Anlage<\/li>\n<li>Hochst\u00fchle und Kinderbetten<\/li>\n<li>Bahnhof und Flughafen Transport auf Anfrage<\/li>\n<li>Kr\u00e4uter aus dem eigenen Garten f\u00fcr das Kochen<\/li>\n<li>Voll ausgestatte moderne K\u00fccheneinheiten<\/li>\n<li>Wir stellen Reinigungsprodukte, Toilettenpapier, K\u00fcchenprodukte, Waschmittel\/Weichsp\u00fcler zur Verf\u00fcgung<\/li>\n<li>Handt\u00fccher und Bettw\u00e4schen werden\u00a0auf Anfrage bereit gestellt<\/li>\n<li>Zugang zu Waschmaschinen<\/li>\n<\/ul>\n","protected":false},"excerpt":{"rendered":"<p>Im Maison Broche et Clos Neuf bieten wir unseren G\u00e4sten einige Besonderheiten, um ihren Urlaub so komfortabel wie m\u00f6glich zu gestalten und die uns von anderen Anbietern vor Ort unterscheidet. Unser Ziel ist es eine Wohlf\u00fchl-Atmosph\u00e4re zu schaffen, die Ihnen den Komfort von zu Hause im Urlaub liefert. Wenn Sie etwas Spezifisches w\u00fcnschen sollten, dann [&hellip;]<\/p>\n","protected":false},"author":1,"featured_media":0,"parent":0,"menu_order":0,"comment_status":"closed","ping_status":"closed","template":"","meta":{"_price":"","_stock":"","_tribe_ticket_header":"","_tribe_default_ticket_provider":"","_tribe_ticket_capacity":"0","_ticket_start_date":"","_ticket_end_date":"","_tribe_ticket_show_description":"","_tribe_ticket_show_not_going":false,"_tribe_ticket_use_global_stock":"","_tribe_ticket_global_stock_level":"","_global_stock_mode":"","_global_stock_cap":"","_tribe_rsvp_for_event":"","_tribe_ticket_going_count":"","_tribe_ticket_not_going_count":"","_tribe_tickets_list":[],"_tribe_ticket_has_attendee_info_fields":false},"_links":{"self":[{"href":"http:\/\/maisonbroche.com\/de\/wp-json\/wp\/v2\/pages\/1422"}],"collection":[{"href":"http:\/\/maisonbroche.com\/de\/wp-json\/wp\/v2\/pages"}],"about":[{"href":"http:\/\/maisonbroche.com\/de\/wp-json\/wp\/v2\/types\/page"}],"author":[{"embeddable":true,"href":"http:\/\/maisonbroche.com\/de\/wp-json\/wp\/v2\/users\/1"}],"replies":[{"embeddable":true,"href":"http:\/\/maisonbroche.com\/de\/wp-json\/wp\/v2\/comments?post=1422"}],"version-history":[{"count":0,"href":"http:\/\/maisonbroche.com\/de\/wp-json\/wp\/v2\/pages\/1422\/revisions"}],"wp:attachment":[{"href":"http:\/\/maisonbroche.com\/de\/wp-json\/wp\/v2\/media?parent=1422"}],"curies":[{"name":"wp","href":"https:\/\/api.w.org\/{rel}","templated":true}]}}