{"id":1363,"date":"2015-10-16T10:09:47","date_gmt":"2015-10-16T10:09:47","guid":{"rendered":"http:\/\/maison-broche-clos-neuf.com\/?page_id=1363"},"modified":"2017-01-14T14:15:38","modified_gmt":"2017-01-14T14:15:38","slug":"aktivitaten-im-freien","status":"publish","type":"page","link":"http:\/\/maisonbroche.com\/de\/aktivitaten-im-freien\/","title":{"rendered":"Aktivit\u00e4ten im Freien"},"content":{"rendered":"<p>[et_pb_section admin_label=&#8221;Section&#8221; fullwidth=&#8221;off&#8221; specialty=&#8221;off&#8221; transparent_background=&#8221;off&#8221; background_color=&#8221;#9480bb&#8221; allow_player_pause=&#8221;off&#8221; inner_shadow=&#8221;off&#8221; parallax=&#8221;off&#8221; parallax_method=&#8221;off&#8221; padding_mobile=&#8221;off&#8221; make_fullwidth=&#8221;off&#8221; use_custom_width=&#8221;off&#8221; width_unit=&#8221;on&#8221; make_equal=&#8221;off&#8221; use_custom_gutter=&#8221;off&#8221; custom_padding=&#8221;0px||0px|&#8221;][et_pb_row admin_label=&#8221;Row&#8221; make_fullwidth=&#8221;on&#8221; use_custom_width=&#8221;off&#8221; width_unit=&#8221;on&#8221; use_custom_gutter=&#8221;off&#8221; padding_mobile=&#8221;off&#8221; background_color=&#8221;#9480bb&#8221; allow_player_pause=&#8221;off&#8221; parallax=&#8221;off&#8221; parallax_method=&#8221;off&#8221; make_equal=&#8221;off&#8221; parallax_1=&#8221;off&#8221; parallax_method_1=&#8221;off&#8221; column_padding_mobile=&#8221;on&#8221; custom_padding=&#8221;5px||5px|&#8221;][et_pb_column type=&#8221;4_4&#8243;][et_pb_text admin_label=&#8221;Aktivit\u00e4ten im Freien&#8221; background_layout=&#8221;dark&#8221; text_orientation=&#8221;center&#8221; use_border_color=&#8221;off&#8221; border_color=&#8221;#ffffff&#8221; border_style=&#8221;solid&#8221;]<\/p>\n<h1>Aktivit\u00e4ten im Freien<\/h1>\n<p>[\/et_pb_text][\/et_pb_column][\/et_pb_row][\/et_pb_section][et_pb_section admin_label=&#8221;Section&#8221; fullwidth=&#8221;off&#8221; specialty=&#8221;on&#8221;][et_pb_column type=&#8221;3_4&#8243; specialty_columns=&#8221;3&#8243;][et_pb_row_inner admin_label=&#8221;Row&#8221;][et_pb_column_inner type=&#8221;4_4&#8243; saved_specialty_column_type=&#8221;3_4&#8243;][et_pb_text admin_label=&#8221;Text&#8221; background_layout=&#8221;light&#8221; text_orientation=&#8221;left&#8221; use_border_color=&#8221;off&#8221; border_color=&#8221;#ffffff&#8221; border_style=&#8221;solid&#8221;]<\/p>\n<p style=\"text-align: left;\">Das\u00a0&#8220;Vallee de la Ceze&#8221; bietet eine Vielzahl von Aktivit\u00e4ten neben der traditionellen Weinkultur und das in\u00a0einer wundersch\u00f6nen Landschaft. Hier finden Sie einige der beliebtesten Unternehmungen. Vermissen Sie etwas auf dieser Liste, dann helfen wir Ihnen liebend gern etwas f\u00fcr sie passendes zu arrangieren!<\/p>\n<p style=\"text-align: center;\"><strong>Wandern<\/strong><\/p>\n<p>Die Franzosen\u00a0nehmen ihre Wanderungen sehr ernst und haben tausende von Wanderwegen\u00a0\u00fcber den Languedoc markiert, die meisten mit einer L\u00e4nge zwischen 1 und 3 Stunden. Gemalte Markierungen auf B\u00e4umen und Felsen helfen bei der Orientierung. In den meisten Fremdenverkehrsb\u00fcros in den D\u00f6rfern finden Sie zudem lokale und aktuelle Informationen &#8211; all diese Wanderungen sind in der &#8220;Topo Guides&#8221; (&#8220;Topo-guide des Sentiers de Randonee) aufgef\u00fchrt. Wir bieten Ihnen auch besondere Wanderangebote an.<br \/>\nKlicken Sie <a href=\"http:\/\/maisonbroche.com\/de\/wandern\/\">HIER<\/a> um mehr \u00fcber das Wandern in der Region zu erfahren.<\/p>\n<p style=\"text-align: center;\"><strong>Mountain Biking und\u00a0Fahrradfahren<\/strong><\/p>\n<p>Das Languedoc Garrigue ist\u00a0ein Spielplatz f\u00fcr diejenigen unter Ihnen, die Ihre Fahrr\u00e4der lieber weg vom Asphalt und ab ins Gel\u00e4nde bewegen. Auf\u00a0Wanderwegen durch W\u00e4lder, in die Berge und in den Weinbergen gibt es jede Menge M\u00f6glichkeiten mit dem Rad die Umgebung zu erkunden. Sobald Sie in die Natur\u00a0starten, werden Sie erkennen, dass sich allerhand\u00a0M\u00f6glichkeiten f\u00fcr Sie auftun Neues zu entdecken.<\/p>\n<p>Les Green Bikes Goudargues &#8211;\u00a0<a href=\"http:\/\/www.lesgreenbikes.com\/\">http:\/\/www.lesgreenbikes.com\/<br \/>\n<\/a>Velos de la Ceze &#8211;\u00a0<a href=\"http:\/\/velosgard.wix.com\/velo-delaceze\">http:\/\/velosgard.wix.com\/velo-delaceze<\/a><\/p>\n<p style=\"text-align: center;\"><strong>Wassersport<\/strong><\/p>\n<p style=\"text-align: left;\"><strong>Schwimmen:<br \/>\n<\/strong><\/p>\n<p style=\"text-align: left;\">St. Andre de Roquepertuis<\/p>\n<p><iframe width=\"1080\" height=\"608\" src=\"https:\/\/www.youtube.com\/embed\/wFYSPf9Vv68?feature=oembed\" frameborder=\"0\" allowfullscreen><\/iframe><\/p>\n<p style=\"text-align: left;\">La Roque sur Ceze &#8211;\u00a0<a href=\"http:\/\/www.laroquesurceze-gard.fr\/\">http:\/\/www.laroquesurceze-gard.fr\/<\/a>\u00a0<a href=\"http:\/\/wildswim.com\/cascade-du-sautadet-cze\">http:\/\/wildswim.com\/cascade-du-sautadet-cze<\/a><\/p>\n<p><iframe width=\"1080\" height=\"608\" src=\"https:\/\/www.youtube.com\/embed\/yjJdxLIxnkc?feature=oembed\" frameborder=\"0\" allowfullscreen><\/iframe><\/p>\n<p style=\"text-align: left;\">Montclus &#8211;\u00a0<a href=\"http:\/\/wildswim.com\/montclus\">http:\/\/wildswim.com\/montclus<br \/>\n<\/a>Pont d&#8217;Arc, Ardeche &#8211;\u00a0<a href=\"http:\/\/wildswim.com\/pont-darc-ardeche\">http:\/\/wildswim.com\/pont-darc-ardeche<\/a><\/p>\n<p style=\"text-align: left;\"><strong>Kanuing:<\/strong><br \/>\nAbaca Canoe Ardeche &#8211;\u00a0<a href=\"http:\/\/www.abacacanoe.com\/\">http:\/\/www.abacacanoe.com\/<br \/>\n<\/a>Ardeche Aventure &#8211;\u00a0<a href=\"http:\/\/www.ardeche-aventure-canoe.com\/\">http:\/\/www.ardeche-aventure-canoe.com\/<br \/>\n<\/a>Ceze Canoe &#8211;\u00a0<a href=\"http:\/\/www.ceze-canoe.com\/\">http:\/\/www.ceze-canoe.com\/<br \/>\n<\/a>Goudargues Ceze Canoe &#8211;\u00a0<a href=\"http:\/\/www.goud-canoe.fr\/\">http:\/\/www.goud-canoe.fr\/<\/a><\/p>\n<p><iframe width=\"1080\" height=\"810\" src=\"https:\/\/www.youtube.com\/embed\/o_tgxRiGQ_c?feature=oembed\" frameborder=\"0\" allowfullscreen><\/iframe><\/p>\n<p style=\"text-align: left;\"><strong>Fischen\/Angeln:<br \/>\n<\/strong>Es gibt allerhand\u00a0Angel M\u00f6glichkeiten in der C\u00e8ze und Ard\u00e8che. Beide Fl\u00fcsse sind\u00a0leicht zug\u00e4nglich und k\u00f6nnen \u00fcber gepflegte Wander- und Spazierwege erkundet werden,\u00a0um den perfekten Ort f\u00fcrs Niederlassen zu finden.<\/p>\n<p style=\"text-align: center;\"><strong>Weitere Angebote auch f\u00fcr Abenteuerlustige<\/strong><\/p>\n<p>Erleben Sie einen romantischen Ausflug oder einen ereignisreichen Tag mit der ganzen Familie auf den R\u00fccken der Pferde in dieser wundersch\u00f6nen\u00a0Region. Wir k\u00f6nnen Ihnen daf\u00fcr\u00a0<a href=\"http:\/\/www.laballade-val-de-ceze.fr\/\">La Ballade du Val de Ceze<\/a>\u00a0sehr empfehlen.<\/p>\n<p><iframe width=\"1080\" height=\"608\" src=\"https:\/\/www.youtube.com\/embed\/vZBNuLhTOq0?feature=oembed\" frameborder=\"0\" allowfullscreen><\/iframe><\/p>\n<p>F\u00fcr besonders abenteuerlustige G\u00e4ste bieten sich zip-lining, Klettern und Au\u00dfenseilg\u00e4rten an. Bei\u00a0<a href=\"http:\/\/www.accrochetoiauxbranches.fr\/\">Accroche toi aux Branches<\/a>\u00a0k\u00f6nnen Sie all dies erleben. Eine weitere besonders f\u00fcr Jugendliche unterhaltsame Aktivit\u00e4t ist das Paintball Spielen. Kombinieren Sie doch einfach einen Sightseeing Tag mit einem Abstecher bei\u00a0<a href=\"http:\/\/www.paintballbarjac.com\/\">Paintball Barjak<\/a>.<\/p>\n<p>Die Ardeche &amp; Chassezac sind ber\u00fchmt f\u00fcr Wassersport. Canyoning, Kanuing &amp; Klettern wird angeboten. <a href=\"http:\/\/www.face-sud.com\/\">Face-Sud<\/a>\u00a0bietet verschiedene Tours und Sport-arten und ich kann die nur Empfehlen. Hier ist ein Video von 2 Canyoning tours die ich mit Freunde in 2015 gemacht hab. Die Tours waren La Borne Integrale &amp; Chassezac Integrale.<\/p>\n<p><iframe width=\"1080\" height=\"608\" src=\"https:\/\/www.youtube.com\/embed\/-7nhRtoQvZU?feature=oembed\" frameborder=\"0\" allowfullscreen><\/iframe><\/p>\n<p>[\/et_pb_text][\/et_pb_column_inner][\/et_pb_row_inner][\/et_pb_column][et_pb_column type=&#8221;1_4&#8243;][et_pb_sidebar admin_label=&#8221;Sidebar&#8221; orientation=&#8221;left&#8221; area=&#8221;et_pb_widget_area_4&#8243; background_layout=&#8221;light&#8221; remove_border=&#8221;off&#8221;] [\/et_pb_sidebar][\/et_pb_column][\/et_pb_section]<\/p>\n","protected":false},"excerpt":{"rendered":"<p>[et_pb_section admin_label=&#8221;Section&#8221; fullwidth=&#8221;off&#8221; specialty=&#8221;off&#8221; transparent_background=&#8221;off&#8221; background_color=&#8221;#9480bb&#8221; allow_player_pause=&#8221;off&#8221; inner_shadow=&#8221;off&#8221; parallax=&#8221;off&#8221; parallax_method=&#8221;off&#8221; padding_mobile=&#8221;off&#8221; make_fullwidth=&#8221;off&#8221; use_custom_width=&#8221;off&#8221; width_unit=&#8221;on&#8221; make_equal=&#8221;off&#8221; use_custom_gutter=&#8221;off&#8221; custom_padding=&#8221;0px||0px|&#8221;][et_pb_row admin_label=&#8221;Row&#8221; make_fullwidth=&#8221;on&#8221; use_custom_width=&#8221;off&#8221; width_unit=&#8221;on&#8221; use_custom_gutter=&#8221;off&#8221; padding_mobile=&#8221;off&#8221; background_color=&#8221;#9480bb&#8221; allow_player_pause=&#8221;off&#8221; parallax=&#8221;off&#8221; parallax_method=&#8221;off&#8221; make_equal=&#8221;off&#8221; parallax_1=&#8221;off&#8221; parallax_method_1=&#8221;off&#8221; column_padding_mobile=&#8221;on&#8221; custom_padding=&#8221;5px||5px|&#8221;][et_pb_column type=&#8221;4_4&#8243;][et_pb_text admin_label=&#8221;Aktivit\u00e4ten im Freien&#8221; background_layout=&#8221;dark&#8221; text_orientation=&#8221;center&#8221; use_border_color=&#8221;off&#8221; border_color=&#8221;#ffffff&#8221; border_style=&#8221;solid&#8221;] Aktivit\u00e4ten im Freien [\/et_pb_text][\/et_pb_column][\/et_pb_row][\/et_pb_section][et_pb_section admin_label=&#8221;Section&#8221; fullwidth=&#8221;off&#8221; specialty=&#8221;on&#8221;][et_pb_column type=&#8221;3_4&#8243; specialty_columns=&#8221;3&#8243;][et_pb_row_inner admin_label=&#8221;Row&#8221;][et_pb_column_inner type=&#8221;4_4&#8243; saved_specialty_column_type=&#8221;3_4&#8243;][et_pb_text admin_label=&#8221;Text&#8221; background_layout=&#8221;light&#8221; [&hellip;]<\/p>\n","protected":false},"author":1,"featured_media":0,"parent":0,"menu_order":0,"comment_status":"closed","ping_status":"closed","template":"","meta":{"_price":"","_stock":"","_tribe_ticket_header":"","_tribe_default_ticket_provider":"","_tribe_ticket_capacity":"0","_ticket_start_date":"","_ticket_end_date":"","_tribe_ticket_show_description":"","_tribe_ticket_show_not_going":false,"_tribe_ticket_use_global_stock":"","_tribe_ticket_global_stock_level":"","_global_stock_mode":"","_global_stock_cap":"","_tribe_rsvp_for_event":"","_tribe_ticket_going_count":"","_tribe_ticket_not_going_count":"","_tribe_tickets_list":[],"_tribe_ticket_has_attendee_info_fields":false},"_links":{"self":[{"href":"http:\/\/maisonbroche.com\/de\/wp-json\/wp\/v2\/pages\/1363"}],"collection":[{"href":"http:\/\/maisonbroche.com\/de\/wp-json\/wp\/v2\/pages"}],"about":[{"href":"http:\/\/maisonbroche.com\/de\/wp-json\/wp\/v2\/types\/page"}],"author":[{"embeddable":true,"href":"http:\/\/maisonbroche.com\/de\/wp-json\/wp\/v2\/users\/1"}],"replies":[{"embeddable":true,"href":"http:\/\/maisonbroche.com\/de\/wp-json\/wp\/v2\/comments?post=1363"}],"version-history":[{"count":10,"href":"http:\/\/maisonbroche.com\/de\/wp-json\/wp\/v2\/pages\/1363\/revisions"}],"predecessor-version":[{"id":3269,"href":"http:\/\/maisonbroche.com\/de\/wp-json\/wp\/v2\/pages\/1363\/revisions\/3269"}],"wp:attachment":[{"href":"http:\/\/maisonbroche.com\/de\/wp-json\/wp\/v2\/media?parent=1363"}],"curies":[{"name":"wp","href":"https:\/\/api.w.org\/{rel}","templated":true}]}}