{"id":1209,"date":"2015-09-02T15:00:57","date_gmt":"2015-09-02T15:00:57","guid":{"rendered":"http:\/\/maison-broche-clos-neuf.com\/?page_id=1209"},"modified":"2016-12-16T12:22:15","modified_gmt":"2016-12-16T12:22:15","slug":"goudargues-2","status":"publish","type":"page","link":"http:\/\/maisonbroche.com\/de\/goudargues-2\/","title":{"rendered":"Goudargues"},"content":{"rendered":"<p>[et_pb_section admin_label=&#8221;Section&#8221; fullwidth=&#8221;off&#8221; specialty=&#8221;off&#8221; transparent_background=&#8221;off&#8221; background_color=&#8221;#9480bb&#8221; allow_player_pause=&#8221;off&#8221; inner_shadow=&#8221;off&#8221; parallax=&#8221;off&#8221; parallax_method=&#8221;off&#8221; padding_mobile=&#8221;off&#8221; make_fullwidth=&#8221;off&#8221; use_custom_width=&#8221;off&#8221; width_unit=&#8221;on&#8221; make_equal=&#8221;off&#8221; use_custom_gutter=&#8221;off&#8221; custom_padding=&#8221;0px||0px|&#8221;][et_pb_row admin_label=&#8221;Row&#8221; make_fullwidth=&#8221;on&#8221; use_custom_width=&#8221;off&#8221; width_unit=&#8221;on&#8221; use_custom_gutter=&#8221;off&#8221; padding_mobile=&#8221;off&#8221; background_color=&#8221;#9480bb&#8221; allow_player_pause=&#8221;off&#8221; parallax=&#8221;off&#8221; parallax_method=&#8221;off&#8221; make_equal=&#8221;off&#8221; parallax_1=&#8221;off&#8221; parallax_method_1=&#8221;off&#8221; column_padding_mobile=&#8221;on&#8221; custom_padding=&#8221;5px||5px|&#8221;][et_pb_column type=&#8221;4_4&#8243;][et_pb_text admin_label=&#8221;Goudargues &#8221; background_layout=&#8221;dark&#8221; text_orientation=&#8221;center&#8221; use_border_color=&#8221;off&#8221; border_color=&#8221;#ffffff&#8221; border_style=&#8221;solid&#8221;]<\/p>\n<h1>Goudargues<\/h1>\n<p>[\/et_pb_text][\/et_pb_column][\/et_pb_row][\/et_pb_section][et_pb_section admin_label=&#8221;Section&#8221; fullwidth=&#8221;off&#8221; specialty=&#8221;on&#8221;][et_pb_column type=&#8221;3_4&#8243; specialty_columns=&#8221;3&#8243;][et_pb_row_inner admin_label=&#8221;Row&#8221;][et_pb_column_inner type=&#8221;4_4&#8243; saved_specialty_column_type=&#8221;3_4&#8243;][et_pb_text admin_label=&#8221;Text&#8221; background_layout=&#8221;light&#8221; text_orientation=&#8221;left&#8221; use_border_color=&#8221;off&#8221; border_color=&#8221;#ffffff&#8221; border_style=&#8221;solid&#8221;]<\/p>\n<p>Der Ort Goudargues ist nur 1,5 km von Maison Broche et Clos Neuf entfernt. Der Ort wird auch\u00a0gerne als &#8220;Venise Gardoise&#8221; bezeichnet und bietet alles was man f\u00fcr das\u00a0t\u00e4gliche Leben braucht. Restaurants und Caf\u00e9s s\u00e4u<img loading=\"lazy\" class=\" wp-image-2508 alignright\" src=\"http:\/\/maisonbroche.com\/wp-content\/uploads\/2016\/12\/Goudargues-canal.jpg\" alt=\"\" width=\"515\" height=\"343\" srcset=\"http:\/\/maisonbroche.com\/wp-content\/uploads\/2016\/12\/Goudargues-canal.jpg 640w, http:\/\/maisonbroche.com\/wp-content\/uploads\/2016\/12\/Goudargues-canal-300x200.jpg 300w, http:\/\/maisonbroche.com\/wp-content\/uploads\/2016\/12\/Goudargues-canal-100x67.jpg 100w, http:\/\/maisonbroche.com\/wp-content\/uploads\/2016\/12\/Goudargues-canal-330x220.jpg 330w, http:\/\/maisonbroche.com\/wp-content\/uploads\/2016\/12\/Goudargues-canal-450x300.jpg 450w\" sizes=\"(max-width: 515px) 100vw, 515px\" \/>men die Ufer des Kanals, der durch das Zentrum flie\u00dft und malerisch durch eine Vielzahl von alten B\u00e4umen beschattet wird.<br \/>\nGoudargues geht auf die Gr\u00fcndung einer Abtei im\u00a0Jahre\u00a0800 von den Benediktinerm\u00f6nche von Anian rund um den See von &#8220;Gordanicus&#8221; zur\u00fcck. Dieser See in der N\u00e4he der C\u00e8ze, von dem sich auch der heutige Name ableitet, wird\u00a0von nat\u00fcrlichen Quellen gespeist, deren Wasser\u00a0durch den Kanal des Ortes\u00a0flie\u00dfen. Goudargues bietet\u00a0alle wesentlichen Gesch\u00e4fte und Dienstleistungen des t\u00e4glichen Bedarfs, um sicherzustellen, dass Sie Ihren Urlaub genie\u00dfen k\u00f6nnen.<\/p>\n<ul>\n<li>&#8220;Utile&#8221; Supermarkt<\/li>\n<li>2\u00a0B\u00e4ckereien<\/li>\n<li>Geldautomat<\/li>\n<li>Obst &amp; Gem\u00fcseladen<\/li>\n<li>Touristen B\u00fcro<\/li>\n<li>Eine Vielzahl von\u00a0Gesch\u00e4ften mit regionalen\u00a0Produkten<\/li>\n<li>Kfz-Werkstatt<\/li>\n<li>Arzt<\/li>\n<li>Tierarzt<\/li>\n<li>Spielplatz f\u00fcr Kinder<\/li>\n<li>Gesch\u00e4ft f\u00fcr Fischereibedarf<\/li>\n<\/ul>\n<p><img loading=\"lazy\" class=\"size-full wp-image-2512 alignleft\" src=\"http:\/\/maisonbroche.com\/wp-content\/uploads\/2016\/12\/Les-Volets-Bleus.jpg\" alt=\"\" width=\"450\" height=\"299\" srcset=\"http:\/\/maisonbroche.com\/wp-content\/uploads\/2016\/12\/Les-Volets-Bleus.jpg 450w, http:\/\/maisonbroche.com\/wp-content\/uploads\/2016\/12\/Les-Volets-Bleus-300x199.jpg 300w, http:\/\/maisonbroche.com\/wp-content\/uploads\/2016\/12\/Les-Volets-Bleus-100x66.jpg 100w, http:\/\/maisonbroche.com\/wp-content\/uploads\/2016\/12\/Les-Volets-Bleus-330x220.jpg 330w\" sizes=\"(max-width: 450px) 100vw, 450px\" \/><\/p>\n<p>Goudargues zeichnet sich durch sein breites Angebots an Caf\u00e9s, Bars und Restaurants aus. Typisch f\u00fcr den Lebensstil der Provence wird hier \u00fcberall gerne das Essen, egal\u00a0ob es\u00a0Pizza, Moules-Frites, Entrec\u00f4te oder ein 3-G\u00e4nge-Men\u00fc ist, unter freiem Himmel eingenommen. Eine Liste unserer pers\u00f6nlichen Restaurant Empfehlungen finden Sie\u00a0<a href=\"http:\/\/maisonbroche.com\/de\/restaurantswein\/\">HIER<\/a>.<\/p>\n<p>Jeden Mittwoch ist zudem Markttag in Goudargues. Oliven, K\u00e4se, Wein und vieles mehr werden hier direkt vom Hersteller zum Verkauf angeboten.<\/p>\n<p>[\/et_pb_text][\/et_pb_column_inner][\/et_pb_row_inner][\/et_pb_column][et_pb_column type=&#8221;1_4&#8243;][et_pb_sidebar admin_label=&#8221;Sidebar&#8221; orientation=&#8221;left&#8221; area=&#8221;et_pb_widget_area_4&#8243; background_layout=&#8221;light&#8221; remove_border=&#8221;off&#8221;] [\/et_pb_sidebar][\/et_pb_column][\/et_pb_section]<\/p>\n","protected":false},"excerpt":{"rendered":"<p>[et_pb_section admin_label=&#8221;Section&#8221; fullwidth=&#8221;off&#8221; specialty=&#8221;off&#8221; transparent_background=&#8221;off&#8221; background_color=&#8221;#9480bb&#8221; allow_player_pause=&#8221;off&#8221; inner_shadow=&#8221;off&#8221; parallax=&#8221;off&#8221; parallax_method=&#8221;off&#8221; padding_mobile=&#8221;off&#8221; make_fullwidth=&#8221;off&#8221; use_custom_width=&#8221;off&#8221; width_unit=&#8221;on&#8221; make_equal=&#8221;off&#8221; use_custom_gutter=&#8221;off&#8221; custom_padding=&#8221;0px||0px|&#8221;][et_pb_row admin_label=&#8221;Row&#8221; make_fullwidth=&#8221;on&#8221; use_custom_width=&#8221;off&#8221; width_unit=&#8221;on&#8221; use_custom_gutter=&#8221;off&#8221; padding_mobile=&#8221;off&#8221; background_color=&#8221;#9480bb&#8221; allow_player_pause=&#8221;off&#8221; parallax=&#8221;off&#8221; parallax_method=&#8221;off&#8221; make_equal=&#8221;off&#8221; parallax_1=&#8221;off&#8221; parallax_method_1=&#8221;off&#8221; column_padding_mobile=&#8221;on&#8221; custom_padding=&#8221;5px||5px|&#8221;][et_pb_column type=&#8221;4_4&#8243;][et_pb_text admin_label=&#8221;Goudargues &#8221; background_layout=&#8221;dark&#8221; text_orientation=&#8221;center&#8221; use_border_color=&#8221;off&#8221; border_color=&#8221;#ffffff&#8221; border_style=&#8221;solid&#8221;] Goudargues [\/et_pb_text][\/et_pb_column][\/et_pb_row][\/et_pb_section][et_pb_section admin_label=&#8221;Section&#8221; fullwidth=&#8221;off&#8221; specialty=&#8221;on&#8221;][et_pb_column type=&#8221;3_4&#8243; specialty_columns=&#8221;3&#8243;][et_pb_row_inner admin_label=&#8221;Row&#8221;][et_pb_column_inner type=&#8221;4_4&#8243; saved_specialty_column_type=&#8221;3_4&#8243;][et_pb_text admin_label=&#8221;Text&#8221; background_layout=&#8221;light&#8221; text_orientation=&#8221;left&#8221; use_border_color=&#8221;off&#8221; border_color=&#8221;#ffffff&#8221; [&hellip;]<\/p>\n","protected":false},"author":1,"featured_media":0,"parent":0,"menu_order":0,"comment_status":"closed","ping_status":"closed","template":"","meta":{"_price":"","_stock":"","_tribe_ticket_header":"","_tribe_default_ticket_provider":"","_tribe_ticket_capacity":"0","_ticket_start_date":"","_ticket_end_date":"","_tribe_ticket_show_description":"","_tribe_ticket_show_not_going":false,"_tribe_ticket_use_global_stock":"","_tribe_ticket_global_stock_level":"","_global_stock_mode":"","_global_stock_cap":"","_tribe_rsvp_for_event":"","_tribe_ticket_going_count":"","_tribe_ticket_not_going_count":"","_tribe_tickets_list":[],"_tribe_ticket_has_attendee_info_fields":false},"_links":{"self":[{"href":"http:\/\/maisonbroche.com\/de\/wp-json\/wp\/v2\/pages\/1209"}],"collection":[{"href":"http:\/\/maisonbroche.com\/de\/wp-json\/wp\/v2\/pages"}],"about":[{"href":"http:\/\/maisonbroche.com\/de\/wp-json\/wp\/v2\/types\/page"}],"author":[{"embeddable":true,"href":"http:\/\/maisonbroche.com\/de\/wp-json\/wp\/v2\/users\/1"}],"replies":[{"embeddable":true,"href":"http:\/\/maisonbroche.com\/de\/wp-json\/wp\/v2\/comments?post=1209"}],"version-history":[{"count":6,"href":"http:\/\/maisonbroche.com\/de\/wp-json\/wp\/v2\/pages\/1209\/revisions"}],"predecessor-version":[{"id":3087,"href":"http:\/\/maisonbroche.com\/de\/wp-json\/wp\/v2\/pages\/1209\/revisions\/3087"}],"wp:attachment":[{"href":"http:\/\/maisonbroche.com\/de\/wp-json\/wp\/v2\/media?parent=1209"}],"curies":[{"name":"wp","href":"https:\/\/api.w.org\/{rel}","templated":true}]}}